{"id":10009268,"date":"2022-01-05T14:53:38","date_gmt":"2022-01-05T13:53:38","guid":{"rendered":"https:\/\/www.nexira.com\/glossaire\/"},"modified":"2022-01-05T15:01:20","modified_gmt":"2022-01-05T14:01:20","slug":"infos","status":"publish","type":"page","link":"https:\/\/www.nexira.com\/fr\/infos\/","title":{"rendered":"Glossaire"},"content":{"rendered":"\t\t<div data-elementor-type=\"wp-page\" data-elementor-id=\"10009268\" class=\"elementor elementor-10009268 elementor-10008875\" data-elementor-post-type=\"page\">\n\t\t\t\t\t\t<section class=\"elementor-section elementor-top-section elementor-element elementor-element-2f74263 elementor-section-full_width elementor-section-height-min-height elementor-section-stretched elementor-section-height-default elementor-section-items-middle\" data-id=\"2f74263\" data-element_type=\"section\" data-settings=\"{&quot;stretch_section&quot;:&quot;section-stretched&quot;,&quot;background_background&quot;:&quot;classic&quot;}\">\n\t\t\t\t\t\t<div class=\"elementor-container elementor-column-gap-default\">\n\t\t\t\t\t<div class=\"elementor-column elementor-col-100 elementor-top-column elementor-element elementor-element-8473b0f\" data-id=\"8473b0f\" data-element_type=\"column\">\n\t\t\t<div class=\"elementor-widget-wrap elementor-element-populated\">\n\t\t\t\t\t\t<div class=\"elementor-element elementor-element-11d0b91 elementor-widget elementor-widget-heading\" data-id=\"11d0b91\" data-element_type=\"widget\" data-widget_type=\"heading.default\">\n\t\t\t\t<div class=\"elementor-widget-container\">\n\t\t\t<h1 class=\"elementor-heading-title elementor-size-default\">GLOSSAIRE<\/h1>\t\t<\/div>\n\t\t\t\t<\/div>\n\t\t\t\t\t<\/div>\n\t\t<\/div>\n\t\t\t\t\t<\/div>\n\t\t<\/section>\n\t\t\t\t<section class=\"elementor-section elementor-top-section elementor-element elementor-element-b739ce8 elementor-section-boxed elementor-section-height-default elementor-section-height-default\" data-id=\"b739ce8\" data-element_type=\"section\">\n\t\t\t\t\t\t<div class=\"elementor-container elementor-column-gap-default\">\n\t\t\t\t\t<div class=\"elementor-column elementor-col-33 elementor-top-column elementor-element elementor-element-f829b31\" data-id=\"f829b31\" data-element_type=\"column\">\n\t\t\t<div class=\"elementor-widget-wrap elementor-element-populated\">\n\t\t\t\t\t\t<div class=\"elementor-element elementor-element-e359038 elementor-widget elementor-widget-image\" data-id=\"e359038\" data-element_type=\"widget\" data-widget_type=\"image.default\">\n\t\t\t\t<div class=\"elementor-widget-container\">\n\t\t\t\t\t\t\t\t\t\t\t\t\t\t<a href=\"https:\/\/www.nexira.com\/fr\/nexira-expert-en-emulsifiants\/\">\n\t\t\t\t\t\t\t<img fetchpriority=\"high\" decoding=\"async\" width=\"600\" height=\"481\" src=\"https:\/\/www.nexira.com\/wp-content\/uploads\/2021\/11\/emulsion-600x481.jpg\" class=\"attachment-medium size-medium wp-image-10008752\" alt=\"\" srcset=\"https:\/\/www.nexira.com\/wp-content\/uploads\/2021\/11\/emulsion-600x481.jpg 600w, https:\/\/www.nexira.com\/wp-content\/uploads\/2021\/11\/emulsion.jpg 692w\" sizes=\"(max-width: 600px) 100vw, 600px\" \/>\t\t\t\t\t\t\t\t<\/a>\n\t\t\t\t\t\t\t\t\t\t\t\t\t<\/div>\n\t\t\t\t<\/div>\n\t\t\t\t\t<\/div>\n\t\t<\/div>\n\t\t\t\t<div class=\"elementor-column elementor-col-66 elementor-top-column elementor-element elementor-element-dc93c32\" data-id=\"dc93c32\" data-element_type=\"column\">\n\t\t\t<div class=\"elementor-widget-wrap elementor-element-populated\">\n\t\t\t\t\t\t<div class=\"elementor-element elementor-element-4afd0fd elementor-widget elementor-widget-heading\" data-id=\"4afd0fd\" data-element_type=\"widget\" data-widget_type=\"heading.default\">\n\t\t\t\t<div class=\"elementor-widget-container\">\n\t\t\t<h2 class=\"elementor-heading-title elementor-size-default\"><a href=\"https:\/\/www.nexira.com\/fr\/nexira-expert-en-emulsifiants\/\"><br><br><br><br>La gomme d' acacia, un \u00e9mulsifiant naturel<\/a><\/h2>\t\t<\/div>\n\t\t\t\t<\/div>\n\t\t\t\t\t<\/div>\n\t\t<\/div>\n\t\t\t\t\t<\/div>\n\t\t<\/section>\n\t\t\t\t<section class=\"elementor-section elementor-top-section elementor-element elementor-element-c4b1994 elementor-section-boxed elementor-section-height-default elementor-section-height-default\" data-id=\"c4b1994\" data-element_type=\"section\">\n\t\t\t\t\t\t<div class=\"elementor-container elementor-column-gap-default\">\n\t\t\t\t\t<div class=\"elementor-column elementor-col-33 elementor-top-column elementor-element elementor-element-f5b6c55\" data-id=\"f5b6c55\" data-element_type=\"column\">\n\t\t\t<div class=\"elementor-widget-wrap elementor-element-populated\">\n\t\t\t\t\t\t<div class=\"elementor-element elementor-element-ec5f195 elementor-widget elementor-widget-image\" data-id=\"ec5f195\" data-element_type=\"widget\" data-widget_type=\"image.default\">\n\t\t\t\t<div class=\"elementor-widget-container\">\n\t\t\t\t\t\t\t\t\t\t\t\t\t\t<a href=\"https:\/\/www.nexira.com\/fr\/acacia-ingredient-prebiotique-pour-la-sante-digestive\/\">\n\t\t\t\t\t\t\t<img decoding=\"async\" width=\"600\" height=\"481\" src=\"https:\/\/www.nexira.com\/wp-content\/uploads\/2022\/01\/vignette-600x481.jpg\" class=\"attachment-medium size-medium wp-image-10009263\" alt=\"digtive health\" srcset=\"https:\/\/www.nexira.com\/wp-content\/uploads\/2022\/01\/vignette-600x481.jpg 600w, https:\/\/www.nexira.com\/wp-content\/uploads\/2022\/01\/vignette-1140x914.jpg 1140w, https:\/\/www.nexira.com\/wp-content\/uploads\/2022\/01\/vignette-768x616.jpg 768w, https:\/\/www.nexira.com\/wp-content\/uploads\/2022\/01\/vignette.jpg 1375w\" sizes=\"(max-width: 600px) 100vw, 600px\" \/>\t\t\t\t\t\t\t\t<\/a>\n\t\t\t\t\t\t\t\t\t\t\t\t\t<\/div>\n\t\t\t\t<\/div>\n\t\t\t\t\t<\/div>\n\t\t<\/div>\n\t\t\t\t<div class=\"elementor-column elementor-col-66 elementor-top-column elementor-element elementor-element-cf2607f\" data-id=\"cf2607f\" data-element_type=\"column\">\n\t\t\t<div class=\"elementor-widget-wrap elementor-element-populated\">\n\t\t\t\t\t\t<div class=\"elementor-element elementor-element-bae4f89 elementor-widget elementor-widget-heading\" data-id=\"bae4f89\" data-element_type=\"widget\" data-widget_type=\"heading.default\">\n\t\t\t\t<div class=\"elementor-widget-container\">\n\t\t\t<h2 class=\"elementor-heading-title elementor-size-default\"><a href=\"https:\/\/www.nexira.com\/fr\/acacia-ingredient-prebiotique-pour-la-sante-digestive\/\"><h2 data-elementor-setting-key=\"title\" data-pen-placeholder=\"Type Here...\" style=\"text-align: center;\"><br><br><br><br>L' acacia: l'ingr\u00e9dient pr\u00e9biotique de choix pour la sant\u00e9 digestive<\/h2><\/a><\/h2>\t\t<\/div>\n\t\t\t\t<\/div>\n\t\t\t\t\t<\/div>\n\t\t<\/div>\n\t\t\t\t\t<\/div>\n\t\t<\/section>\n\t\t\t\t<\/div>\n\t\t","protected":false},"excerpt":{"rendered":"<p>GLOSSAIRE La gomme d&rsquo; acacia, un \u00e9mulsifiant naturel L&rsquo; acacia: l&rsquo;ingr\u00e9dient pr\u00e9biotique de choix pour la sant\u00e9 digestive<\/p>\n","protected":false},"author":18,"featured_media":0,"parent":0,"menu_order":0,"comment_status":"closed","ping_status":"closed","template":"","meta":{"_acf_changed":false,"_uag_custom_page_level_css":"","footnotes":""},"class_list":["post-10009268","page","type-page","status-publish","hentry"],"acf":[],"yoast_head":"<!-- This site is optimized with the Yoast SEO plugin v23.4 - https:\/\/yoast.com\/wordpress\/plugins\/seo\/ -->\n<title>Glossaire - Nexira<\/title>\n<meta name=\"description\" content=\"Nexira, leader mondial de l&#039;acacia, offre de nombreuses solutions ingr\u00e9dients pour l&#039;industrie agroalimentaire et celle de la nutraceutique.\" \/>\n<meta name=\"robots\" content=\"index, follow, max-snippet:-1, max-image-preview:large, max-video-preview:-1\" \/>\n<link rel=\"canonical\" href=\"https:\/\/www.nexira.com\/fr\/infos\/\" \/>\n<meta property=\"og:locale\" content=\"fr_FR\" \/>\n<meta property=\"og:type\" content=\"article\" \/>\n<meta property=\"og:title\" content=\"Glossaire - Nexira\" \/>\n<meta property=\"og:description\" content=\"Nexira, leader mondial de l&#039;acacia, offre de nombreuses solutions ingr\u00e9dients pour l&#039;industrie agroalimentaire et celle de la nutraceutique.\" \/>\n<meta property=\"og:url\" content=\"https:\/\/www.nexira.com\/fr\/infos\/\" \/>\n<meta property=\"og:site_name\" content=\"Nexira\" \/>\n<meta property=\"article:modified_time\" content=\"2022-01-05T14:01:20+00:00\" \/>\n<meta property=\"og:image\" content=\"https:\/\/www.nexira.com\/wp-content\/uploads\/2021\/11\/emulsion-600x481.jpg\" \/>\n<meta name=\"twitter:card\" content=\"summary_large_image\" \/>\n<meta name=\"twitter:label1\" content=\"Dur\u00e9e de lecture estim\u00e9e\" \/>\n\t<meta name=\"twitter:data1\" content=\"1 minute\" \/>\n<script type=\"application\/ld+json\" class=\"yoast-schema-graph\">{\"@context\":\"https:\/\/schema.org\",\"@graph\":[{\"@type\":\"WebPage\",\"@id\":\"https:\/\/www.nexira.com\/fr\/infos\/\",\"url\":\"https:\/\/www.nexira.com\/fr\/infos\/\",\"name\":\"Glossaire - Nexira\",\"isPartOf\":{\"@id\":\"https:\/\/www.nexira.com\/#website\"},\"primaryImageOfPage\":{\"@id\":\"https:\/\/www.nexira.com\/fr\/infos\/#primaryimage\"},\"image\":{\"@id\":\"https:\/\/www.nexira.com\/fr\/infos\/#primaryimage\"},\"thumbnailUrl\":\"https:\/\/www.nexira.com\/wp-content\/uploads\/2021\/11\/emulsion-600x481.jpg\",\"datePublished\":\"2022-01-05T13:53:38+00:00\",\"dateModified\":\"2022-01-05T14:01:20+00:00\",\"description\":\"Nexira, leader mondial de l'acacia, offre de nombreuses solutions ingr\u00e9dients pour l'industrie agroalimentaire et celle de la nutraceutique.\",\"breadcrumb\":{\"@id\":\"https:\/\/www.nexira.com\/fr\/infos\/#breadcrumb\"},\"inLanguage\":\"fr-FR\",\"potentialAction\":[{\"@type\":\"ReadAction\",\"target\":[\"https:\/\/www.nexira.com\/fr\/infos\/\"]}]},{\"@type\":\"ImageObject\",\"inLanguage\":\"fr-FR\",\"@id\":\"https:\/\/www.nexira.com\/fr\/infos\/#primaryimage\",\"url\":\"https:\/\/www.nexira.com\/wp-content\/uploads\/2021\/11\/emulsion-600x481.jpg\",\"contentUrl\":\"https:\/\/www.nexira.com\/wp-content\/uploads\/2021\/11\/emulsion-600x481.jpg\"},{\"@type\":\"BreadcrumbList\",\"@id\":\"https:\/\/www.nexira.com\/fr\/infos\/#breadcrumb\",\"itemListElement\":[{\"@type\":\"ListItem\",\"position\":1,\"name\":\"Accueil\",\"item\":\"https:\/\/www.nexira.com\/\"},{\"@type\":\"ListItem\",\"position\":2,\"name\":\"Glossaire\"}]},{\"@type\":\"WebSite\",\"@id\":\"https:\/\/www.nexira.com\/#website\",\"url\":\"https:\/\/www.nexira.com\/\",\"name\":\"Nexira\",\"description\":\"Innovation Inspired by Nature\",\"publisher\":{\"@id\":\"https:\/\/www.nexira.com\/#organization\"},\"potentialAction\":[{\"@type\":\"SearchAction\",\"target\":{\"@type\":\"EntryPoint\",\"urlTemplate\":\"https:\/\/www.nexira.com\/?s={search_term_string}\"},\"query-input\":{\"@type\":\"PropertyValueSpecification\",\"valueRequired\":true,\"valueName\":\"search_term_string\"}}],\"inLanguage\":\"fr-FR\"},{\"@type\":\"Organization\",\"@id\":\"https:\/\/www.nexira.com\/#organization\",\"name\":\"Nexira\",\"url\":\"https:\/\/www.nexira.com\/\",\"logo\":{\"@type\":\"ImageObject\",\"inLanguage\":\"fr-FR\",\"@id\":\"https:\/\/www.nexira.com\/#\/schema\/logo\/image\/\",\"url\":\"https:\/\/www.nexira.com\/wp-content\/uploads\/2020\/05\/logo-nexira.png\",\"contentUrl\":\"https:\/\/www.nexira.com\/wp-content\/uploads\/2020\/05\/logo-nexira.png\",\"width\":362,\"height\":94,\"caption\":\"Nexira\"},\"image\":{\"@id\":\"https:\/\/www.nexira.com\/#\/schema\/logo\/image\/\"}}]}<\/script>\n<!-- \/ Yoast SEO plugin. -->","yoast_head_json":{"title":"Glossaire - Nexira","description":"Nexira, leader mondial de l'acacia, offre de nombreuses solutions ingr\u00e9dients pour l'industrie agroalimentaire et celle de la nutraceutique.","robots":{"index":"index","follow":"follow","max-snippet":"max-snippet:-1","max-image-preview":"max-image-preview:large","max-video-preview":"max-video-preview:-1"},"canonical":"https:\/\/www.nexira.com\/fr\/infos\/","og_locale":"fr_FR","og_type":"article","og_title":"Glossaire - Nexira","og_description":"Nexira, leader mondial de l'acacia, offre de nombreuses solutions ingr\u00e9dients pour l'industrie agroalimentaire et celle de la nutraceutique.","og_url":"https:\/\/www.nexira.com\/fr\/infos\/","og_site_name":"Nexira","article_modified_time":"2022-01-05T14:01:20+00:00","og_image":[{"url":"https:\/\/www.nexira.com\/wp-content\/uploads\/2021\/11\/emulsion-600x481.jpg"}],"twitter_card":"summary_large_image","twitter_misc":{"Dur\u00e9e de lecture estim\u00e9e":"1 minute"},"schema":{"@context":"https:\/\/schema.org","@graph":[{"@type":"WebPage","@id":"https:\/\/www.nexira.com\/fr\/infos\/","url":"https:\/\/www.nexira.com\/fr\/infos\/","name":"Glossaire - Nexira","isPartOf":{"@id":"https:\/\/www.nexira.com\/#website"},"primaryImageOfPage":{"@id":"https:\/\/www.nexira.com\/fr\/infos\/#primaryimage"},"image":{"@id":"https:\/\/www.nexira.com\/fr\/infos\/#primaryimage"},"thumbnailUrl":"https:\/\/www.nexira.com\/wp-content\/uploads\/2021\/11\/emulsion-600x481.jpg","datePublished":"2022-01-05T13:53:38+00:00","dateModified":"2022-01-05T14:01:20+00:00","description":"Nexira, leader mondial de l'acacia, offre de nombreuses solutions ingr\u00e9dients pour l'industrie agroalimentaire et celle de la nutraceutique.","breadcrumb":{"@id":"https:\/\/www.nexira.com\/fr\/infos\/#breadcrumb"},"inLanguage":"fr-FR","potentialAction":[{"@type":"ReadAction","target":["https:\/\/www.nexira.com\/fr\/infos\/"]}]},{"@type":"ImageObject","inLanguage":"fr-FR","@id":"https:\/\/www.nexira.com\/fr\/infos\/#primaryimage","url":"https:\/\/www.nexira.com\/wp-content\/uploads\/2021\/11\/emulsion-600x481.jpg","contentUrl":"https:\/\/www.nexira.com\/wp-content\/uploads\/2021\/11\/emulsion-600x481.jpg"},{"@type":"BreadcrumbList","@id":"https:\/\/www.nexira.com\/fr\/infos\/#breadcrumb","itemListElement":[{"@type":"ListItem","position":1,"name":"Accueil","item":"https:\/\/www.nexira.com\/"},{"@type":"ListItem","position":2,"name":"Glossaire"}]},{"@type":"WebSite","@id":"https:\/\/www.nexira.com\/#website","url":"https:\/\/www.nexira.com\/","name":"Nexira","description":"Innovation Inspired by Nature","publisher":{"@id":"https:\/\/www.nexira.com\/#organization"},"potentialAction":[{"@type":"SearchAction","target":{"@type":"EntryPoint","urlTemplate":"https:\/\/www.nexira.com\/?s={search_term_string}"},"query-input":{"@type":"PropertyValueSpecification","valueRequired":true,"valueName":"search_term_string"}}],"inLanguage":"fr-FR"},{"@type":"Organization","@id":"https:\/\/www.nexira.com\/#organization","name":"Nexira","url":"https:\/\/www.nexira.com\/","logo":{"@type":"ImageObject","inLanguage":"fr-FR","@id":"https:\/\/www.nexira.com\/#\/schema\/logo\/image\/","url":"https:\/\/www.nexira.com\/wp-content\/uploads\/2020\/05\/logo-nexira.png","contentUrl":"https:\/\/www.nexira.com\/wp-content\/uploads\/2020\/05\/logo-nexira.png","width":362,"height":94,"caption":"Nexira"},"image":{"@id":"https:\/\/www.nexira.com\/#\/schema\/logo\/image\/"}}]}},"uagb_featured_image_src":{"full":false,"thumbnail":false,"medium":false,"medium_large":false,"large":false,"1536x1536":false,"2048x2048":false,"full_width":false},"uagb_author_info":{"display_name":"Julien Pitras","author_link":"https:\/\/www.nexira.com\/fr\/author\/juline-pitras\/"},"uagb_comment_info":0,"uagb_excerpt":"GLOSSAIRE La gomme d&rsquo; acacia, un \u00e9mulsifiant naturel L&rsquo; acacia: l&rsquo;ingr\u00e9dient pr\u00e9biotique de choix pour la sant\u00e9 digestive","_links":{"self":[{"href":"https:\/\/www.nexira.com\/fr\/wp-json\/wp\/v2\/pages\/10009268"}],"collection":[{"href":"https:\/\/www.nexira.com\/fr\/wp-json\/wp\/v2\/pages"}],"about":[{"href":"https:\/\/www.nexira.com\/fr\/wp-json\/wp\/v2\/types\/page"}],"author":[{"embeddable":true,"href":"https:\/\/www.nexira.com\/fr\/wp-json\/wp\/v2\/users\/18"}],"replies":[{"embeddable":true,"href":"https:\/\/www.nexira.com\/fr\/wp-json\/wp\/v2\/comments?post=10009268"}],"version-history":[{"count":7,"href":"https:\/\/www.nexira.com\/fr\/wp-json\/wp\/v2\/pages\/10009268\/revisions"}],"predecessor-version":[{"id":10009276,"href":"https:\/\/www.nexira.com\/fr\/wp-json\/wp\/v2\/pages\/10009268\/revisions\/10009276"}],"wp:attachment":[{"href":"https:\/\/www.nexira.com\/fr\/wp-json\/wp\/v2\/media?parent=10009268"}],"curies":[{"name":"wp","href":"https:\/\/api.w.org\/{rel}","templated":true}]}}