{"id":3288,"date":"2020-06-29T10:46:56","date_gmt":"2020-06-29T08:46:56","guid":{"rendered":"https:\/\/www.nexira.com\/nexira\/"},"modified":"2024-10-22T15:59:26","modified_gmt":"2024-10-22T13:59:26","slug":"nexira","status":"publish","type":"page","link":"https:\/\/www.nexira.com\/fr\/nexira\/","title":{"rendered":"Nexira"},"content":{"rendered":"\n<section class=\"wp-block-uagb-container uagb-block-f9949e9e alignfull uagb-is-root-container\"><div class=\"uagb-container-inner-blocks-wrap\">\n<section class=\"wp-block-uagb-section uagb-section__wrap uagb-section__background-color uagb-block-36693acf\"><div class=\"uagb-section__overlay\"><\/div><div class=\"uagb-section__inner-wrap\"><div class=\"wp-block-image\">\n<figure class=\"aligncenter size-large is-resized\"><img fetchpriority=\"high\" decoding=\"async\" width=\"599\" height=\"208\" src=\"https:\/\/www.nexira.com\/wp-content\/uploads\/2020\/05\/logo-nexira-full-1.png\" alt=\"\" class=\"wp-image-2032\" style=\"width:300px\"\/><\/figure><\/div>\n\n\n<div style=\"height:20px\" aria-hidden=\"true\" class=\"wp-block-spacer\"><\/div>\n\n\n\n<p>Fond\u00e9 en 1895, <span style=\"color:#245853\" class=\"tadv-color\"><strong>Nexira<\/strong> <\/span>s\u2019engage depuis plus d\u2019un si\u00e8cle \u00e0 fournir des<span style=\"color:#245853\" class=\"tadv-color\"> <strong>ingr\u00e9dients v\u00e9g\u00e9taux naturels et biologiques de tr\u00e8s haute qualit\u00e9<\/strong> <\/span>aux industries agro-alimentaires, de la nutrition et de la sant\u00e9. Notre si\u00e8ge social se situe en France \u00e0 Rouen, et notre pr\u00e9sence rayonne \u00e0 l&rsquo;international dans plus de 80 pays, sur les cinq continents.  <\/p>\n\n\n\n<p>Notre entreprise familiale a b\u00e2ti sa r\u00e9putation en tant que<span style=\"color:#245853\" class=\"tadv-color\"> <strong>leader mondial de l&rsquo;acacia<\/strong><\/span>, un exsudat produit naturellement par les arbres d\u2019acacia. Historiquement impliqu\u00e9 dans la recherche et l\u2019innovation, Nexira n\u2019a cess\u00e9 d\u2019\u00e9tendre son expertise afin d\u2019offrir un <strong><span style=\"color:#245853\" class=\"tadv-color\">large portefeuille d\u2019ingr\u00e9dients naturels<\/span><\/strong>. Notre gamme de produits comprend des <strong><span style=\"color:#245853\" class=\"tadv-color\">ingr\u00e9dients nutritionnels<\/span><\/strong>, des <strong><span style=\"color:#245853\" class=\"tadv-color\">antioxydants<\/span><\/strong>, des<span style=\"color:#245853\" class=\"tadv-color\"> <strong>fibres alimentaires solubles<\/strong><\/span> et \u00e9galement un grand nombre d<span style=\"color:#245853\" class=\"tadv-color\">\u2019<strong>extraits botaniques<\/strong><\/span> <strong><span style=\"color:#245853\" class=\"tadv-color\">fonctionnels <\/span><\/strong>pour une multitude d\u2019applications.<\/p>\n\n\n\n<p>Nexira b\u00e9n\u00e9ficie de <strong><span style=\"color:#245853\" class=\"tadv-color\">3 divisions compl\u00e9mentaires<\/span><\/strong>, assurant une expertise mondiale dans le sourcing de mati\u00e8res premi\u00e8res et offrant des technologies de process sp\u00e9cifiques pour le d\u00e9veloppement de formulations :<\/p>\n\n\n\n<p><\/p>\n\n\n\n<div class=\"wp-block-columns are-vertically-aligned-center is-layout-flex wp-container-core-columns-is-layout-1 wp-block-columns-is-layout-flex\">\n<div class=\"wp-block-column is-vertically-aligned-center is-layout-flow wp-block-column-is-layout-flow\"><div class=\"wp-block-image\">\n<figure class=\"aligncenter size-large is-resized\"><a href=\"https:\/\/www.nexira.com\/fr\/application\/industrie-alimentaire\/\"><img decoding=\"async\" width=\"360\" height=\"130\" src=\"https:\/\/www.nexira.com\/wp-content\/uploads\/2021\/06\/nexira-food-division.jpg\" alt=\"\" class=\"wp-image-7088\" style=\"width:198px;height:70px\"\/><\/a><\/figure><\/div><\/div>\n\n\n\n<div class=\"wp-block-column is-vertically-aligned-center is-layout-flow wp-block-column-is-layout-flow\"><div class=\"wp-block-image\">\n<figure class=\"aligncenter size-large is-resized\"><a href=\"https:\/\/www.nexira.com\/fr\/application\/nutraceutiques-et-sante\/\"><img decoding=\"async\" width=\"359\" height=\"128\" src=\"https:\/\/www.nexira.com\/wp-content\/uploads\/2021\/06\/nexira-health-division.jpg\" alt=\"Nexira health division\" class=\"wp-image-7091\" style=\"width:195px;height:69px\"\/><\/a><\/figure><\/div><\/div>\n\n\n\n<div class=\"wp-block-column is-vertically-aligned-center is-layout-flow wp-block-column-is-layout-flow\"><div class=\"wp-block-image mt-n1\">\n<figure class=\"aligncenter size-large is-resized\"><a href=\"https:\/\/www.nexira.com\/fr\/brand\/starlight\/\"><img loading=\"lazy\" decoding=\"async\" width=\"360\" height=\"129\" src=\"https:\/\/www.nexira.com\/wp-content\/uploads\/2021\/06\/stralight-by-nexira.jpg\" alt=\"\" class=\"wp-image-7094\" style=\"width:212px;height:75px\"\/><\/a><\/figure><\/div><\/div>\n<\/div>\n\n\n\n<div class=\"wp-block-columns are-vertically-aligned-center is-layout-flex wp-container-core-columns-is-layout-2 wp-block-columns-is-layout-flex\">\n<div class=\"wp-block-column is-vertically-aligned-center is-layout-flow wp-block-column-is-layout-flow\">\n<p class=\"has-text-align-center\" style=\"font-size:18px\"><strong><span style=\"color:#245853\" class=\"tadv-color\">Ingr\u00e9dients et solutions pour l&rsquo;industrie agroalimentaire<\/span><\/strong><\/p>\n<\/div>\n\n\n\n<div class=\"wp-block-column is-vertically-aligned-center is-layout-flow wp-block-column-is-layout-flow\">\n<p class=\"has-text-align-center\" style=\"font-size:18px\"><strong><span style=\"color:#245853\" class=\"tadv-color\">Ingr\u00e9dients Premium et extraits botaniques pour la nutraceutique <\/span><\/strong><\/p>\n<\/div>\n\n\n\n<div class=\"wp-block-column is-vertically-aligned-center is-layout-flow wp-block-column-is-layout-flow\">\n<p class=\"has-text-align-center\" style=\"font-size:18px\"><strong><span style=\"color:#245853\" class=\"tadv-color\">Expert dans le sourcing de mati\u00e8res premi\u00e8res<\/span><\/strong><\/p>\n\n\n\n<p><\/p>\n<\/div>\n<\/div>\n\n\n\n<div style=\"height:15px\" aria-hidden=\"true\" class=\"wp-block-spacer\"><\/div>\n\n\n\n<div style=\"height:20px\" aria-hidden=\"true\" class=\"wp-block-spacer\"><\/div>\n<\/div><\/section>\n<\/div><\/section>\n\n\n\n<div style=\"height:50px\" aria-hidden=\"true\" class=\"wp-block-spacer\"><\/div>\n\n\n\n<h2 class=\"wp-block-heading title-lines\">PLONGEZ AU C\u0152UR DE NOTRE HISTOIRE, CULTURE ET SAVOIR-FAIRE<\/h2>\n\n\n    <div id=\"btw_selected_pages-block_bd8629fc213b6171766bb18c76e5329b\" class=\"btw_selected_pages\">\n\t\t<div class=\"grid_cards_pages nb5\">\n\t\t\t\t\t\t\t\t\t\t\t\t\t\n<article class=\"card post-3300 page type-page status-publish has-post-thumbnail hentry\" id=\"post-3300\">\n\t\t\t<figure class=\"card-img\">\n\t\t\t<img loading=\"lazy\" decoding=\"async\" width=\"405\" height=\"600\" src=\"https:\/\/www.nexira.com\/wp-content\/uploads\/2020\/05\/img-know-how-405x600.jpg\" class=\"attachment-medium size-medium wp-image-2061 wp-post-image\" alt=\"scientific know how\" srcset=\"https:\/\/www.nexira.com\/wp-content\/uploads\/2020\/05\/img-know-how-405x600.jpg 405w, https:\/\/www.nexira.com\/wp-content\/uploads\/2020\/05\/img-know-how.jpg 674w\" sizes=\"(max-width: 405px) 100vw, 405px\" \/>\t\t\t\t\t<\/figure>\n\t\t\n\t\t\n\t\t\t\t\t\t<div class=\"card-body\">\n\t\t\t<h3 class=\"card-title\" >Savoir-faire<\/h3>\n\t\t\t\t\t\t\t\t\t\t\t<p class=\"card-excerpt\">Science, technologie <br \/>\r\n&#038; qualit\u00e9 <\/p>\n\t\t\t\t\t\t\t\t\t\t\t\t\t\t<p class=\"card-discover\">Discover more<\/p>\n\t\t\t\t\t<\/div>\n\t<a href=\"https:\/\/www.nexira.com\/fr\/nexira\/savoir-faire\/\" class=\"stretched-link\"><\/a>\n\n\n<\/article><!-- #post-## -->\n\t\t\t\t\t\t\t\t\t\t\t\t\t\n<article class=\"card post-3291 page type-page status-publish has-post-thumbnail hentry\" id=\"post-3291\">\n\t\t\t<figure class=\"card-img\">\n\t\t\t<img loading=\"lazy\" decoding=\"async\" width=\"600\" height=\"365\" src=\"https:\/\/www.nexira.com\/wp-content\/uploads\/2020\/05\/img-history-600x365.jpg\" class=\"attachment-medium size-medium wp-image-2058 wp-post-image\" alt=\"acacia gum expertise\" srcset=\"https:\/\/www.nexira.com\/wp-content\/uploads\/2020\/05\/img-history-600x365.jpg 600w, https:\/\/www.nexira.com\/wp-content\/uploads\/2020\/05\/img-history.jpg 674w\" sizes=\"(max-width: 600px) 100vw, 600px\" \/>\t\t\t\t\t<\/figure>\n\t\t\n\t\t\n\t\t\t\t\t\t<div class=\"card-body\">\n\t\t\t<h3 class=\"card-title\" >Histoire<\/h3>\n\t\t\t\t\t\t\t\t\t\t\t<p class=\"card-excerpt\">Notre chemin parcouru <br \/>\r\ndepuis 1895<\/p>\n\t\t\t\t\t\t\t\t\t\t\t\t\t\t<p class=\"card-discover\">Discover more<\/p>\n\t\t\t\t\t<\/div>\n\t<a href=\"https:\/\/www.nexira.com\/fr\/nexira\/histoire\/\" class=\"stretched-link\"><\/a>\n\n\n<\/article><!-- #post-## -->\n\t\t\t\t\t\t\t\t\t\t\t\t\t\n<article class=\"card post-3303 page type-page status-publish has-post-thumbnail hentry\" id=\"post-3303\">\n\t\t\t<figure class=\"card-img\">\n\t\t\t<img loading=\"lazy\" decoding=\"async\" width=\"600\" height=\"493\" src=\"https:\/\/www.nexira.com\/wp-content\/uploads\/2020\/05\/img-personalized-support-600x493.jpg\" class=\"attachment-medium size-medium wp-image-2064 wp-post-image\" alt=\"\" srcset=\"https:\/\/www.nexira.com\/wp-content\/uploads\/2020\/05\/img-personalized-support-600x493.jpg 600w, https:\/\/www.nexira.com\/wp-content\/uploads\/2020\/05\/img-personalized-support.jpg 674w\" sizes=\"(max-width: 600px) 100vw, 600px\" \/>\t\t\t\t\t<\/figure>\n\t\t\n\t\t\n\t\t\t\t\t\t<div class=\"card-body\">\n\t\t\t<h3 class=\"card-title\" >Accompagnement client<\/h3>\n\t\t\t\t\t\t\t\t\t\t\t<p class=\"card-excerpt\">La collaboration au c\u0153ur de nos priorit\u00e9s  <\/p>\n\t\t\t\t\t\t\t\t\t\t\t\t\t\t<p class=\"card-discover\">Discover more<\/p>\n\t\t\t\t\t<\/div>\n\t<a href=\"https:\/\/www.nexira.com\/fr\/nexira\/accompagnement-client\/\" class=\"stretched-link\"><\/a>\n\n\n<\/article><!-- #post-## -->\n\t\t\t\t\t\t\t\t\t\t\t\t\t\n<article class=\"card post-3295 page type-page status-publish has-post-thumbnail hentry\" id=\"post-3295\">\n\t\t\t<figure class=\"card-img\">\n\t\t\t<img loading=\"lazy\" decoding=\"async\" width=\"600\" height=\"493\" src=\"https:\/\/www.nexira.com\/wp-content\/uploads\/2020\/05\/img-culture-600x493.jpg\" class=\"attachment-medium size-medium wp-image-2055 wp-post-image\" alt=\"culture team\" srcset=\"https:\/\/www.nexira.com\/wp-content\/uploads\/2020\/05\/img-culture-600x493.jpg 600w, https:\/\/www.nexira.com\/wp-content\/uploads\/2020\/05\/img-culture.jpg 674w\" sizes=\"(max-width: 600px) 100vw, 600px\" \/>\t\t\t\t\t<\/figure>\n\t\t\n\t\t\n\t\t\t\t\t\t<div class=\"card-body\">\n\t\t\t<h3 class=\"card-title\" >Vision et mission<\/h3>\n\t\t\t\t\t\t\t\t\t\t\t<p class=\"card-excerpt\">Vision, mission &#038; valeurs<\/p>\n\t\t\t\t\t\t\t\t\t\t\t\t\t\t<p class=\"card-discover\">Discover more<\/p>\n\t\t\t\t\t<\/div>\n\t<a href=\"https:\/\/www.nexira.com\/fr\/nexira\/vision-et-mission\/\" class=\"stretched-link\"><\/a>\n\n\n<\/article><!-- #post-## -->\n\t\t\t\t\t\t\t\t\t\t\t\t\t\n<article class=\"card post-3306 page type-page status-publish has-post-thumbnail hentry\" id=\"post-3306\">\n\t\t\t<figure class=\"card-img\">\n\t\t\t<img loading=\"lazy\" decoding=\"async\" width=\"600\" height=\"365\" src=\"https:\/\/www.nexira.com\/wp-content\/uploads\/2020\/05\/img-join-us-600x365.jpg\" class=\"attachment-medium size-medium wp-image-2067 wp-post-image\" alt=\"teams nexira\" srcset=\"https:\/\/www.nexira.com\/wp-content\/uploads\/2020\/05\/img-join-us-600x365.jpg 600w, https:\/\/www.nexira.com\/wp-content\/uploads\/2020\/05\/img-join-us.jpg 674w\" sizes=\"(max-width: 600px) 100vw, 600px\" \/>\t\t\t\t\t<\/figure>\n\t\t\n\t\t\n\t\t\t\t\t\t<div class=\"card-body\">\n\t\t\t<h3 class=\"card-title\" >Rejoignez-nous<\/h3>\n\t\t\t\t\t\t\t\t\t\t\t<p class=\"card-excerpt\">Prenez part \u00e0 l\u2019aventure<\/p>\n\t\t\t\t\t\t\t\t\t\t\t\t\t\t<p class=\"card-discover\">Discover more<\/p>\n\t\t\t\t\t<\/div>\n\t<a href=\"https:\/\/www.nexira.com\/fr\/nexira\/rejoignez-nous\/\" class=\"stretched-link\"><\/a>\n\n\n<\/article><!-- #post-## -->\n\t\t\t\t\t\t\t\t<\/div>\n    <\/div>\n    \n\n\n<div style=\"height:80px\" aria-hidden=\"true\" class=\"wp-block-spacer\"><\/div>\n\n\n<div id=\"btw_customvideo-block_38e6941ff457cab90e96517751b3761c\" class=\"btw_customvideo alignfull\">\n\t<img loading=\"lazy\" decoding=\"async\" width=\"2560\" height=\"702\" src=\"https:\/\/www.nexira.com\/wp-content\/uploads\/2020\/05\/discover-nexira.jpg\" class=\" wp-image-2183\" alt=\"\" \/>\t<a href=\"https:\/\/www.youtube.com\/watch?v=yXQdSvmWlJM\" class=\"stretched-link\" data-fancybox=\"video\"><\/a>\n\t<div class=\"btw_customvideo__text\">\n\t\t<h2>2min30<br \/>\npour d\u00e9couvrir<br \/>\nNexira<\/h2>\n\t<\/div>\n<\/div>","protected":false},"excerpt":{"rendered":"<p>PLONGEZ AU C\u0152UR DE NOTRE HISTOIRE, CULTURE ET SAVOIR-FAIRE<\/p>\n","protected":false},"author":1,"featured_media":0,"parent":0,"menu_order":0,"comment_status":"closed","ping_status":"closed","template":"","meta":{"_acf_changed":false,"_uag_custom_page_level_css":"","footnotes":""},"class_list":["post-3288","page","type-page","status-publish","hentry"],"acf":[],"yoast_head":"<!-- This site is optimized with the Yoast SEO plugin v23.4 - https:\/\/yoast.com\/wordpress\/plugins\/seo\/ -->\n<title>Nexira - Nexira<\/title>\n<meta name=\"description\" content=\"Leader mondial de la gomme d\u2019acacia, Nexira est sp\u00e9cialis\u00e9 dans la production d\u2019ingr\u00e9dients innovants issus de ressources naturelles et durables...\" \/>\n<meta name=\"robots\" content=\"index, follow, max-snippet:-1, max-image-preview:large, max-video-preview:-1\" \/>\n<link rel=\"canonical\" href=\"https:\/\/www.nexira.com\/fr\/nexira\/\" \/>\n<meta property=\"og:locale\" content=\"fr_FR\" \/>\n<meta property=\"og:type\" content=\"article\" \/>\n<meta property=\"og:title\" content=\"Nexira - Nexira\" \/>\n<meta property=\"og:description\" content=\"Leader mondial de la gomme d\u2019acacia, Nexira est sp\u00e9cialis\u00e9 dans la production d\u2019ingr\u00e9dients innovants issus de ressources naturelles et durables...\" \/>\n<meta property=\"og:url\" content=\"https:\/\/www.nexira.com\/fr\/nexira\/\" \/>\n<meta property=\"og:site_name\" content=\"Nexira\" \/>\n<meta property=\"article:modified_time\" content=\"2024-10-22T13:59:26+00:00\" \/>\n<meta property=\"og:image\" content=\"https:\/\/www.nexira.com\/wp-content\/uploads\/2020\/05\/logo-nexira-full-1.png\" \/>\n<meta name=\"twitter:card\" content=\"summary_large_image\" \/>\n<meta name=\"twitter:label1\" content=\"Dur\u00e9e de lecture estim\u00e9e\" \/>\n\t<meta name=\"twitter:data1\" content=\"2 minutes\" \/>\n<script type=\"application\/ld+json\" class=\"yoast-schema-graph\">{\"@context\":\"https:\/\/schema.org\",\"@graph\":[{\"@type\":\"WebPage\",\"@id\":\"https:\/\/www.nexira.com\/fr\/nexira\/\",\"url\":\"https:\/\/www.nexira.com\/fr\/nexira\/\",\"name\":\"Nexira - Nexira\",\"isPartOf\":{\"@id\":\"https:\/\/www.nexira.com\/#website\"},\"primaryImageOfPage\":{\"@id\":\"https:\/\/www.nexira.com\/fr\/nexira\/#primaryimage\"},\"image\":{\"@id\":\"https:\/\/www.nexira.com\/fr\/nexira\/#primaryimage\"},\"thumbnailUrl\":\"https:\/\/www.nexira.com\/wp-content\/uploads\/2020\/05\/logo-nexira-full-1.png\",\"datePublished\":\"2020-06-29T08:46:56+00:00\",\"dateModified\":\"2024-10-22T13:59:26+00:00\",\"description\":\"Leader mondial de la gomme d\u2019acacia, Nexira est sp\u00e9cialis\u00e9 dans la production d\u2019ingr\u00e9dients innovants issus de ressources naturelles et durables...\",\"breadcrumb\":{\"@id\":\"https:\/\/www.nexira.com\/fr\/nexira\/#breadcrumb\"},\"inLanguage\":\"fr-FR\",\"potentialAction\":[{\"@type\":\"ReadAction\",\"target\":[\"https:\/\/www.nexira.com\/fr\/nexira\/\"]}]},{\"@type\":\"ImageObject\",\"inLanguage\":\"fr-FR\",\"@id\":\"https:\/\/www.nexira.com\/fr\/nexira\/#primaryimage\",\"url\":\"https:\/\/www.nexira.com\/wp-content\/uploads\/2020\/05\/logo-nexira-full-1.png\",\"contentUrl\":\"https:\/\/www.nexira.com\/wp-content\/uploads\/2020\/05\/logo-nexira-full-1.png\"},{\"@type\":\"BreadcrumbList\",\"@id\":\"https:\/\/www.nexira.com\/fr\/nexira\/#breadcrumb\",\"itemListElement\":[{\"@type\":\"ListItem\",\"position\":1,\"name\":\"Accueil\",\"item\":\"https:\/\/www.nexira.com\/\"},{\"@type\":\"ListItem\",\"position\":2,\"name\":\"Nexira\"}]},{\"@type\":\"WebSite\",\"@id\":\"https:\/\/www.nexira.com\/#website\",\"url\":\"https:\/\/www.nexira.com\/\",\"name\":\"Nexira\",\"description\":\"Innovation Inspired by Nature\",\"publisher\":{\"@id\":\"https:\/\/www.nexira.com\/#organization\"},\"potentialAction\":[{\"@type\":\"SearchAction\",\"target\":{\"@type\":\"EntryPoint\",\"urlTemplate\":\"https:\/\/www.nexira.com\/?s={search_term_string}\"},\"query-input\":{\"@type\":\"PropertyValueSpecification\",\"valueRequired\":true,\"valueName\":\"search_term_string\"}}],\"inLanguage\":\"fr-FR\"},{\"@type\":\"Organization\",\"@id\":\"https:\/\/www.nexira.com\/#organization\",\"name\":\"Nexira\",\"url\":\"https:\/\/www.nexira.com\/\",\"logo\":{\"@type\":\"ImageObject\",\"inLanguage\":\"fr-FR\",\"@id\":\"https:\/\/www.nexira.com\/#\/schema\/logo\/image\/\",\"url\":\"https:\/\/www.nexira.com\/wp-content\/uploads\/2020\/05\/logo-nexira.png\",\"contentUrl\":\"https:\/\/www.nexira.com\/wp-content\/uploads\/2020\/05\/logo-nexira.png\",\"width\":362,\"height\":94,\"caption\":\"Nexira\"},\"image\":{\"@id\":\"https:\/\/www.nexira.com\/#\/schema\/logo\/image\/\"}}]}<\/script>\n<!-- \/ Yoast SEO plugin. -->","yoast_head_json":{"title":"Nexira - Nexira","description":"Leader mondial de la gomme d\u2019acacia, Nexira est sp\u00e9cialis\u00e9 dans la production d\u2019ingr\u00e9dients innovants issus de ressources naturelles et durables...","robots":{"index":"index","follow":"follow","max-snippet":"max-snippet:-1","max-image-preview":"max-image-preview:large","max-video-preview":"max-video-preview:-1"},"canonical":"https:\/\/www.nexira.com\/fr\/nexira\/","og_locale":"fr_FR","og_type":"article","og_title":"Nexira - Nexira","og_description":"Leader mondial de la gomme d\u2019acacia, Nexira est sp\u00e9cialis\u00e9 dans la production d\u2019ingr\u00e9dients innovants issus de ressources naturelles et durables...","og_url":"https:\/\/www.nexira.com\/fr\/nexira\/","og_site_name":"Nexira","article_modified_time":"2024-10-22T13:59:26+00:00","og_image":[{"url":"https:\/\/www.nexira.com\/wp-content\/uploads\/2020\/05\/logo-nexira-full-1.png"}],"twitter_card":"summary_large_image","twitter_misc":{"Dur\u00e9e de lecture estim\u00e9e":"2 minutes"},"schema":{"@context":"https:\/\/schema.org","@graph":[{"@type":"WebPage","@id":"https:\/\/www.nexira.com\/fr\/nexira\/","url":"https:\/\/www.nexira.com\/fr\/nexira\/","name":"Nexira - Nexira","isPartOf":{"@id":"https:\/\/www.nexira.com\/#website"},"primaryImageOfPage":{"@id":"https:\/\/www.nexira.com\/fr\/nexira\/#primaryimage"},"image":{"@id":"https:\/\/www.nexira.com\/fr\/nexira\/#primaryimage"},"thumbnailUrl":"https:\/\/www.nexira.com\/wp-content\/uploads\/2020\/05\/logo-nexira-full-1.png","datePublished":"2020-06-29T08:46:56+00:00","dateModified":"2024-10-22T13:59:26+00:00","description":"Leader mondial de la gomme d\u2019acacia, Nexira est sp\u00e9cialis\u00e9 dans la production d\u2019ingr\u00e9dients innovants issus de ressources naturelles et durables...","breadcrumb":{"@id":"https:\/\/www.nexira.com\/fr\/nexira\/#breadcrumb"},"inLanguage":"fr-FR","potentialAction":[{"@type":"ReadAction","target":["https:\/\/www.nexira.com\/fr\/nexira\/"]}]},{"@type":"ImageObject","inLanguage":"fr-FR","@id":"https:\/\/www.nexira.com\/fr\/nexira\/#primaryimage","url":"https:\/\/www.nexira.com\/wp-content\/uploads\/2020\/05\/logo-nexira-full-1.png","contentUrl":"https:\/\/www.nexira.com\/wp-content\/uploads\/2020\/05\/logo-nexira-full-1.png"},{"@type":"BreadcrumbList","@id":"https:\/\/www.nexira.com\/fr\/nexira\/#breadcrumb","itemListElement":[{"@type":"ListItem","position":1,"name":"Accueil","item":"https:\/\/www.nexira.com\/"},{"@type":"ListItem","position":2,"name":"Nexira"}]},{"@type":"WebSite","@id":"https:\/\/www.nexira.com\/#website","url":"https:\/\/www.nexira.com\/","name":"Nexira","description":"Innovation Inspired by Nature","publisher":{"@id":"https:\/\/www.nexira.com\/#organization"},"potentialAction":[{"@type":"SearchAction","target":{"@type":"EntryPoint","urlTemplate":"https:\/\/www.nexira.com\/?s={search_term_string}"},"query-input":{"@type":"PropertyValueSpecification","valueRequired":true,"valueName":"search_term_string"}}],"inLanguage":"fr-FR"},{"@type":"Organization","@id":"https:\/\/www.nexira.com\/#organization","name":"Nexira","url":"https:\/\/www.nexira.com\/","logo":{"@type":"ImageObject","inLanguage":"fr-FR","@id":"https:\/\/www.nexira.com\/#\/schema\/logo\/image\/","url":"https:\/\/www.nexira.com\/wp-content\/uploads\/2020\/05\/logo-nexira.png","contentUrl":"https:\/\/www.nexira.com\/wp-content\/uploads\/2020\/05\/logo-nexira.png","width":362,"height":94,"caption":"Nexira"},"image":{"@id":"https:\/\/www.nexira.com\/#\/schema\/logo\/image\/"}}]}},"uagb_featured_image_src":{"full":false,"thumbnail":false,"medium":false,"medium_large":false,"large":false,"1536x1536":false,"2048x2048":false,"full_width":false},"uagb_author_info":{"display_name":"nutrikeo","author_link":"https:\/\/www.nexira.com\/fr\/author\/nutrikeo\/"},"uagb_comment_info":0,"uagb_excerpt":"PLONGEZ AU C\u0152UR DE NOTRE HISTOIRE, CULTURE ET SAVOIR-FAIRE","_links":{"self":[{"href":"https:\/\/www.nexira.com\/fr\/wp-json\/wp\/v2\/pages\/3288"}],"collection":[{"href":"https:\/\/www.nexira.com\/fr\/wp-json\/wp\/v2\/pages"}],"about":[{"href":"https:\/\/www.nexira.com\/fr\/wp-json\/wp\/v2\/types\/page"}],"author":[{"embeddable":true,"href":"https:\/\/www.nexira.com\/fr\/wp-json\/wp\/v2\/users\/1"}],"replies":[{"embeddable":true,"href":"https:\/\/www.nexira.com\/fr\/wp-json\/wp\/v2\/comments?post=3288"}],"version-history":[{"count":38,"href":"https:\/\/www.nexira.com\/fr\/wp-json\/wp\/v2\/pages\/3288\/revisions"}],"predecessor-version":[{"id":10016601,"href":"https:\/\/www.nexira.com\/fr\/wp-json\/wp\/v2\/pages\/3288\/revisions\/10016601"}],"wp:attachment":[{"href":"https:\/\/www.nexira.com\/fr\/wp-json\/wp\/v2\/media?parent=3288"}],"curies":[{"name":"wp","href":"https:\/\/api.w.org\/{rel}","templated":true}]}}