{"id":3291,"date":"2020-06-29T11:01:04","date_gmt":"2020-06-29T09:01:04","guid":{"rendered":"https:\/\/www.nexira.com\/nexira\/histoire\/"},"modified":"2025-02-14T12:06:10","modified_gmt":"2025-02-14T11:06:10","slug":"histoire","status":"publish","type":"page","link":"https:\/\/www.nexira.com\/fr\/nexira\/histoire\/","title":{"rendered":"Histoire"},"content":{"rendered":"    <div id=\"btw_frise-block_7126bebdf8aa568b9712ec17dc921b8e\" class=\"btw_frise\">\n\t\t\t\t<div class=\"vertical_line\">\n\t\t\t<img fetchpriority=\"high\" decoding=\"async\" width=\"218\" height=\"2560\" src=\"https:\/\/www.nexira.com\/wp-content\/uploads\/2020\/05\/timeline-background.jpg\" class=\"vertical_line__img wp-image-2638\" alt=\"history of Nexira\" \/>\t\t<\/div>\n\t\t\t\t\t<div class=\"btw_frise__intro\">\n\t\t\t\t<h1 class=\"title-lines mb-0\"><span style=\"font-size: 28px;\">AU SERVICE DE LA SANTE ET DE LA NUTRITION<\/span><\/h1>\n<h2 class=\"uppercase\" style=\"text-align: center;\">DEPUIS PLUS D\u2019UN SIECLE<\/h2>\n<p>&nbsp;<\/p>\n<p style=\"text-align: center;\">Pionniers dans la s\u00e9lection d\u2019<span style=\"color: #245853;\"><strong>ingr\u00e9dients naturels<\/strong><\/span> depuis 1895, nos experts parcourent le monde entier \u00e0 la recherche des meilleurs actifs. Parce que la nature est une source d\u2019inspiration et d\u2019exploration pour les industries agroalimentaires et nutraceutiques, nous nous engageons \u00e0 pr\u00e9server la qualit\u00e9 des nutriments et des substances actives naturelles pour fournir le meilleur \u00e0 nos clients.<\/p>\n\t\t\t<\/div>\n\t\t\t\t\t\t<div class=\"row btw_frise__elt btw_frise__elt--1 \">\n\t\t\t\t\n\t\t\t\t\t\t\t\t\n\t\t\t\t<div class=\"btw_frise__elt__date col-sm-4\">\n\t\t\t\t\t1895\t\t\t\t<\/div>\n\t\t\t\t<div class=\"btw_frise__elt__content col-sm-4\">\n\t\t\t\t\t<div class=\"btw_frise__elt__content__inner\">\n\t\t\t\t\t\t\t\t\t\t\t\t\t<h3>Cr\u00e9ation des \u00c9tablissements Charles Dondain<\/h3>\n\t\t\t\t\t\t\t\t\t\t\t\t\t\t<div id=\"frise_collapse_1\" class=\"btw_frise__elt__content__content collapse\"><p>Soci\u00e9t\u00e9 de n\u00e9goce fond\u00e9e \u00e0 Marseille par Charles Dondain importateur et exportateur de mati\u00e8res premi\u00e8res naturelles principalement d&rsquo;origine africaine.<\/p>\n<\/div>\n\t\t\t\t\t\t\t<a href=\"#frise_collapse_1\" data-toggle=\"collapse\" class=\"stretched-link\"><\/a>\n\t\t\t\t\t\t\t<span class=\"btw_frise__elt__content__btn\"><\/span>\n\t\t\t\t\t\t\t\t\t\t\t\t\t<\/div>\n\t\t\t\t<\/div>\n\t\t\t\t\n\t\t\t\t<div class=\"col-sm-4 empty\">&nbsp;<\/div>\n\t\t\t\t\n\t\t\t <\/div>\n\t\t\t\t\t\t<div class=\"row btw_frise__elt btw_frise__elt--2 btw_frise__elt--right\">\n\t\t\t\t\n\t\t\t\t\t\t\t\t\n\t\t\t\t<div class=\"btw_frise__elt__date col-sm-4\">\n\t\t\t\t\t1945\t\t\t\t<\/div>\n\t\t\t\t<div class=\"btw_frise__elt__content col-sm-4\">\n\t\t\t\t\t<div class=\"btw_frise__elt__content__inner\">\n\t\t\t\t\t\t<img decoding=\"async\" width=\"358\" height=\"284\" src=\"https:\/\/www.nexira.com\/wp-content\/uploads\/2020\/05\/logo-iranex.png\" class=\"btw_frise__elt__content__img wp-image-2622\" alt=\"iranex\" \/>\t\t\t\t\t\t\t<div id=\"frise_collapse_2\" class=\"btw_frise__elt__content__content collapse\"><p>Iranex, qui s\u2019est install\u00e9 \u00e0 Rouen en 1975, est devenu un leader mondial dans le d\u00e9veloppement d&rsquo;ingr\u00e9dients texturants naturels pour les industries alimentaires et pharmaceutiques.<\/p>\n<\/div>\n\t\t\t\t\t\t\t<a href=\"#frise_collapse_2\" data-toggle=\"collapse\" class=\"stretched-link\"><\/a>\n\t\t\t\t\t\t\t<span class=\"btw_frise__elt__content__btn\"><\/span>\n\t\t\t\t\t\t\t\t\t\t\t\t\t<\/div>\n\t\t\t\t<\/div>\n\t\t\t\t\n\t\t\t\t<div class=\"col-sm-4 empty\">&nbsp;<\/div>\n\t\t\t\t\n\t\t\t <\/div>\n\t\t\t\t\t\t<div class=\"row btw_frise__elt btw_frise__elt--3 \">\n\t\t\t\t\n\t\t\t\t\t\t\t\t\n\t\t\t\t<div class=\"btw_frise__elt__date col-sm-4\">\n\t\t\t\t\t1987\t\t\t\t<\/div>\n\t\t\t\t<div class=\"btw_frise__elt__content col-sm-4\">\n\t\t\t\t\t<div class=\"btw_frise__elt__content__inner\">\n\t\t\t\t\t\t<img decoding=\"async\" width=\"341\" height=\"197\" src=\"https:\/\/www.nexira.com\/wp-content\/uploads\/2020\/05\/logo-cni.png\" class=\"btw_frise__elt__content__img wp-image-2619\" alt=\"CNI\" \/>\t\t\t\t\t\t\t<div id=\"frise_collapse_3\" class=\"btw_frise__elt__content__content collapse\"><p>Leader mondial de la gomme d\u2019acacia.<\/p>\n<\/div>\n\t\t\t\t\t\t\t<a href=\"#frise_collapse_3\" data-toggle=\"collapse\" class=\"stretched-link\"><\/a>\n\t\t\t\t\t\t\t<span class=\"btw_frise__elt__content__btn\"><\/span>\n\t\t\t\t\t\t\t\t\t\t\t\t\t<\/div>\n\t\t\t\t<\/div>\n\t\t\t\t\n\t\t\t\t<div class=\"col-sm-4 empty\">&nbsp;<\/div>\n\t\t\t\t\n\t\t\t <\/div>\n\t\t\t\t\t\t<div class=\"row btw_frise__elt btw_frise__elt--4 btw_frise__elt--right\">\n\t\t\t\t\n\t\t\t\t\t\t\t\t\n\t\t\t\t<div class=\"btw_frise__elt__date col-sm-4\">\n\t\t\t\t\t1988\t\t\t\t<\/div>\n\t\t\t\t<div class=\"btw_frise__elt__content col-sm-4\">\n\t\t\t\t\t<div class=\"btw_frise__elt__content__inner\">\n\t\t\t\t\t\t\t\t\t\t\t\t\t<h3>L\u2019usine de Serqueux<\/h3>\n\t\t\t\t\t\t\t\t\t\t\t\t\t\t<div id=\"frise_collapse_4\" class=\"btw_frise__elt__content__content collapse\"><p>L&rsquo;entreprise est devenue la premi\u00e8re \u00e0 investir dans la transformation de la gomme d&rsquo;acacia avec l&rsquo;acquisition du site industriel de Serqueux.<\/p>\n<\/div>\n\t\t\t\t\t\t\t<a href=\"#frise_collapse_4\" data-toggle=\"collapse\" class=\"stretched-link\"><\/a>\n\t\t\t\t\t\t\t<span class=\"btw_frise__elt__content__btn\"><\/span>\n\t\t\t\t\t\t\t\t\t\t\t\t\t<\/div>\n\t\t\t\t<\/div>\n\t\t\t\t\n\t\t\t\t<div class=\"col-sm-4 empty\">&nbsp;<\/div>\n\t\t\t\t\n\t\t\t <\/div>\n\t\t\t\t\t\t<div class=\"row btw_frise__elt btw_frise__elt--5 \">\n\t\t\t\t\n\t\t\t\t\t\t\t\t\n\t\t\t\t<div class=\"btw_frise__elt__date col-sm-4\">\n\t\t\t\t\t1997\t\t\t\t<\/div>\n\t\t\t\t<div class=\"btw_frise__elt__content col-sm-4\">\n\t\t\t\t\t<div class=\"btw_frise__elt__content__inner\">\n\t\t\t\t\t\t<img loading=\"lazy\" decoding=\"async\" width=\"506\" height=\"128\" src=\"https:\/\/www.nexira.com\/wp-content\/uploads\/2020\/05\/logo-starlight-nexira.png\" class=\"btw_frise__elt__content__img wp-image-2631\" alt=\"Starlight by Nexira\" \/>\t\t\t\t\t\t\t<div id=\"frise_collapse_5\" class=\"btw_frise__elt__content__content collapse\"><p>Expertise dans l&rsquo;approvisionnement de mati\u00e8res premi\u00e8res naturelles pour les industries alimentaires et de parfumerie.<\/p>\n<\/div>\n\t\t\t\t\t\t\t<a href=\"#frise_collapse_5\" data-toggle=\"collapse\" class=\"stretched-link\"><\/a>\n\t\t\t\t\t\t\t<span class=\"btw_frise__elt__content__btn\"><\/span>\n\t\t\t\t\t\t\t\t\t\t\t\t\t<\/div>\n\t\t\t\t<\/div>\n\t\t\t\t\n\t\t\t\t<div class=\"col-sm-4 empty\">&nbsp;<\/div>\n\t\t\t\t\n\t\t\t <\/div>\n\t\t\t\t\t\t<div class=\"row btw_frise__elt btw_frise__elt--6 btw_frise__elt--right\">\n\t\t\t\t\n\t\t\t\t\t\t\t\t\n\t\t\t\t<div class=\"btw_frise__elt__date col-sm-4\">\n\t\t\t\t\t2008\t\t\t\t<\/div>\n\t\t\t\t<div class=\"btw_frise__elt__content col-sm-4\">\n\t\t\t\t\t<div class=\"btw_frise__elt__content__inner\">\n\t\t\t\t\t\t\t\t\t\t\t\t\t<h3>Laboratoires Bio Serae<\/h3>\n\t\t\t\t\t\t\t\t\t\t\t\t\t\t<div id=\"frise_collapse_6\" class=\"btw_frise__elt__content__content collapse\"><p>Ingr\u00e9dients botaniques haut de gamme pour le march\u00e9 des compl\u00e9ments alimentaires et nutraceutiques.<\/p>\n<\/div>\n\t\t\t\t\t\t\t<a href=\"#frise_collapse_6\" data-toggle=\"collapse\" class=\"stretched-link\"><\/a>\n\t\t\t\t\t\t\t<span class=\"btw_frise__elt__content__btn\"><\/span>\n\t\t\t\t\t\t\t\t\t\t\t\t\t<\/div>\n\t\t\t\t<\/div>\n\t\t\t\t\n\t\t\t\t<div class=\"col-sm-4 empty\">&nbsp;<\/div>\n\t\t\t\t\n\t\t\t <\/div>\n\t\t\t\t\t\t<div class=\"row btw_frise__elt btw_frise__elt--7 \">\n\t\t\t\t\n\t\t\t\t\t\t\t\t\n\t\t\t\t<div class=\"btw_frise__elt__date col-sm-4\">\n\t\t\t\t\t2008\t\t\t\t<\/div>\n\t\t\t\t<div class=\"btw_frise__elt__content col-sm-4\">\n\t\t\t\t\t<div class=\"btw_frise__elt__content__inner\">\n\t\t\t\t\t\t<img loading=\"lazy\" decoding=\"async\" width=\"342\" height=\"308\" src=\"https:\/\/www.nexira.com\/wp-content\/uploads\/2020\/05\/logo-afritec.png\" class=\"btw_frise__elt__content__img wp-image-2616\" alt=\"Afritec Ingredients\" \/>\t\t\t\t\t\t\t<div id=\"frise_collapse_7\" class=\"btw_frise__elt__content__content collapse\"><p>Premi\u00e8re usine de transformation de gomme d&rsquo;acacia sur le continent africain.<\/p>\n<\/div>\n\t\t\t\t\t\t\t<a href=\"#frise_collapse_7\" data-toggle=\"collapse\" class=\"stretched-link\"><\/a>\n\t\t\t\t\t\t\t<span class=\"btw_frise__elt__content__btn\"><\/span>\n\t\t\t\t\t\t\t\t\t\t\t\t\t<\/div>\n\t\t\t\t<\/div>\n\t\t\t\t\n\t\t\t\t<div class=\"col-sm-4 empty\">&nbsp;<\/div>\n\t\t\t\t\n\t\t\t <\/div>\n\t\t\t\t\t\t<div class=\"row btw_frise__elt btw_frise__elt--8 btw_frise__elt--right\">\n\t\t\t\t\n\t\t\t\t\t\t\t\t\n\t\t\t\t<div class=\"btw_frise__elt__date col-sm-4\">\n\t\t\t\t\t2011\t\t\t\t<\/div>\n\t\t\t\t<div class=\"btw_frise__elt__content col-sm-4\">\n\t\t\t\t\t<div class=\"btw_frise__elt__content__inner\">\n\t\t\t\t\t\t<img loading=\"lazy\" decoding=\"async\" width=\"599\" height=\"208\" src=\"https:\/\/www.nexira.com\/wp-content\/uploads\/2020\/05\/logo-nexira-full-1.png\" class=\"btw_frise__elt__content__img wp-image-2032\" alt=\"nexira innovation inspired by nature\" \/>\t\t\t\t\t\t\t<div id=\"frise_collapse_8\" class=\"btw_frise__elt__content__content collapse\"><p>Nouvelle \u00e8re de croissance et de d\u00e9veloppement avec la fusion de toutes les soci\u00e9t\u00e9s sous l&rsquo;identit\u00e9 Nexira.<\/p>\n<\/div>\n\t\t\t\t\t\t\t<a href=\"#frise_collapse_8\" data-toggle=\"collapse\" class=\"stretched-link\"><\/a>\n\t\t\t\t\t\t\t<span class=\"btw_frise__elt__content__btn\"><\/span>\n\t\t\t\t\t\t\t\t\t\t\t\t\t<\/div>\n\t\t\t\t<\/div>\n\t\t\t\t\n\t\t\t\t<div class=\"col-sm-4 empty\">&nbsp;<\/div>\n\t\t\t\t\n\t\t\t <\/div>\n\t\t\t\t\t\t<div class=\"row btw_frise__elt btw_frise__elt--9 \">\n\t\t\t\t\n\t\t\t\t\t\t\t\t\n\t\t\t\t<div class=\"btw_frise__elt__date col-sm-4\">\n\t\t\t\t\t2012\t\t\t\t<\/div>\n\t\t\t\t<div class=\"btw_frise__elt__content col-sm-4\">\n\t\t\t\t\t<div class=\"btw_frise__elt__content__inner\">\n\t\t\t\t\t\t\t\t\t\t\t\t\t<h3>Tournay Biotechnologies<\/h3>\n\t\t\t\t\t\t\t\t\t\t\t\t\t\t<div id=\"frise_collapse_9\" class=\"btw_frise__elt__content__content collapse\"><p>Renforcement de notre savoir-faire dans la purification d&rsquo;extraits botaniques.<\/p>\n<\/div>\n\t\t\t\t\t\t\t<a href=\"#frise_collapse_9\" data-toggle=\"collapse\" class=\"stretched-link\"><\/a>\n\t\t\t\t\t\t\t<span class=\"btw_frise__elt__content__btn\"><\/span>\n\t\t\t\t\t\t\t\t\t\t\t\t\t<\/div>\n\t\t\t\t<\/div>\n\t\t\t\t\n\t\t\t\t<div class=\"col-sm-4 empty\">&nbsp;<\/div>\n\t\t\t\t\n\t\t\t <\/div>\n\t\t\t\t\t\t<div class=\"row btw_frise__elt btw_frise__elt--10 btw_frise__elt--right\">\n\t\t\t\t\n\t\t\t\t\t\t\t\t\n\t\t\t\t<div class=\"btw_frise__elt__date col-sm-4\">\n\t\t\t\t\t2019\t\t\t\t<\/div>\n\t\t\t\t<div class=\"btw_frise__elt__content col-sm-4\">\n\t\t\t\t\t<div class=\"btw_frise__elt__content__inner\">\n\t\t\t\t\t\t\t\t\t\t\t\t\t<h3>Partenariat avec Synthite<\/h3>\n\t\t\t\t\t\t\t\t\t\t\t\t\t\t<div id=\"frise_collapse_10\" class=\"btw_frise__elt__content__content collapse\"><p>Nouvelle tour de s\u00e9chage \u00e0 Maradur, en Inde.<\/p>\n<\/div>\n\t\t\t\t\t\t\t<a href=\"#frise_collapse_10\" data-toggle=\"collapse\" class=\"stretched-link\"><\/a>\n\t\t\t\t\t\t\t<span class=\"btw_frise__elt__content__btn\"><\/span>\n\t\t\t\t\t\t\t\t\t\t\t\t\t<\/div>\n\t\t\t\t<\/div>\n\t\t\t\t\n\t\t\t\t<div class=\"col-sm-4 empty\">&nbsp;<\/div>\n\t\t\t\t\n\t\t\t <\/div>\n\t\t\t\t\t\t<div class=\"row btw_frise__elt btw_frise__elt--11 \">\n\t\t\t\t\n\t\t\t\t\t\t\t\t\n\t\t\t\t<div class=\"btw_frise__elt__date col-sm-4\">\n\t\t\t\t\t2020\t\t\t\t<\/div>\n\t\t\t\t<div class=\"btw_frise__elt__content col-sm-4\">\n\t\t\t\t\t<div class=\"btw_frise__elt__content__inner\">\n\t\t\t\t\t\t\t\t\t\t\t\t\t<h3>125 ans de succ\u00e8s<\/h3>\n\t\t\t\t\t\t\t\t\t\t\t\t<\/div>\n\t\t\t\t<\/div>\n\t\t\t\t\n\t\t\t\t<div class=\"col-sm-4 empty\">&nbsp;<\/div>\n\t\t\t\t\n\t\t\t <\/div>\n\t\t\t\t\t\t<div class=\"row btw_frise__elt btw_frise__elt--12 btw_frise__elt--right\">\n\t\t\t\t\n\t\t\t\t\t\t\t\t\n\t\t\t\t<div class=\"btw_frise__elt__date col-sm-4\">\n\t\t\t\t\t2021\t\t\t\t<\/div>\n\t\t\t\t<div class=\"btw_frise__elt__content col-sm-4\">\n\t\t\t\t\t<div class=\"btw_frise__elt__content__inner\">\n\t\t\t\t\t\t\t\t\t\t\t\t\t<h3>Neutralit\u00e9 carbone<\/h3>\n\t\t\t\t\t\t\t\t\t\t\t\t\t\t<div id=\"frise_collapse_12\" class=\"btw_frise__elt__content__content collapse\"><p>inavea<sup>\u2122 <\/sup>devient la premi\u00e8re marque d\u2019ingr\u00e9dients <a href=\"https:\/\/www.nexira.com\/fr\/engagements\/neutralite-carbone\/\" target=\"_blank\" rel=\"noopener\"><strong>neutres en carbone<\/strong><\/a><\/p>\n<\/div>\n\t\t\t\t\t\t\t<a href=\"#frise_collapse_12\" data-toggle=\"collapse\" class=\"stretched-link\"><\/a>\n\t\t\t\t\t\t\t<span class=\"btw_frise__elt__content__btn\"><\/span>\n\t\t\t\t\t\t\t\t\t\t\t\t\t<\/div>\n\t\t\t\t<\/div>\n\t\t\t\t\n\t\t\t\t<div class=\"col-sm-4 empty\">&nbsp;<\/div>\n\t\t\t\t\n\t\t\t <\/div>\n\t\t\t\t\t\t<div class=\"row btw_frise__elt btw_frise__elt--13 \">\n\t\t\t\t\n\t\t\t\t\t\t\t\t\n\t\t\t\t<div class=\"btw_frise__elt__date col-sm-4\">\n\t\t\t\t\t2021\t\t\t\t<\/div>\n\t\t\t\t<div class=\"btw_frise__elt__content col-sm-4\">\n\t\t\t\t\t<div class=\"btw_frise__elt__content__inner\">\n\t\t\t\t\t\t\t\t\t\t\t\t\t<h3>Nexira acquiert UNIPEKTIN Ingredients AG<\/h3>\n\t\t\t\t\t\t\t<img loading=\"lazy\" decoding=\"async\" width=\"270\" height=\"175\" src=\"https:\/\/www.nexira.com\/wp-content\/uploads\/2021\/11\/unipektin-ingredients_logo-270x175-1.png\" class=\"btw_frise__elt__content__img wp-image-10008984\" alt=\"unipektin\" \/>\t\t\t\t\t\t\t<div id=\"frise_collapse_13\" class=\"btw_frise__elt__content__content collapse\"><p><a href=\"https:\/\/www.nexira.com\/fr\/nexira-acquiert-unipektin-ingredients-ag\/\">Lire le communiqu\u00e9 de presse\u00a0<\/a><\/p>\n<\/div>\n\t\t\t\t\t\t\t<a href=\"#frise_collapse_13\" data-toggle=\"collapse\" class=\"stretched-link\"><\/a>\n\t\t\t\t\t\t\t<span class=\"btw_frise__elt__content__btn\"><\/span>\n\t\t\t\t\t\t\t\t\t\t\t\t\t<\/div>\n\t\t\t\t<\/div>\n\t\t\t\t\n\t\t\t\t<div class=\"col-sm-4 empty\">&nbsp;<\/div>\n\t\t\t\t\n\t\t\t <\/div>\n\t\t\t\t\t\t<div class=\"row btw_frise__elt btw_frise__elt--14 btw_frise__elt--right\">\n\t\t\t\t\n\t\t\t\t\t\t\t\t\n\t\t\t\t<div class=\"btw_frise__elt__date col-sm-4\">\n\t\t\t\t\t2025\t\t\t\t<\/div>\n\t\t\t\t<div class=\"btw_frise__elt__content col-sm-4\">\n\t\t\t\t\t<div class=\"btw_frise__elt__content__inner\">\n\t\t\t\t\t\t\t\t\t\t\t\t\t<h3>130 ans d&rsquo;histoire<\/h3>\n\t\t\t\t\t\t\t<img loading=\"lazy\" decoding=\"async\" width=\"600\" height=\"600\" src=\"https:\/\/www.nexira.com\/wp-content\/uploads\/2025\/02\/design-sans-titre-2025-02-14t115955.741.png\" class=\"btw_frise__elt__content__img wp-image-10017141\" alt=\"\" srcset=\"https:\/\/www.nexira.com\/wp-content\/uploads\/2025\/02\/design-sans-titre-2025-02-14t115955.741.png 600w, https:\/\/www.nexira.com\/wp-content\/uploads\/2025\/02\/design-sans-titre-2025-02-14t115955.741-150x150.png 150w\" sizes=\"(max-width: 600px) 100vw, 600px\" \/>\t\t\t\t\t\t\t<div id=\"frise_collapse_14\" class=\"btw_frise__elt__content__content collapse\"><p>En 2025, le groupe familial Nexira c\u00e9l\u00e8bre fi\u00e8rement ses 130 ans d\u2019histoire ! 130 ans de passion \u00e0 fournir des ingr\u00e9dients naturels toujours plus innovants, issus de pratiques agricoles durables et respectueuses de l\u2019environnement, au service des industries de la sant\u00e9 et de la nutrition.<\/p>\n<\/div>\n\t\t\t\t\t\t\t<a href=\"#frise_collapse_14\" data-toggle=\"collapse\" class=\"stretched-link\"><\/a>\n\t\t\t\t\t\t\t<span class=\"btw_frise__elt__content__btn\"><\/span>\n\t\t\t\t\t\t\t\t\t\t\t\t\t<\/div>\n\t\t\t\t<\/div>\n\t\t\t\t\n\t\t\t\t<div class=\"col-sm-4 empty\">&nbsp;<\/div>\n\t\t\t\t\n\t\t\t <\/div>\n\t\t\t\t\t\n    <\/div>\n    ","protected":false},"excerpt":{"rendered":"<p>Notre chemin parcouru<br \/>\ndepuis 1895<\/p>\n","protected":false},"author":1,"featured_media":2058,"parent":3288,"menu_order":0,"comment_status":"closed","ping_status":"closed","template":"","meta":{"_acf_changed":false,"_uag_custom_page_level_css":"","footnotes":""},"class_list":["post-3291","page","type-page","status-publish","has-post-thumbnail","hentry"],"acf":[],"yoast_head":"<!-- This site is optimized with the Yoast SEO plugin v23.4 - https:\/\/yoast.com\/wordpress\/plugins\/seo\/ -->\n<title>Histoire - Nexira<\/title>\n<meta name=\"description\" content=\"Au service de la nutrition et de la sant\u00e9 depuis plus d&#039;un si\u00e8cle, d\u00e9couvrez le chemin parcouru par Nexira depuis 1895.\" \/>\n<meta name=\"robots\" content=\"index, follow, max-snippet:-1, max-image-preview:large, max-video-preview:-1\" \/>\n<link rel=\"canonical\" href=\"https:\/\/www.nexira.com\/fr\/nexira\/histoire\/\" \/>\n<meta property=\"og:locale\" content=\"fr_FR\" \/>\n<meta property=\"og:type\" content=\"article\" \/>\n<meta property=\"og:title\" content=\"Histoire - Nexira\" \/>\n<meta property=\"og:description\" content=\"Au service de la nutrition et de la sant\u00e9 depuis plus d&#039;un si\u00e8cle, d\u00e9couvrez le chemin parcouru par Nexira depuis 1895.\" \/>\n<meta property=\"og:url\" content=\"https:\/\/www.nexira.com\/fr\/nexira\/histoire\/\" \/>\n<meta property=\"og:site_name\" content=\"Nexira\" \/>\n<meta property=\"article:modified_time\" content=\"2025-02-14T11:06:10+00:00\" \/>\n<meta property=\"og:image\" content=\"https:\/\/www.nexira.com\/wp-content\/uploads\/2020\/05\/img-history.jpg\" \/>\n\t<meta property=\"og:image:width\" content=\"674\" \/>\n\t<meta property=\"og:image:height\" content=\"410\" \/>\n\t<meta property=\"og:image:type\" content=\"image\/jpeg\" \/>\n<meta name=\"twitter:card\" content=\"summary_large_image\" \/>\n<meta name=\"twitter:label1\" content=\"Dur\u00e9e de lecture estim\u00e9e\" \/>\n\t<meta name=\"twitter:data1\" content=\"4 minutes\" \/>\n<script type=\"application\/ld+json\" class=\"yoast-schema-graph\">{\"@context\":\"https:\/\/schema.org\",\"@graph\":[{\"@type\":\"WebPage\",\"@id\":\"https:\/\/www.nexira.com\/fr\/nexira\/histoire\/\",\"url\":\"https:\/\/www.nexira.com\/fr\/nexira\/histoire\/\",\"name\":\"Histoire - Nexira\",\"isPartOf\":{\"@id\":\"https:\/\/www.nexira.com\/#website\"},\"primaryImageOfPage\":{\"@id\":\"https:\/\/www.nexira.com\/fr\/nexira\/histoire\/#primaryimage\"},\"image\":{\"@id\":\"https:\/\/www.nexira.com\/fr\/nexira\/histoire\/#primaryimage\"},\"thumbnailUrl\":\"https:\/\/www.nexira.com\/wp-content\/uploads\/2020\/05\/img-history.jpg\",\"datePublished\":\"2020-06-29T09:01:04+00:00\",\"dateModified\":\"2025-02-14T11:06:10+00:00\",\"description\":\"Au service de la nutrition et de la sant\u00e9 depuis plus d'un si\u00e8cle, d\u00e9couvrez le chemin parcouru par Nexira depuis 1895.\",\"breadcrumb\":{\"@id\":\"https:\/\/www.nexira.com\/fr\/nexira\/histoire\/#breadcrumb\"},\"inLanguage\":\"fr-FR\",\"potentialAction\":[{\"@type\":\"ReadAction\",\"target\":[\"https:\/\/www.nexira.com\/fr\/nexira\/histoire\/\"]}]},{\"@type\":\"ImageObject\",\"inLanguage\":\"fr-FR\",\"@id\":\"https:\/\/www.nexira.com\/fr\/nexira\/histoire\/#primaryimage\",\"url\":\"https:\/\/www.nexira.com\/wp-content\/uploads\/2020\/05\/img-history.jpg\",\"contentUrl\":\"https:\/\/www.nexira.com\/wp-content\/uploads\/2020\/05\/img-history.jpg\",\"width\":674,\"height\":410,\"caption\":\"acacia gum expertise\"},{\"@type\":\"BreadcrumbList\",\"@id\":\"https:\/\/www.nexira.com\/fr\/nexira\/histoire\/#breadcrumb\",\"itemListElement\":[{\"@type\":\"ListItem\",\"position\":1,\"name\":\"Accueil\",\"item\":\"https:\/\/www.nexira.com\/\"},{\"@type\":\"ListItem\",\"position\":2,\"name\":\"Nexira\",\"item\":\"https:\/\/www.nexira.com\/fr\/nexira\/\"},{\"@type\":\"ListItem\",\"position\":3,\"name\":\"Histoire\"}]},{\"@type\":\"WebSite\",\"@id\":\"https:\/\/www.nexira.com\/#website\",\"url\":\"https:\/\/www.nexira.com\/\",\"name\":\"Nexira\",\"description\":\"Innovation Inspired by Nature\",\"publisher\":{\"@id\":\"https:\/\/www.nexira.com\/#organization\"},\"potentialAction\":[{\"@type\":\"SearchAction\",\"target\":{\"@type\":\"EntryPoint\",\"urlTemplate\":\"https:\/\/www.nexira.com\/?s={search_term_string}\"},\"query-input\":{\"@type\":\"PropertyValueSpecification\",\"valueRequired\":true,\"valueName\":\"search_term_string\"}}],\"inLanguage\":\"fr-FR\"},{\"@type\":\"Organization\",\"@id\":\"https:\/\/www.nexira.com\/#organization\",\"name\":\"Nexira\",\"url\":\"https:\/\/www.nexira.com\/\",\"logo\":{\"@type\":\"ImageObject\",\"inLanguage\":\"fr-FR\",\"@id\":\"https:\/\/www.nexira.com\/#\/schema\/logo\/image\/\",\"url\":\"https:\/\/www.nexira.com\/wp-content\/uploads\/2020\/05\/logo-nexira.png\",\"contentUrl\":\"https:\/\/www.nexira.com\/wp-content\/uploads\/2020\/05\/logo-nexira.png\",\"width\":362,\"height\":94,\"caption\":\"Nexira\"},\"image\":{\"@id\":\"https:\/\/www.nexira.com\/#\/schema\/logo\/image\/\"}}]}<\/script>\n<!-- \/ Yoast SEO plugin. -->","yoast_head_json":{"title":"Histoire - Nexira","description":"Au service de la nutrition et de la sant\u00e9 depuis plus d'un si\u00e8cle, d\u00e9couvrez le chemin parcouru par Nexira depuis 1895.","robots":{"index":"index","follow":"follow","max-snippet":"max-snippet:-1","max-image-preview":"max-image-preview:large","max-video-preview":"max-video-preview:-1"},"canonical":"https:\/\/www.nexira.com\/fr\/nexira\/histoire\/","og_locale":"fr_FR","og_type":"article","og_title":"Histoire - Nexira","og_description":"Au service de la nutrition et de la sant\u00e9 depuis plus d'un si\u00e8cle, d\u00e9couvrez le chemin parcouru par Nexira depuis 1895.","og_url":"https:\/\/www.nexira.com\/fr\/nexira\/histoire\/","og_site_name":"Nexira","article_modified_time":"2025-02-14T11:06:10+00:00","og_image":[{"width":674,"height":410,"url":"https:\/\/www.nexira.com\/wp-content\/uploads\/2020\/05\/img-history.jpg","type":"image\/jpeg"}],"twitter_card":"summary_large_image","twitter_misc":{"Dur\u00e9e de lecture estim\u00e9e":"4 minutes"},"schema":{"@context":"https:\/\/schema.org","@graph":[{"@type":"WebPage","@id":"https:\/\/www.nexira.com\/fr\/nexira\/histoire\/","url":"https:\/\/www.nexira.com\/fr\/nexira\/histoire\/","name":"Histoire - Nexira","isPartOf":{"@id":"https:\/\/www.nexira.com\/#website"},"primaryImageOfPage":{"@id":"https:\/\/www.nexira.com\/fr\/nexira\/histoire\/#primaryimage"},"image":{"@id":"https:\/\/www.nexira.com\/fr\/nexira\/histoire\/#primaryimage"},"thumbnailUrl":"https:\/\/www.nexira.com\/wp-content\/uploads\/2020\/05\/img-history.jpg","datePublished":"2020-06-29T09:01:04+00:00","dateModified":"2025-02-14T11:06:10+00:00","description":"Au service de la nutrition et de la sant\u00e9 depuis plus d'un si\u00e8cle, d\u00e9couvrez le chemin parcouru par Nexira depuis 1895.","breadcrumb":{"@id":"https:\/\/www.nexira.com\/fr\/nexira\/histoire\/#breadcrumb"},"inLanguage":"fr-FR","potentialAction":[{"@type":"ReadAction","target":["https:\/\/www.nexira.com\/fr\/nexira\/histoire\/"]}]},{"@type":"ImageObject","inLanguage":"fr-FR","@id":"https:\/\/www.nexira.com\/fr\/nexira\/histoire\/#primaryimage","url":"https:\/\/www.nexira.com\/wp-content\/uploads\/2020\/05\/img-history.jpg","contentUrl":"https:\/\/www.nexira.com\/wp-content\/uploads\/2020\/05\/img-history.jpg","width":674,"height":410,"caption":"acacia gum expertise"},{"@type":"BreadcrumbList","@id":"https:\/\/www.nexira.com\/fr\/nexira\/histoire\/#breadcrumb","itemListElement":[{"@type":"ListItem","position":1,"name":"Accueil","item":"https:\/\/www.nexira.com\/"},{"@type":"ListItem","position":2,"name":"Nexira","item":"https:\/\/www.nexira.com\/fr\/nexira\/"},{"@type":"ListItem","position":3,"name":"Histoire"}]},{"@type":"WebSite","@id":"https:\/\/www.nexira.com\/#website","url":"https:\/\/www.nexira.com\/","name":"Nexira","description":"Innovation Inspired by Nature","publisher":{"@id":"https:\/\/www.nexira.com\/#organization"},"potentialAction":[{"@type":"SearchAction","target":{"@type":"EntryPoint","urlTemplate":"https:\/\/www.nexira.com\/?s={search_term_string}"},"query-input":{"@type":"PropertyValueSpecification","valueRequired":true,"valueName":"search_term_string"}}],"inLanguage":"fr-FR"},{"@type":"Organization","@id":"https:\/\/www.nexira.com\/#organization","name":"Nexira","url":"https:\/\/www.nexira.com\/","logo":{"@type":"ImageObject","inLanguage":"fr-FR","@id":"https:\/\/www.nexira.com\/#\/schema\/logo\/image\/","url":"https:\/\/www.nexira.com\/wp-content\/uploads\/2020\/05\/logo-nexira.png","contentUrl":"https:\/\/www.nexira.com\/wp-content\/uploads\/2020\/05\/logo-nexira.png","width":362,"height":94,"caption":"Nexira"},"image":{"@id":"https:\/\/www.nexira.com\/#\/schema\/logo\/image\/"}}]}},"uagb_featured_image_src":{"full":["https:\/\/www.nexira.com\/wp-content\/uploads\/2020\/05\/img-history.jpg",674,410,false],"thumbnail":["https:\/\/www.nexira.com\/wp-content\/uploads\/2020\/05\/img-history-150x150.jpg",150,150,true],"medium":["https:\/\/www.nexira.com\/wp-content\/uploads\/2020\/05\/img-history-600x365.jpg",600,365,true],"medium_large":["https:\/\/www.nexira.com\/wp-content\/uploads\/2020\/05\/img-history.jpg",674,410,false],"large":["https:\/\/www.nexira.com\/wp-content\/uploads\/2020\/05\/img-history.jpg",674,410,false],"1536x1536":["https:\/\/www.nexira.com\/wp-content\/uploads\/2020\/05\/img-history.jpg",674,410,false],"2048x2048":["https:\/\/www.nexira.com\/wp-content\/uploads\/2020\/05\/img-history.jpg",674,410,false],"full_width":["https:\/\/www.nexira.com\/wp-content\/uploads\/2020\/05\/img-history.jpg",674,410,false]},"uagb_author_info":{"display_name":"nutrikeo","author_link":"https:\/\/www.nexira.com\/fr\/author\/nutrikeo\/"},"uagb_comment_info":0,"uagb_excerpt":"Notre chemin parcouru depuis 1895","_links":{"self":[{"href":"https:\/\/www.nexira.com\/fr\/wp-json\/wp\/v2\/pages\/3291"}],"collection":[{"href":"https:\/\/www.nexira.com\/fr\/wp-json\/wp\/v2\/pages"}],"about":[{"href":"https:\/\/www.nexira.com\/fr\/wp-json\/wp\/v2\/types\/page"}],"author":[{"embeddable":true,"href":"https:\/\/www.nexira.com\/fr\/wp-json\/wp\/v2\/users\/1"}],"replies":[{"embeddable":true,"href":"https:\/\/www.nexira.com\/fr\/wp-json\/wp\/v2\/comments?post=3291"}],"version-history":[{"count":23,"href":"https:\/\/www.nexira.com\/fr\/wp-json\/wp\/v2\/pages\/3291\/revisions"}],"predecessor-version":[{"id":10017145,"href":"https:\/\/www.nexira.com\/fr\/wp-json\/wp\/v2\/pages\/3291\/revisions\/10017145"}],"up":[{"embeddable":true,"href":"https:\/\/www.nexira.com\/fr\/wp-json\/wp\/v2\/pages\/3288"}],"wp:featuredmedia":[{"embeddable":true,"href":"https:\/\/www.nexira.com\/fr\/wp-json\/wp\/v2\/media\/2058"}],"wp:attachment":[{"href":"https:\/\/www.nexira.com\/fr\/wp-json\/wp\/v2\/media?parent=3291"}],"curies":[{"name":"wp","href":"https:\/\/api.w.org\/{rel}","templated":true}]}}