{"id":3295,"date":"2020-06-29T11:05:53","date_gmt":"2020-06-29T09:05:53","guid":{"rendered":"https:\/\/www.nexira.com\/nexira\/vision-et-mission\/"},"modified":"2024-07-18T14:42:17","modified_gmt":"2024-07-18T12:42:17","slug":"vision-et-mission","status":"publish","type":"page","link":"https:\/\/www.nexira.com\/fr\/nexira\/vision-et-mission\/","title":{"rendered":"Vision et mission"},"content":{"rendered":"\n<div style=\"height:25px\" aria-hidden=\"true\" class=\"wp-block-spacer\"><\/div>\n\n\n\n<h1 class=\"title-lines mb-0 wp-block-heading\" style=\"font-size:28px\">CULTURE FAMILIALE<\/h1>\n\n\n\n<h2 class=\"has-text-align-center wp-block-heading\" style=\"font-size:28px\">AMBITION, VISION, MISSIONS ET VALEURS<\/h2>\n\n\n\n<p class=\"has-text-align-center has-normal-font-size\">Depuis 1895, notre \u00e9quipe partage les m\u00eames convictions et engagements.<\/p>\n\n\n\n<section class=\"wp-block-uagb-section uagb-section__wrap uagb-section__background-color alignfull uagb-block-cdecd318\"><div class=\"uagb-section__overlay\"><\/div><div class=\"uagb-section__inner-wrap\">\n<div class=\"wp-block-media-text alignwide is-stacked-on-mobile overflow\" style=\"grid-template-columns:48% auto\"><figure class=\"wp-block-media-text__media\"><img fetchpriority=\"high\" decoding=\"async\" width=\"1025\" height=\"845\" src=\"https:\/\/www.nexira.com\/wp-content\/uploads\/2023\/08\/nexira-global-sales-team.png\" alt=\"\" class=\"wp-image-10012088 size-full\" srcset=\"https:\/\/www.nexira.com\/wp-content\/uploads\/2023\/08\/nexira-global-sales-team.png 1025w, https:\/\/www.nexira.com\/wp-content\/uploads\/2023\/08\/nexira-global-sales-team-600x495.png 600w, https:\/\/www.nexira.com\/wp-content\/uploads\/2023\/08\/nexira-global-sales-team-768x633.png 768w\" sizes=\"(max-width: 1025px) 100vw, 1025px\" \/><\/figure><div class=\"wp-block-media-text__content\">\n<h2 class=\"has-white-color has-text-color wp-block-heading\">VISION &amp; AMBITION<\/h2>\n\n\n\n<p class=\"has-white-color has-text-color\">Poursuivre notre d\u00e9veloppement vers de nouveaux sommets de performance en pr\u00e9servant notre ind\u00e9pendance.<\/p>\n\n\n\n<h2 class=\"has-white-color has-text-color wp-block-heading\">MISSION<\/h2>\n\n\n\n<p class=\"has-white-color has-text-color\"><span style=\"color:#fff\" class=\"tadv-color\">Fournir des ingr\u00e9dients naturels toujours plus innovants, issus de cultures durables et respectueuses de l\u2019environnement, aux industries agro-alimentaires et nutraceutiques<\/span><\/p>\n<\/div><\/div>\n<\/div><\/section>\n\n\n\n<h2 class=\"title-lines wp-block-heading\">VALEURS<\/h2>\n\n\n\n<div class=\"wp-block-columns is-layout-flex wp-container-core-columns-is-layout-1 wp-block-columns-is-layout-flex\">\n<div class=\"wp-block-column is-layout-flow wp-block-column-is-layout-flow\"><div class=\"wp-block-image\">\n<figure class=\"aligncenter size-large is-resized\"><img decoding=\"async\" src=\"https:\/\/www.nexira.com\/wp-content\/uploads\/2020\/05\/icon-passion.png\" alt=\"\" class=\"wp-image-2096\" width=\"125\" height=\"102\"\/><\/figure><\/div>\n\n\n<h2 class=\"has-text-align-center wp-block-heading\">PASSION <\/h2>\n\n\n\n<p>Nous sommes passionn\u00e9s par l\u2019<strong><span style=\"color:#245853\" class=\"tadv-color\">exploration de nouvelles plantes <\/span><\/strong>en vue d\u2019exploiter au mieux ce que la nature a \u00e0 nous offrir. Nous cr\u00e9ons des solutions pour la sant\u00e9 et le bien-\u00eatre, en utilisant de nouveaux extraits botaniques issus de fili\u00e8res agricoles que nous avons d\u00e9couverts.<\/p>\n<\/div>\n\n\n\n<div class=\"wp-block-column is-layout-flow wp-block-column-is-layout-flow\"><div class=\"wp-block-image\">\n<figure class=\"aligncenter size-large is-resized\"><img decoding=\"async\" src=\"https:\/\/www.nexira.com\/wp-content\/uploads\/2020\/05\/icon-innovation.png\" alt=\"\" class=\"wp-image-2099\" width=\"110\" height=\"103\"\/><\/figure><\/div>\n\n\n<h2 class=\"has-text-align-center wp-block-heading\">INNOVATION<\/h2>\n\n\n\n<p>Notre <span style=\"color:#245853\" class=\"tadv-color\"><strong>expertise scientifique<\/strong><\/span> et <strong><span style=\"color:#245853\" class=\"tadv-color\">technologique <\/span><\/strong>associ\u00e9e \u00e0 une connaissance approfondie des tendances de march\u00e9s, nous permet d\u2019offrir de nombreux <strong><span style=\"color:#245853\" class=\"tadv-color\">produits innovants, <\/span><\/strong>avec des ingr\u00e9dients naturels de qualit\u00e9, soutenus par des \u00e9tudes scientifiques et des essais cliniques. <\/p>\n<\/div>\n\n\n\n<div class=\"wp-block-column is-layout-flow wp-block-column-is-layout-flow\"><div class=\"wp-block-image\">\n<figure class=\"aligncenter size-large is-resized\"><img loading=\"lazy\" decoding=\"async\" src=\"https:\/\/www.nexira.com\/wp-content\/uploads\/2020\/05\/icon-reliability.png\" alt=\"\" class=\"wp-image-2102\" width=\"119\" height=\"98\"\/><\/figure><\/div>\n\n\n<h2 class=\"has-text-align-center wp-block-heading\">FIABILIT\u00c9<\/h2>\n\n\n\n<p>Gr\u00e2ce \u00e0 notre exp\u00e9rience s\u00e9culaire et aux <strong><span style=\"color:#245853\" class=\"tadv-color\">partenariats de longue date <\/span><\/strong>entretenus avec des fournisseurs exclusifs \u00e0 travers le monde, nous garantissons une <strong><span style=\"color:#245853\" class=\"tadv-color\">cha\u00eene d\u2019approvisionnement fiable <\/span><\/strong>et un acc\u00e8s ininterrompu aux mati\u00e8res premi\u00e8res, avec une tra\u00e7abilit\u00e9 compl\u00e8te.<\/p>\n<\/div>\n<\/div>\n\n\n\n<div style=\"height:28px\" aria-hidden=\"true\" class=\"wp-block-spacer\"><\/div>\n\n\n\n<div class=\"wp-block-columns is-layout-flex wp-container-core-columns-is-layout-2 wp-block-columns-is-layout-flex\">\n<div class=\"wp-block-column is-vertically-aligned-center is-layout-flow wp-block-column-is-layout-flow\"><div class=\"wp-block-image\">\n<figure class=\"aligncenter size-full is-resized\"><img loading=\"lazy\" decoding=\"async\" src=\"https:\/\/www.nexira.com\/wp-content\/uploads\/2022\/02\/picto-sustainability.png\" alt=\"\" class=\"wp-image-10009438\" width=\"163\" height=\"124\"\/><\/figure><\/div>\n\n\n<h2 class=\"has-text-align-center wp-block-heading\">DEVELOPPEMENT DURABLE<\/h2>\n\n\n\n<p>Nexira est impliqu\u00e9 dans le <span style=\"color: #245853;\"><strong>d\u00e9veloppement durable<\/strong><\/span> depuis plusieurs d\u00e9cennies, particuli\u00e8rement sur la <span style=\"color: #245853;\"><strong>pr\u00e9servation des origines des mati\u00e8res premi\u00e8res naturelles que nous r\u00e9coltons<\/strong><\/span>. Notre engagement quotidien s&rsquo;appuie sur trois actions majeures pour : soutenir le sourcing en construisant des r\u00e9seaux solides d&rsquo;approvisionnement local, g\u00e9rer durablement les ressources naturelles en prot\u00e9geant et en entretenant les zones de r\u00e9colte, porter le d\u00e9veloppement \u00e9conomique et social.<strong><span class=\"tadv-color\" style=\"color: #245853;\">&nbsp;<\/span><\/strong><\/p>\n<\/div>\n\n\n\n<div class=\"wp-block-column is-layout-flow wp-block-column-is-layout-flow\"><div class=\"wp-block-image\">\n<figure class=\"aligncenter size-full is-resized\"><img loading=\"lazy\" decoding=\"async\" src=\"https:\/\/www.nexira.com\/wp-content\/uploads\/2022\/02\/picto-human-capitail-1.png\" alt=\"\" class=\"wp-image-10009447\" width=\"163\" height=\"124\"\/><\/figure><\/div>\n\n\n<h2 class=\"has-text-align-center wp-block-heading\">CAPITAL HUMAIN<\/h2>\n\n\n\n<p>Nexira s&rsquo;engage \u00e0 favoriser le <span style=\"color: #245853;\"><strong>d\u00e9veloppement personnel<\/strong><\/span> et l&rsquo;<span style=\"color: #245853;\"><strong>accomplissement de chacun<\/strong><\/span>. Au-del\u00e0 de promouvoir la diversit\u00e9, nous nous effor\u00e7ons de construire un environnement bienveillant de respect mutuel o\u00f9 chacun peut r\u00e9ussir.<\/p>\n<\/div>\n<\/div>\n\n\n\n<div class=\"wp-block-columns is-layout-flex wp-container-core-columns-is-layout-3 wp-block-columns-is-layout-flex\">\n<div class=\"wp-block-column is-layout-flow wp-block-column-is-layout-flow\"><\/div>\n<\/div>\n","protected":false},"excerpt":{"rendered":"<p>Vision, mission &#038; valeurs<\/p>\n","protected":false},"author":1,"featured_media":2055,"parent":3288,"menu_order":0,"comment_status":"closed","ping_status":"closed","template":"","meta":{"_acf_changed":false,"_uag_custom_page_level_css":"","footnotes":""},"class_list":["post-3295","page","type-page","status-publish","has-post-thumbnail","hentry"],"acf":[],"yoast_head":"<!-- This site is optimized with the Yoast SEO plugin v23.4 - https:\/\/yoast.com\/wordpress\/plugins\/seo\/ -->\n<title>Vision et mission - Nexira<\/title>\n<meta name=\"description\" content=\"Depuis 1895, notre \u00e9quipe partage les m\u00eames convictions et engagements.\" \/>\n<meta name=\"robots\" content=\"index, follow, max-snippet:-1, max-image-preview:large, max-video-preview:-1\" \/>\n<link rel=\"canonical\" href=\"https:\/\/www.nexira.com\/fr\/nexira\/vision-et-mission\/\" \/>\n<meta property=\"og:locale\" content=\"fr_FR\" \/>\n<meta property=\"og:type\" content=\"article\" \/>\n<meta property=\"og:title\" content=\"Vision et mission - Nexira\" \/>\n<meta property=\"og:description\" content=\"Depuis 1895, notre \u00e9quipe partage les m\u00eames convictions et engagements.\" \/>\n<meta property=\"og:url\" content=\"https:\/\/www.nexira.com\/fr\/nexira\/vision-et-mission\/\" \/>\n<meta property=\"og:site_name\" content=\"Nexira\" \/>\n<meta property=\"article:modified_time\" content=\"2024-07-18T12:42:17+00:00\" \/>\n<meta property=\"og:image\" content=\"https:\/\/www.nexira.com\/wp-content\/uploads\/2020\/05\/img-culture.jpg\" \/>\n\t<meta property=\"og:image:width\" content=\"674\" \/>\n\t<meta property=\"og:image:height\" content=\"554\" \/>\n\t<meta property=\"og:image:type\" content=\"image\/jpeg\" \/>\n<meta name=\"twitter:card\" content=\"summary_large_image\" \/>\n<meta name=\"twitter:label1\" content=\"Dur\u00e9e de lecture estim\u00e9e\" \/>\n\t<meta name=\"twitter:data1\" content=\"3 minutes\" \/>\n<script type=\"application\/ld+json\" class=\"yoast-schema-graph\">{\"@context\":\"https:\/\/schema.org\",\"@graph\":[{\"@type\":\"WebPage\",\"@id\":\"https:\/\/www.nexira.com\/fr\/nexira\/vision-et-mission\/\",\"url\":\"https:\/\/www.nexira.com\/fr\/nexira\/vision-et-mission\/\",\"name\":\"Vision et mission - Nexira\",\"isPartOf\":{\"@id\":\"https:\/\/www.nexira.com\/#website\"},\"primaryImageOfPage\":{\"@id\":\"https:\/\/www.nexira.com\/fr\/nexira\/vision-et-mission\/#primaryimage\"},\"image\":{\"@id\":\"https:\/\/www.nexira.com\/fr\/nexira\/vision-et-mission\/#primaryimage\"},\"thumbnailUrl\":\"https:\/\/www.nexira.com\/wp-content\/uploads\/2020\/05\/img-culture.jpg\",\"datePublished\":\"2020-06-29T09:05:53+00:00\",\"dateModified\":\"2024-07-18T12:42:17+00:00\",\"description\":\"Depuis 1895, notre \u00e9quipe partage les m\u00eames convictions et engagements.\",\"breadcrumb\":{\"@id\":\"https:\/\/www.nexira.com\/fr\/nexira\/vision-et-mission\/#breadcrumb\"},\"inLanguage\":\"fr-FR\",\"potentialAction\":[{\"@type\":\"ReadAction\",\"target\":[\"https:\/\/www.nexira.com\/fr\/nexira\/vision-et-mission\/\"]}]},{\"@type\":\"ImageObject\",\"inLanguage\":\"fr-FR\",\"@id\":\"https:\/\/www.nexira.com\/fr\/nexira\/vision-et-mission\/#primaryimage\",\"url\":\"https:\/\/www.nexira.com\/wp-content\/uploads\/2020\/05\/img-culture.jpg\",\"contentUrl\":\"https:\/\/www.nexira.com\/wp-content\/uploads\/2020\/05\/img-culture.jpg\",\"width\":674,\"height\":554,\"caption\":\"culture team\"},{\"@type\":\"BreadcrumbList\",\"@id\":\"https:\/\/www.nexira.com\/fr\/nexira\/vision-et-mission\/#breadcrumb\",\"itemListElement\":[{\"@type\":\"ListItem\",\"position\":1,\"name\":\"Accueil\",\"item\":\"https:\/\/www.nexira.com\/\"},{\"@type\":\"ListItem\",\"position\":2,\"name\":\"Nexira\",\"item\":\"https:\/\/www.nexira.com\/fr\/nexira\/\"},{\"@type\":\"ListItem\",\"position\":3,\"name\":\"Vision et mission\"}]},{\"@type\":\"WebSite\",\"@id\":\"https:\/\/www.nexira.com\/#website\",\"url\":\"https:\/\/www.nexira.com\/\",\"name\":\"Nexira\",\"description\":\"Innovation Inspired by Nature\",\"publisher\":{\"@id\":\"https:\/\/www.nexira.com\/#organization\"},\"potentialAction\":[{\"@type\":\"SearchAction\",\"target\":{\"@type\":\"EntryPoint\",\"urlTemplate\":\"https:\/\/www.nexira.com\/?s={search_term_string}\"},\"query-input\":{\"@type\":\"PropertyValueSpecification\",\"valueRequired\":true,\"valueName\":\"search_term_string\"}}],\"inLanguage\":\"fr-FR\"},{\"@type\":\"Organization\",\"@id\":\"https:\/\/www.nexira.com\/#organization\",\"name\":\"Nexira\",\"url\":\"https:\/\/www.nexira.com\/\",\"logo\":{\"@type\":\"ImageObject\",\"inLanguage\":\"fr-FR\",\"@id\":\"https:\/\/www.nexira.com\/#\/schema\/logo\/image\/\",\"url\":\"https:\/\/www.nexira.com\/wp-content\/uploads\/2020\/05\/logo-nexira.png\",\"contentUrl\":\"https:\/\/www.nexira.com\/wp-content\/uploads\/2020\/05\/logo-nexira.png\",\"width\":362,\"height\":94,\"caption\":\"Nexira\"},\"image\":{\"@id\":\"https:\/\/www.nexira.com\/#\/schema\/logo\/image\/\"}}]}<\/script>\n<!-- \/ Yoast SEO plugin. -->","yoast_head_json":{"title":"Vision et mission - Nexira","description":"Depuis 1895, notre \u00e9quipe partage les m\u00eames convictions et engagements.","robots":{"index":"index","follow":"follow","max-snippet":"max-snippet:-1","max-image-preview":"max-image-preview:large","max-video-preview":"max-video-preview:-1"},"canonical":"https:\/\/www.nexira.com\/fr\/nexira\/vision-et-mission\/","og_locale":"fr_FR","og_type":"article","og_title":"Vision et mission - Nexira","og_description":"Depuis 1895, notre \u00e9quipe partage les m\u00eames convictions et engagements.","og_url":"https:\/\/www.nexira.com\/fr\/nexira\/vision-et-mission\/","og_site_name":"Nexira","article_modified_time":"2024-07-18T12:42:17+00:00","og_image":[{"width":674,"height":554,"url":"https:\/\/www.nexira.com\/wp-content\/uploads\/2020\/05\/img-culture.jpg","type":"image\/jpeg"}],"twitter_card":"summary_large_image","twitter_misc":{"Dur\u00e9e de lecture estim\u00e9e":"3 minutes"},"schema":{"@context":"https:\/\/schema.org","@graph":[{"@type":"WebPage","@id":"https:\/\/www.nexira.com\/fr\/nexira\/vision-et-mission\/","url":"https:\/\/www.nexira.com\/fr\/nexira\/vision-et-mission\/","name":"Vision et mission - Nexira","isPartOf":{"@id":"https:\/\/www.nexira.com\/#website"},"primaryImageOfPage":{"@id":"https:\/\/www.nexira.com\/fr\/nexira\/vision-et-mission\/#primaryimage"},"image":{"@id":"https:\/\/www.nexira.com\/fr\/nexira\/vision-et-mission\/#primaryimage"},"thumbnailUrl":"https:\/\/www.nexira.com\/wp-content\/uploads\/2020\/05\/img-culture.jpg","datePublished":"2020-06-29T09:05:53+00:00","dateModified":"2024-07-18T12:42:17+00:00","description":"Depuis 1895, notre \u00e9quipe partage les m\u00eames convictions et engagements.","breadcrumb":{"@id":"https:\/\/www.nexira.com\/fr\/nexira\/vision-et-mission\/#breadcrumb"},"inLanguage":"fr-FR","potentialAction":[{"@type":"ReadAction","target":["https:\/\/www.nexira.com\/fr\/nexira\/vision-et-mission\/"]}]},{"@type":"ImageObject","inLanguage":"fr-FR","@id":"https:\/\/www.nexira.com\/fr\/nexira\/vision-et-mission\/#primaryimage","url":"https:\/\/www.nexira.com\/wp-content\/uploads\/2020\/05\/img-culture.jpg","contentUrl":"https:\/\/www.nexira.com\/wp-content\/uploads\/2020\/05\/img-culture.jpg","width":674,"height":554,"caption":"culture team"},{"@type":"BreadcrumbList","@id":"https:\/\/www.nexira.com\/fr\/nexira\/vision-et-mission\/#breadcrumb","itemListElement":[{"@type":"ListItem","position":1,"name":"Accueil","item":"https:\/\/www.nexira.com\/"},{"@type":"ListItem","position":2,"name":"Nexira","item":"https:\/\/www.nexira.com\/fr\/nexira\/"},{"@type":"ListItem","position":3,"name":"Vision et mission"}]},{"@type":"WebSite","@id":"https:\/\/www.nexira.com\/#website","url":"https:\/\/www.nexira.com\/","name":"Nexira","description":"Innovation Inspired by Nature","publisher":{"@id":"https:\/\/www.nexira.com\/#organization"},"potentialAction":[{"@type":"SearchAction","target":{"@type":"EntryPoint","urlTemplate":"https:\/\/www.nexira.com\/?s={search_term_string}"},"query-input":{"@type":"PropertyValueSpecification","valueRequired":true,"valueName":"search_term_string"}}],"inLanguage":"fr-FR"},{"@type":"Organization","@id":"https:\/\/www.nexira.com\/#organization","name":"Nexira","url":"https:\/\/www.nexira.com\/","logo":{"@type":"ImageObject","inLanguage":"fr-FR","@id":"https:\/\/www.nexira.com\/#\/schema\/logo\/image\/","url":"https:\/\/www.nexira.com\/wp-content\/uploads\/2020\/05\/logo-nexira.png","contentUrl":"https:\/\/www.nexira.com\/wp-content\/uploads\/2020\/05\/logo-nexira.png","width":362,"height":94,"caption":"Nexira"},"image":{"@id":"https:\/\/www.nexira.com\/#\/schema\/logo\/image\/"}}]}},"uagb_featured_image_src":{"full":["https:\/\/www.nexira.com\/wp-content\/uploads\/2020\/05\/img-culture.jpg",674,554,false],"thumbnail":["https:\/\/www.nexira.com\/wp-content\/uploads\/2020\/05\/img-culture-150x150.jpg",150,150,true],"medium":["https:\/\/www.nexira.com\/wp-content\/uploads\/2020\/05\/img-culture-600x493.jpg",600,493,true],"medium_large":["https:\/\/www.nexira.com\/wp-content\/uploads\/2020\/05\/img-culture.jpg",674,554,false],"large":["https:\/\/www.nexira.com\/wp-content\/uploads\/2020\/05\/img-culture.jpg",674,554,false],"1536x1536":["https:\/\/www.nexira.com\/wp-content\/uploads\/2020\/05\/img-culture.jpg",674,554,false],"2048x2048":["https:\/\/www.nexira.com\/wp-content\/uploads\/2020\/05\/img-culture.jpg",674,554,false],"full_width":["https:\/\/www.nexira.com\/wp-content\/uploads\/2020\/05\/img-culture.jpg",674,554,false]},"uagb_author_info":{"display_name":"nutrikeo","author_link":"https:\/\/www.nexira.com\/fr\/author\/nutrikeo\/"},"uagb_comment_info":0,"uagb_excerpt":"Vision, mission & valeurs","_links":{"self":[{"href":"https:\/\/www.nexira.com\/fr\/wp-json\/wp\/v2\/pages\/3295"}],"collection":[{"href":"https:\/\/www.nexira.com\/fr\/wp-json\/wp\/v2\/pages"}],"about":[{"href":"https:\/\/www.nexira.com\/fr\/wp-json\/wp\/v2\/types\/page"}],"author":[{"embeddable":true,"href":"https:\/\/www.nexira.com\/fr\/wp-json\/wp\/v2\/users\/1"}],"replies":[{"embeddable":true,"href":"https:\/\/www.nexira.com\/fr\/wp-json\/wp\/v2\/comments?post=3295"}],"version-history":[{"count":14,"href":"https:\/\/www.nexira.com\/fr\/wp-json\/wp\/v2\/pages\/3295\/revisions"}],"predecessor-version":[{"id":10015983,"href":"https:\/\/www.nexira.com\/fr\/wp-json\/wp\/v2\/pages\/3295\/revisions\/10015983"}],"up":[{"embeddable":true,"href":"https:\/\/www.nexira.com\/fr\/wp-json\/wp\/v2\/pages\/3288"}],"wp:featuredmedia":[{"embeddable":true,"href":"https:\/\/www.nexira.com\/fr\/wp-json\/wp\/v2\/media\/2055"}],"wp:attachment":[{"href":"https:\/\/www.nexira.com\/fr\/wp-json\/wp\/v2\/media?parent=3295"}],"curies":[{"name":"wp","href":"https:\/\/api.w.org\/{rel}","templated":true}]}}