{"id":3300,"date":"2020-06-29T11:22:34","date_gmt":"2020-06-29T09:22:34","guid":{"rendered":"https:\/\/www.nexira.com\/nexira\/savoir-faire\/"},"modified":"2025-01-21T17:21:15","modified_gmt":"2025-01-21T16:21:15","slug":"savoir-faire","status":"publish","type":"page","link":"https:\/\/www.nexira.com\/fr\/nexira\/savoir-faire\/","title":{"rendered":"Savoir-faire"},"content":{"rendered":"\n<div style=\"height:25px\" aria-hidden=\"true\" class=\"wp-block-spacer\"><\/div>\n\n\n\n<h1 class=\"wp-block-heading title-lines mb-0\" style=\"font-size:28px\">NOS SAVOIR-FAIRE<\/h1>\n\n\n\n<h2 class=\"wp-block-heading has-text-align-center\">A PROFIT DE VOS D\u00c9VELOPPEMENTS DE FORMULATIONS<\/h2>\n\n\n\n<div style=\"height:25px\" aria-hidden=\"true\" class=\"wp-block-spacer\"><\/div>\n\n\n\n<div class=\"wp-block-uagb-container uagb-block-e11aaf7c alignfull uagb-is-root-container\"><div class=\"uagb-container-inner-blocks-wrap\">\n<div class=\"wp-block-uagb-container uagb-block-31648b45\">\n<div class=\"wp-block-group\"><div class=\"wp-block-group__inner-container is-layout-flow wp-block-group-is-layout-flow\">\n<div class=\"wp-block-uagb-container uagb-block-b0aa0aba default uagb-is-root-container\">\n<section class=\"wp-block-uagb-container uagb-block-0a3166da alignfull uagb-is-root-container\"><div class=\"uagb-container-inner-blocks-wrap\">\n<section class=\"wp-block-uagb-section uagb-section__wrap uagb-section__background-color uagb-block-ae9f6140\"><div class=\"uagb-section__overlay\"><\/div><div class=\"uagb-section__inner-wrap\">\n<h2 class=\"wp-block-heading\">We Add Nothing To Nature But Innovation\u2122<\/h2>\n\n\n\n<p>Chez Nexira, l\u2019innovation est au c\u0153ur de nos priorit\u00e9s. Nous avons d\u00e9velopp\u00e9 une expertise mondiale dans le domaine des <strong><span style=\"color:#245853\" class=\"tadv-color\">hydrocollo\u00efdes<\/span><\/strong> et <strong><span style=\"color:#245853\" class=\"tadv-color\">des ingr\u00e9dients naturels<\/span><\/strong>. Nous nous effor\u00e7ons d\u2019identifier et de valoriser les propri\u00e9t\u00e9s naturelles de nos ingr\u00e9dients et d\u2019\u00e9tayer scientifiquement leurs avantages nutritionnels et leurs bienfaits sur la sant\u00e9.<\/p>\n\n\n\n<p>Pour rester \u00e0 la pointe de notre domaine, notre \u00e9quipe de R&amp;D travaille en \u00e9troite collaboration avec des <strong><span style=\"color:#245853\" class=\"tadv-color\">chercheurs et des universitaires de renom<\/span><\/strong>.<br>Nexira fournit \u00e0 ses partenaires et clients un <strong><span style=\"color:#245853\" class=\"tadv-color\">soutien continu<\/span><\/strong> dans le d\u00e9veloppement de nouvelles formulations. Toujours concentr\u00e9e sur les besoins du march\u00e9 et les exigences des clients li\u00e9es au commerce interentreprises des ingr\u00e9dients, notre \u00e9quipe de R&amp;D poss\u00e8de de solides comp\u00e9tences qui permettent d\u2019\u00e9laborer des solutions sur mesure pouvant \u00eatre rapidement transpos\u00e9es du laboratoire \u00e0 l\u2019\u00e9chelle pilote et aux produits industriels.<\/p>\n\n\n\n<p>Notre \u00e9quipe de recherche exp\u00e9riment\u00e9e cr\u00e9e des solutions r\u00e9volutionnaires et pr\u00eates \u00e0 l&#8217;emploi pour r\u00e9pondre aux principaux d\u00e9fis de nos clients.<\/p>\n<\/div><\/section>\n\n\n\n<p><\/p>\n<\/div><\/section>\n<\/div>\n<\/div><\/div>\n<\/div>\n<\/div><\/div>\n\n\n\n<div style=\"height:45px\" aria-hidden=\"true\" class=\"wp-block-spacer\"><\/div>\n\n\n\n<div class=\"wp-block-uagb-container uagb-block-84b3968e alignfull uagb-is-root-container\"><div class=\"uagb-container-inner-blocks-wrap\">\n<div class=\"wp-block-uagb-container uagb-block-3d8d5fdd\">\n<section class=\"wp-block-uagb-container uagb-block-047124ff alignfull uagb-is-root-container\"><div class=\"uagb-container-inner-blocks-wrap\">\n<section class=\"wp-block-uagb-section uagb-section__wrap uagb-section__background-color uagb-block-edec4fce\"><div class=\"uagb-section__overlay\"><\/div><div class=\"uagb-section__inner-wrap\">\n<h2 class=\"wp-block-heading\">Des technologies de pointe<\/h2>\n\n\n\n<p>Au fil des ans, Nexira a d\u00e9velopp\u00e9 ses propres installations industrielles avec quatre usines de production en <strong><span style=\"color:#245853\" class=\"tadv-color\">France<\/span><\/strong>, d\u00e9di\u00e9es \u00e0 la transformation de la <strong><span style=\"color:#245853\" class=\"tadv-color\">gomme d\u2019acacia<\/span><\/strong> et \u00e0 l\u2019extraction et la purification <strong><span style=\"color:#245853\" class=\"tadv-color\">d\u2019ingr\u00e9dients v\u00e9g\u00e9taux<\/span><\/strong>.<\/p>\n\n\n\n<p>De plus, nous avons \u00e9tendu notre pr\u00e9sence internationale gr\u00e2ce \u00e0 plusieurs partenariats industriels exclusifs dans le monde entier, ce qui nous permet de proposer des produits de qualit\u00e9, tout en pr\u00e9servant syst\u00e9matiquement toutes les qualit\u00e9s naturelles des mati\u00e8res premi\u00e8res que nous utilisons.<\/p>\n\n\n\n<section class=\"wp-block-uagb-section uagb-section__wrap uagb-section__background-none uagb-block-6587488c\"><div class=\"uagb-section__overlay\"><\/div><div class=\"uagb-section__inner-wrap\">\n<div class=\"wp-block-media-text\" style=\"grid-template-columns:38% auto\"><figure class=\"wp-block-media-text__media\"><img decoding=\"async\" width=\"239\" height=\"172\" src=\"https:\/\/www.nexira.com\/wp-content\/uploads\/2020\/06\/100tonnes.png\" alt=\"\" class=\"wp-image-3475 size-full\"\/><\/figure><div class=\"wp-block-media-text__content\">\n<p><strong>d\u2019ingr\u00e9dients naturels sont produites par jour.<\/strong><\/p>\n<\/div><\/div>\n<\/div><\/section>\n\n\n\n<div id=\"btw_readmore-block_714c53f311fb422413403120a6562e6b\" class=\"btw_readmore\">\n\t<p class=\"text-center\"><a href=\"#readmore_375361\" class=\"btw_readmore__link\" data-toggle=\"collapse\" style=\"color: #FF8226\">Lire plus<\/a><\/p>\n\t<div id=\"readmore_375361\" class=\"btw_readmore__content collapse\">\n\t\t<p class=\"p1\"><span class=\"s1\">Nos trois usines de production en France :<\/span><\/p>\n<ul class=\"ul1\">\n<li class=\"li1\"><span class=\"s1\">Si\u00e8ge et usine de Rouen : Transformation de collo\u00efdes et de <b>gomme d\u2019acacia<\/b><\/span><\/li>\n<li class=\"li1\"><span class=\"s1\">Usine de Serqueux : Transformation de collo\u00efdes et de <b>gomme d\u2019acacia<\/b><\/span><\/li>\n<li class=\"li1\"><span class=\"s1\">Usine de Lamothe : Extraction, purification et transformation de <b>plantes <\/b>et <b>d\u2019ingr\u00e9dients v\u00e9g\u00e9taux<\/b><\/span><\/li>\n<\/ul>\n<p class=\"p2\"><span class=\"s1\">Nos installations industrielles sont inspect\u00e9es par la FDA afin de garantir la conformit\u00e9 de nos produits finis aux exigences de la r\u00e9glementation am\u00e9ricaine (FSMA).<\/span><\/p>\n<p id=\"tw-target-text\" class=\"tw-data-text tw-text-large tw-ta\" dir=\"ltr\" data-placeholder=\"Traduction\"><span class=\"Y2IQFc\" lang=\"fr\">Plusieurs sites sont \u00e9galement situ\u00e9s au-del\u00e0 des fronti\u00e8res fran\u00e7aises. C&rsquo;est le cas par exemple notre usine bas\u00e9e en Suisse, <strong>experte mondiale dans la production de gomme de caroube (LBG) <\/strong>qui est\u00a0utilis\u00e9e pour ses propri\u00e9t\u00e9s \u00e9paississantes et stabilisantes. Nous fabriquons une gamme de LBG de haute qualit\u00e9 pour un large \u00e9ventail d&rsquo;applications.<\/span><\/p>\n\t<\/div>\n<\/div><\/div><\/section>\n<\/div><\/section>\n<\/div>\n<\/div><\/div>\n\n\n\n<div style=\"height:45px\" aria-hidden=\"true\" class=\"wp-block-spacer\"><\/div>\n\n\n\n<div class=\"wp-block-uagb-container uagb-block-7918e786 alignfull uagb-is-root-container\"><div class=\"uagb-container-inner-blocks-wrap\">\n<div class=\"wp-block-uagb-container uagb-block-04be1ac9\">\n<section class=\"wp-block-uagb-container uagb-block-0f17888d alignfull uagb-is-root-container\"><div class=\"uagb-container-inner-blocks-wrap\">\n<section class=\"wp-block-uagb-section uagb-section__wrap uagb-section__background-color uagb-block-3de6b177\"><div class=\"uagb-section__overlay\"><\/div><div class=\"uagb-section__inner-wrap\">\n<h2 class=\"wp-block-heading\">Une politique d\u2019assurance qualit\u00e9 pour garantir les meilleures pratiques<\/h2>\n\n\n\n<p>En tant que leader mondial de la gomme d\u2019acacia et autres ingr\u00e9dients naturels pour les marques les plus connues au monde, la qualit\u00e9 est une priorit\u00e9 majeure pour nous. Notre politique d\u2019assurance qualit\u00e9, ax\u00e9e sur la s\u00e9curit\u00e9 alimentaire, la satisfaction du client et l\u2019am\u00e9lioration continue, est mise en place pour garantir les meilleures pratiques et se conformer aux normes r\u00e9glementaires internationales les plus strictes.<\/p>\n\n\n\n<p>Le syst\u00e8me qualit\u00e9 de Nexira est soutenu par les certifications FAMIqs et FSSC 22000. La soci\u00e9t\u00e9 a d\u00e9velopp\u00e9 un programme HACCP approfondi et surveille de pr\u00e8s les exigences r\u00e9glementaires mondiales (telles que le Food Safety Modernization Act aux \u00c9tats-Unis).<\/p>\n\n\n\n<section class=\"wp-block-uagb-columns uagb-columns__wrap uagb-columns__background-none uagb-columns__stack-mobile uagb-columns__valign- uagb-columns__gap-10 align uagb-block-cbbfcaf4 uagb-columns__columns-2 uagb-columns__max_width-theme\"><div class=\"uagb-columns__overlay\"><\/div><div class=\"uagb-columns__inner-wrap uagb-columns__columns-2\">\n<div class=\"wp-block-uagb-column uagb-column__wrap uagb-column__background-undefined uagb-block-a37645ef\"><div class=\"uagb-column__overlay\"><\/div>\n<figure class=\"wp-block-image size-full\"><img fetchpriority=\"high\" decoding=\"async\" width=\"450\" height=\"246\" src=\"https:\/\/www.nexira.com\/wp-content\/uploads\/2020\/10\/fami-qs.jpg\" alt=\"\" class=\"wp-image-4620\"\/><\/figure>\n<\/div>\n\n\n\n<div class=\"wp-block-uagb-column uagb-column__wrap uagb-column__background-undefined uagb-block-14ad6a9c\"><div class=\"uagb-column__overlay\"><\/div>\n<figure class=\"wp-block-image size-full\"><img decoding=\"async\" width=\"450\" height=\"245\" src=\"https:\/\/www.nexira.com\/wp-content\/uploads\/2020\/10\/fssc-22000.jpg\" alt=\"\" class=\"wp-image-4623\"\/><\/figure>\n<\/div>\n<\/div><\/section>\n\n\n\n<h3 class=\"wp-block-heading\">Confiance et transparence<\/h3>\n\n\n\n<p>En utilisant nos produits, nos clients peuvent \u00eatre assur\u00e9s de la disponibilit\u00e9 totale de notre \u00e9quipe, qui se consacre au suivi de la cha\u00eene de valeur et fournit des informations claires et transparentes \u00e0 chaque \u00e9tape de leurs projets.<\/p>\n\n\n\n<div id=\"btw_readmore-block_76677c8c804151a8c3140f9180438eda\" class=\"btw_readmore\">\n\t<p class=\"text-center\"><a href=\"#readmore_307651\" class=\"btw_readmore__link\" data-toggle=\"collapse\" style=\"color: \">Lire plus<\/a><\/p>\n\t<div id=\"readmore_307651\" class=\"btw_readmore__content collapse\">\n\t\t<h2 class=\"p1\"><span class=\"s1\">Am\u00e9lioration continue et satisfaction des clients<\/span><\/h2>\n<p class=\"p1\"><span class=\"s1\">Nexira se consacre enti\u00e8rement \u00e0 la satisfaction des attentes de ses clients. Gr\u00e2ce \u00e0 un suivi en continu, notre \u00e9quipe sp\u00e9cialis\u00e9e reste \u00e0 l\u2019avant-garde des mises \u00e0 jour r\u00e9glementaires, ce qui lui permet de fournir \u00e0 chaque client une assistance sur les questions r\u00e9glementaires, en fonction de son march\u00e9 sp\u00e9cifique.<\/span><\/p>\n<p class=\"p1\"><span class=\"s1\">Nos proc\u00e9dures et processus de fabrication sont r\u00e9guli\u00e8rement revus afin de garantir la mise en \u0153uvre des pratiques de fabrication les plus adapt\u00e9es pour r\u00e9pondre aux normes de qualit\u00e9 internationales.<\/span><\/p>\n<h2 class=\"p1\"><span class=\"s1\">La gestion des risques<\/span><\/h2>\n<p class=\"p1\"><span class=\"s1\">La gestion des risques est la cl\u00e9 de l\u2019achat, de la fabrication et de la vente de produits finis de mani\u00e8re fiable et responsable. Notre m\u00e9thodologie de gestion des risques nous permet de prendre des d\u00e9cisions proactives concernant les pr\u00e9occupations des consommateurs en mati\u00e8re de s\u00e9curit\u00e9 alimentaire, d\u2019identifier et de pr\u00e9venir tout risque potentiel.<\/span><\/p>\n\t<\/div>\n<\/div><\/div><\/section>\n<\/div><\/section>\n<\/div>\n<\/div><\/div>\n\n\n\n<div style=\"height:45px\" aria-hidden=\"true\" class=\"wp-block-spacer\"><\/div>\n\n\n\n<section class=\"wp-block-uagb-container uagb-block-420d1f6c alignfull uagb-is-root-container\">\n<div class=\"wp-block-columns is-layout-flex wp-container-core-columns-is-layout-2 wp-block-columns-is-layout-flex\">\n<div class=\"wp-block-column is-layout-flow wp-block-column-is-layout-flow\" style=\"flex-basis:100%\">\n<div class=\"wp-block-columns is-layout-flex wp-container-core-columns-is-layout-1 wp-block-columns-is-layout-flex\">\n<div class=\"wp-block-column is-layout-flow wp-block-column-is-layout-flow\" style=\"flex-basis:100%\">\n<section class=\"wp-block-uagb-container uagb-block-ea2be1fe\">\n<h2 class=\"wp-block-heading\">Des produits certifi\u00e9s pour satisfaire les besoins de nos clients<\/h2>\n\n\n\n<p>En tant que leader mondial, Nexira s&rsquo;est engag\u00e9 \u00e0 fournir une vaste capacit\u00e9 d&rsquo;extraction, de purification et de s\u00e9chage par atomisation avec des<strong> <span class=\"tadv-color\" style=\"color:#245853\">produits de haute qualit\u00e9<\/span><\/strong>, soutenus par plusieurs certifications. <\/p>\n\n\n\n<p>Nous travaillons avec nos fournisseurs pour assurer la tra\u00e7abilit\u00e9 et la transparence, certifi\u00e9es par des<strong><span style=\"color:#245853\" class=\"tadv-color\"> organismes accr\u00e9dit\u00e9s au niveau international<\/span><\/strong>. <\/p>\n\n\n\n<p>Pour satisfaire les besoins et les exigences de nos clients concernant leurs formulations, nos ingr\u00e9dients sont certifi\u00e9s (liste de produits disponible sur demande) : <\/p>\n\n\n\n<ul class=\"wp-block-list\">\n<li><strong><span class=\"tadv-color\" style=\"color:#245853\">Biologique <\/span><\/strong>(UE) et <strong><span class=\"tadv-color\" style=\"color:#245853\">USDA Organic<\/span><\/strong><\/li>\n\n\n\n<li><strong><span class=\"tadv-color\" style=\"color:#245853\">NON-GMO Project Verified<\/span><\/strong><\/li>\n\n\n\n<li><strong><span class=\"tadv-color\" style=\"color:#245853\">Halal <\/span><\/strong>et <strong><span class=\"tadv-color\" style=\"color:#245853\">Kosher<\/span><\/strong><\/li>\n<\/ul>\n\n\n\n<figure class=\"wp-block-table\"><table><tbody><tr><td><img loading=\"lazy\" decoding=\"async\" width=\"150\" height=\"98\" class=\"wp-image-4632\" style=\"width: 150px;\" src=\"https:\/\/www.nexira.com\/wp-content\/uploads\/2020\/10\/organic-eu-1.jpg\" alt=\"Biologique\"><\/td><td><img loading=\"lazy\" decoding=\"async\" width=\"150\" height=\"98\" class=\"wp-image-4635\" style=\"width: 150px;\" src=\"https:\/\/www.nexira.com\/wp-content\/uploads\/2020\/10\/usda-organic.jpg\" alt=\"USDA organic nexira\"><\/td><td><img loading=\"lazy\" decoding=\"async\" width=\"150\" height=\"98\" class=\"wp-image-4644\" style=\"width: 150px;\" src=\"https:\/\/www.nexira.com\/wp-content\/uploads\/2020\/10\/non-gmo-project-verified.jpg\" alt=\"NON GMO Project verified\"><\/td><td><img loading=\"lazy\" decoding=\"async\" width=\"150\" height=\"112\" class=\"wp-image-10015893\" style=\"width: 150px;\" src=\"https:\/\/www.nexira.com\/wp-content\/uploads\/2024\/07\/logo-halal-2024.png\" alt=\"halal\" srcset=\"https:\/\/www.nexira.com\/wp-content\/uploads\/2024\/07\/logo-halal-2024.png 1203w, https:\/\/www.nexira.com\/wp-content\/uploads\/2024\/07\/logo-halal-2024-600x449.png 600w, https:\/\/www.nexira.com\/wp-content\/uploads\/2024\/07\/logo-halal-2024-1140x853.png 1140w, https:\/\/www.nexira.com\/wp-content\/uploads\/2024\/07\/logo-halal-2024-768x575.png 768w\" sizes=\"(max-width: 150px) 100vw, 150px\" \/><\/td><td><img loading=\"lazy\" decoding=\"async\" width=\"150\" height=\"98\" class=\"wp-image-4641\" style=\"width: 150px;\" src=\"https:\/\/www.nexira.com\/wp-content\/uploads\/2020\/10\/kosher.jpg\" alt=\"Kosher\"><\/td><\/tr><\/tbody><\/table><\/figure>\n<\/section>\n<\/div>\n<\/div>\n<\/div>\n<\/div>\n<\/section>\n\n\n\n<div style=\"height:45px\" aria-hidden=\"true\" class=\"wp-block-spacer\"><\/div>\n","protected":false},"excerpt":{"rendered":"<p>Science, technologie<br \/>\n&#038; qualit\u00e9 <\/p>\n","protected":false},"author":1,"featured_media":2061,"parent":3288,"menu_order":0,"comment_status":"closed","ping_status":"closed","template":"","meta":{"_acf_changed":false,"_uag_custom_page_level_css":"","footnotes":""},"class_list":["post-3300","page","type-page","status-publish","has-post-thumbnail","hentry"],"acf":[],"yoast_head":"<!-- This site is optimized with the Yoast SEO plugin v23.4 - https:\/\/yoast.com\/wordpress\/plugins\/seo\/ -->\n<title>Savoir-faire - Nexira<\/title>\n<meta name=\"description\" content=\"Avec plus de 125 ans d&#039;existence, Nexira, leader mondial des ingr\u00e9dients naturels, vous accompagne dans le d\u00e9veloppement de vos formulations..\" \/>\n<meta name=\"robots\" content=\"index, follow, max-snippet:-1, max-image-preview:large, max-video-preview:-1\" \/>\n<link rel=\"canonical\" href=\"https:\/\/www.nexira.com\/fr\/nexira\/savoir-faire\/\" \/>\n<meta property=\"og:locale\" content=\"fr_FR\" \/>\n<meta property=\"og:type\" content=\"article\" \/>\n<meta property=\"og:title\" content=\"Savoir-faire - Nexira\" \/>\n<meta property=\"og:description\" content=\"Avec plus de 125 ans d&#039;existence, Nexira, leader mondial des ingr\u00e9dients naturels, vous accompagne dans le d\u00e9veloppement de vos formulations..\" \/>\n<meta property=\"og:url\" content=\"https:\/\/www.nexira.com\/fr\/nexira\/savoir-faire\/\" \/>\n<meta property=\"og:site_name\" content=\"Nexira\" \/>\n<meta property=\"article:modified_time\" content=\"2025-01-21T16:21:15+00:00\" \/>\n<meta property=\"og:image\" content=\"https:\/\/www.nexira.com\/wp-content\/uploads\/2020\/05\/img-know-how.jpg\" \/>\n\t<meta property=\"og:image:width\" content=\"674\" \/>\n\t<meta property=\"og:image:height\" content=\"998\" \/>\n\t<meta property=\"og:image:type\" content=\"image\/jpeg\" \/>\n<meta name=\"twitter:card\" content=\"summary_large_image\" \/>\n<meta name=\"twitter:label1\" content=\"Dur\u00e9e de lecture estim\u00e9e\" \/>\n\t<meta name=\"twitter:data1\" content=\"6 minutes\" \/>\n<script type=\"application\/ld+json\" class=\"yoast-schema-graph\">{\"@context\":\"https:\/\/schema.org\",\"@graph\":[{\"@type\":\"WebPage\",\"@id\":\"https:\/\/www.nexira.com\/fr\/nexira\/savoir-faire\/\",\"url\":\"https:\/\/www.nexira.com\/fr\/nexira\/savoir-faire\/\",\"name\":\"Savoir-faire - Nexira\",\"isPartOf\":{\"@id\":\"https:\/\/www.nexira.com\/#website\"},\"primaryImageOfPage\":{\"@id\":\"https:\/\/www.nexira.com\/fr\/nexira\/savoir-faire\/#primaryimage\"},\"image\":{\"@id\":\"https:\/\/www.nexira.com\/fr\/nexira\/savoir-faire\/#primaryimage\"},\"thumbnailUrl\":\"https:\/\/www.nexira.com\/wp-content\/uploads\/2020\/05\/img-know-how.jpg\",\"datePublished\":\"2020-06-29T09:22:34+00:00\",\"dateModified\":\"2025-01-21T16:21:15+00:00\",\"description\":\"Avec plus de 125 ans d'existence, Nexira, leader mondial des ingr\u00e9dients naturels, vous accompagne dans le d\u00e9veloppement de vos formulations..\",\"breadcrumb\":{\"@id\":\"https:\/\/www.nexira.com\/fr\/nexira\/savoir-faire\/#breadcrumb\"},\"inLanguage\":\"fr-FR\",\"potentialAction\":[{\"@type\":\"ReadAction\",\"target\":[\"https:\/\/www.nexira.com\/fr\/nexira\/savoir-faire\/\"]}]},{\"@type\":\"ImageObject\",\"inLanguage\":\"fr-FR\",\"@id\":\"https:\/\/www.nexira.com\/fr\/nexira\/savoir-faire\/#primaryimage\",\"url\":\"https:\/\/www.nexira.com\/wp-content\/uploads\/2020\/05\/img-know-how.jpg\",\"contentUrl\":\"https:\/\/www.nexira.com\/wp-content\/uploads\/2020\/05\/img-know-how.jpg\",\"width\":674,\"height\":998,\"caption\":\"scientific know how\"},{\"@type\":\"BreadcrumbList\",\"@id\":\"https:\/\/www.nexira.com\/fr\/nexira\/savoir-faire\/#breadcrumb\",\"itemListElement\":[{\"@type\":\"ListItem\",\"position\":1,\"name\":\"Accueil\",\"item\":\"https:\/\/www.nexira.com\/\"},{\"@type\":\"ListItem\",\"position\":2,\"name\":\"Nexira\",\"item\":\"https:\/\/www.nexira.com\/fr\/nexira\/\"},{\"@type\":\"ListItem\",\"position\":3,\"name\":\"Savoir-faire\"}]},{\"@type\":\"WebSite\",\"@id\":\"https:\/\/www.nexira.com\/#website\",\"url\":\"https:\/\/www.nexira.com\/\",\"name\":\"Nexira\",\"description\":\"Innovation Inspired by Nature\",\"publisher\":{\"@id\":\"https:\/\/www.nexira.com\/#organization\"},\"potentialAction\":[{\"@type\":\"SearchAction\",\"target\":{\"@type\":\"EntryPoint\",\"urlTemplate\":\"https:\/\/www.nexira.com\/?s={search_term_string}\"},\"query-input\":{\"@type\":\"PropertyValueSpecification\",\"valueRequired\":true,\"valueName\":\"search_term_string\"}}],\"inLanguage\":\"fr-FR\"},{\"@type\":\"Organization\",\"@id\":\"https:\/\/www.nexira.com\/#organization\",\"name\":\"Nexira\",\"url\":\"https:\/\/www.nexira.com\/\",\"logo\":{\"@type\":\"ImageObject\",\"inLanguage\":\"fr-FR\",\"@id\":\"https:\/\/www.nexira.com\/#\/schema\/logo\/image\/\",\"url\":\"https:\/\/www.nexira.com\/wp-content\/uploads\/2020\/05\/logo-nexira.png\",\"contentUrl\":\"https:\/\/www.nexira.com\/wp-content\/uploads\/2020\/05\/logo-nexira.png\",\"width\":362,\"height\":94,\"caption\":\"Nexira\"},\"image\":{\"@id\":\"https:\/\/www.nexira.com\/#\/schema\/logo\/image\/\"}}]}<\/script>\n<!-- \/ Yoast SEO plugin. -->","yoast_head_json":{"title":"Savoir-faire - Nexira","description":"Avec plus de 125 ans d'existence, Nexira, leader mondial des ingr\u00e9dients naturels, vous accompagne dans le d\u00e9veloppement de vos formulations..","robots":{"index":"index","follow":"follow","max-snippet":"max-snippet:-1","max-image-preview":"max-image-preview:large","max-video-preview":"max-video-preview:-1"},"canonical":"https:\/\/www.nexira.com\/fr\/nexira\/savoir-faire\/","og_locale":"fr_FR","og_type":"article","og_title":"Savoir-faire - Nexira","og_description":"Avec plus de 125 ans d'existence, Nexira, leader mondial des ingr\u00e9dients naturels, vous accompagne dans le d\u00e9veloppement de vos formulations..","og_url":"https:\/\/www.nexira.com\/fr\/nexira\/savoir-faire\/","og_site_name":"Nexira","article_modified_time":"2025-01-21T16:21:15+00:00","og_image":[{"width":674,"height":998,"url":"https:\/\/www.nexira.com\/wp-content\/uploads\/2020\/05\/img-know-how.jpg","type":"image\/jpeg"}],"twitter_card":"summary_large_image","twitter_misc":{"Dur\u00e9e de lecture estim\u00e9e":"6 minutes"},"schema":{"@context":"https:\/\/schema.org","@graph":[{"@type":"WebPage","@id":"https:\/\/www.nexira.com\/fr\/nexira\/savoir-faire\/","url":"https:\/\/www.nexira.com\/fr\/nexira\/savoir-faire\/","name":"Savoir-faire - Nexira","isPartOf":{"@id":"https:\/\/www.nexira.com\/#website"},"primaryImageOfPage":{"@id":"https:\/\/www.nexira.com\/fr\/nexira\/savoir-faire\/#primaryimage"},"image":{"@id":"https:\/\/www.nexira.com\/fr\/nexira\/savoir-faire\/#primaryimage"},"thumbnailUrl":"https:\/\/www.nexira.com\/wp-content\/uploads\/2020\/05\/img-know-how.jpg","datePublished":"2020-06-29T09:22:34+00:00","dateModified":"2025-01-21T16:21:15+00:00","description":"Avec plus de 125 ans d'existence, Nexira, leader mondial des ingr\u00e9dients naturels, vous accompagne dans le d\u00e9veloppement de vos formulations..","breadcrumb":{"@id":"https:\/\/www.nexira.com\/fr\/nexira\/savoir-faire\/#breadcrumb"},"inLanguage":"fr-FR","potentialAction":[{"@type":"ReadAction","target":["https:\/\/www.nexira.com\/fr\/nexira\/savoir-faire\/"]}]},{"@type":"ImageObject","inLanguage":"fr-FR","@id":"https:\/\/www.nexira.com\/fr\/nexira\/savoir-faire\/#primaryimage","url":"https:\/\/www.nexira.com\/wp-content\/uploads\/2020\/05\/img-know-how.jpg","contentUrl":"https:\/\/www.nexira.com\/wp-content\/uploads\/2020\/05\/img-know-how.jpg","width":674,"height":998,"caption":"scientific know how"},{"@type":"BreadcrumbList","@id":"https:\/\/www.nexira.com\/fr\/nexira\/savoir-faire\/#breadcrumb","itemListElement":[{"@type":"ListItem","position":1,"name":"Accueil","item":"https:\/\/www.nexira.com\/"},{"@type":"ListItem","position":2,"name":"Nexira","item":"https:\/\/www.nexira.com\/fr\/nexira\/"},{"@type":"ListItem","position":3,"name":"Savoir-faire"}]},{"@type":"WebSite","@id":"https:\/\/www.nexira.com\/#website","url":"https:\/\/www.nexira.com\/","name":"Nexira","description":"Innovation Inspired by Nature","publisher":{"@id":"https:\/\/www.nexira.com\/#organization"},"potentialAction":[{"@type":"SearchAction","target":{"@type":"EntryPoint","urlTemplate":"https:\/\/www.nexira.com\/?s={search_term_string}"},"query-input":{"@type":"PropertyValueSpecification","valueRequired":true,"valueName":"search_term_string"}}],"inLanguage":"fr-FR"},{"@type":"Organization","@id":"https:\/\/www.nexira.com\/#organization","name":"Nexira","url":"https:\/\/www.nexira.com\/","logo":{"@type":"ImageObject","inLanguage":"fr-FR","@id":"https:\/\/www.nexira.com\/#\/schema\/logo\/image\/","url":"https:\/\/www.nexira.com\/wp-content\/uploads\/2020\/05\/logo-nexira.png","contentUrl":"https:\/\/www.nexira.com\/wp-content\/uploads\/2020\/05\/logo-nexira.png","width":362,"height":94,"caption":"Nexira"},"image":{"@id":"https:\/\/www.nexira.com\/#\/schema\/logo\/image\/"}}]}},"uagb_featured_image_src":{"full":["https:\/\/www.nexira.com\/wp-content\/uploads\/2020\/05\/img-know-how.jpg",674,998,false],"thumbnail":["https:\/\/www.nexira.com\/wp-content\/uploads\/2020\/05\/img-know-how-150x150.jpg",150,150,true],"medium":["https:\/\/www.nexira.com\/wp-content\/uploads\/2020\/05\/img-know-how-405x600.jpg",405,600,true],"medium_large":["https:\/\/www.nexira.com\/wp-content\/uploads\/2020\/05\/img-know-how.jpg",674,998,false],"large":["https:\/\/www.nexira.com\/wp-content\/uploads\/2020\/05\/img-know-how.jpg",674,998,false],"1536x1536":["https:\/\/www.nexira.com\/wp-content\/uploads\/2020\/05\/img-know-how.jpg",674,998,false],"2048x2048":["https:\/\/www.nexira.com\/wp-content\/uploads\/2020\/05\/img-know-how.jpg",674,998,false],"full_width":["https:\/\/www.nexira.com\/wp-content\/uploads\/2020\/05\/img-know-how.jpg",674,998,false]},"uagb_author_info":{"display_name":"nutrikeo","author_link":"https:\/\/www.nexira.com\/fr\/author\/nutrikeo\/"},"uagb_comment_info":0,"uagb_excerpt":"Science, technologie & qualit\u00e9","_links":{"self":[{"href":"https:\/\/www.nexira.com\/fr\/wp-json\/wp\/v2\/pages\/3300"}],"collection":[{"href":"https:\/\/www.nexira.com\/fr\/wp-json\/wp\/v2\/pages"}],"about":[{"href":"https:\/\/www.nexira.com\/fr\/wp-json\/wp\/v2\/types\/page"}],"author":[{"embeddable":true,"href":"https:\/\/www.nexira.com\/fr\/wp-json\/wp\/v2\/users\/1"}],"replies":[{"embeddable":true,"href":"https:\/\/www.nexira.com\/fr\/wp-json\/wp\/v2\/comments?post=3300"}],"version-history":[{"count":38,"href":"https:\/\/www.nexira.com\/fr\/wp-json\/wp\/v2\/pages\/3300\/revisions"}],"predecessor-version":[{"id":10016973,"href":"https:\/\/www.nexira.com\/fr\/wp-json\/wp\/v2\/pages\/3300\/revisions\/10016973"}],"up":[{"embeddable":true,"href":"https:\/\/www.nexira.com\/fr\/wp-json\/wp\/v2\/pages\/3288"}],"wp:featuredmedia":[{"embeddable":true,"href":"https:\/\/www.nexira.com\/fr\/wp-json\/wp\/v2\/media\/2061"}],"wp:attachment":[{"href":"https:\/\/www.nexira.com\/fr\/wp-json\/wp\/v2\/media?parent=3300"}],"curies":[{"name":"wp","href":"https:\/\/api.w.org\/{rel}","templated":true}]}}