{"id":3303,"date":"2020-06-29T11:39:15","date_gmt":"2020-06-29T09:39:15","guid":{"rendered":"https:\/\/www.nexira.com\/nexira\/accompagnement-client\/"},"modified":"2024-10-03T17:36:49","modified_gmt":"2024-10-03T15:36:49","slug":"accompagnement-client","status":"publish","type":"page","link":"https:\/\/www.nexira.com\/fr\/nexira\/accompagnement-client\/","title":{"rendered":"Accompagnement client"},"content":{"rendered":"\t\t<div data-elementor-type=\"wp-page\" data-elementor-id=\"3303\" class=\"elementor elementor-3303 elementor-1536\" data-elementor-post-type=\"page\">\n\t\t\t\t\t\t<section class=\"elementor-section elementor-top-section elementor-element elementor-element-04a2029 elementor-section-height-min-height elementor-section-stretched elementor-section-boxed elementor-section-height-default elementor-section-items-middle\" data-id=\"04a2029\" data-element_type=\"section\" data-settings=\"{&quot;stretch_section&quot;:&quot;section-stretched&quot;,&quot;background_background&quot;:&quot;classic&quot;}\">\n\t\t\t\t\t\t<div class=\"elementor-container elementor-column-gap-default\">\n\t\t\t\t\t<div class=\"elementor-column elementor-col-100 elementor-top-column elementor-element elementor-element-2d75f41\" data-id=\"2d75f41\" data-element_type=\"column\">\n\t\t\t<div class=\"elementor-widget-wrap elementor-element-populated\">\n\t\t\t\t\t\t<div class=\"elementor-element elementor-element-315ba03 elementor-widget elementor-widget-heading\" data-id=\"315ba03\" data-element_type=\"widget\" data-widget_type=\"heading.default\">\n\t\t\t\t<div class=\"elementor-widget-container\">\n\t\t\t<h1 class=\"elementor-heading-title elementor-size-default\">Assurer votre accompagnement dans vos projets<\/h1>\t\t<\/div>\n\t\t\t\t<\/div>\n\t\t\t\t<div class=\"elementor-element elementor-element-6ff9d0e elementor-widget elementor-widget-heading\" data-id=\"6ff9d0e\" data-element_type=\"widget\" data-widget_type=\"heading.default\">\n\t\t\t\t<div class=\"elementor-widget-container\">\n\t\t\t<h2 class=\"elementor-heading-title elementor-size-default\">Le service client est au c\u0153ur de nos priorit\u00e9s et nous sommes fortement engag\u00e9s dans vos projets.<\/h2>\t\t<\/div>\n\t\t\t\t<\/div>\n\t\t\t\t\t<\/div>\n\t\t<\/div>\n\t\t\t\t\t<\/div>\n\t\t<\/section>\n\t\t\t\t<section class=\"elementor-section elementor-top-section elementor-element elementor-element-117fec5 elementor-section-full_width elementor-section-stretched elementor-section-height-default elementor-section-height-default\" data-id=\"117fec5\" data-element_type=\"section\" data-settings=\"{&quot;stretch_section&quot;:&quot;section-stretched&quot;}\">\n\t\t\t\t\t\t<div class=\"elementor-container elementor-column-gap-default\">\n\t\t\t\t\t<div class=\"elementor-column elementor-col-50 elementor-top-column elementor-element elementor-element-20e54ac\" data-id=\"20e54ac\" data-element_type=\"column\">\n\t\t\t<div class=\"elementor-widget-wrap elementor-element-populated\">\n\t\t\t\t\t\t<div class=\"elementor-element elementor-element-659ee4a elementor-widget elementor-widget-image\" data-id=\"659ee4a\" data-element_type=\"widget\" data-widget_type=\"image.default\">\n\t\t\t\t<div class=\"elementor-widget-container\">\n\t\t\t\t\t\t\t\t\t\t\t\t\t<img fetchpriority=\"high\" decoding=\"async\" width=\"1128\" height=\"1122\" src=\"https:\/\/www.nexira.com\/wp-content\/uploads\/2024\/10\/capture-decran-2024-10-03-a-10.47.22-1-1140x1134.png\" class=\"attachment-large size-large wp-image-10016449\" alt=\"\" srcset=\"https:\/\/www.nexira.com\/wp-content\/uploads\/2024\/10\/capture-decran-2024-10-03-a-10.47.22-1-1140x1134.png 1140w, https:\/\/www.nexira.com\/wp-content\/uploads\/2024\/10\/capture-decran-2024-10-03-a-10.47.22-1-600x597.png 600w, https:\/\/www.nexira.com\/wp-content\/uploads\/2024\/10\/capture-decran-2024-10-03-a-10.47.22-1-150x150.png 150w, https:\/\/www.nexira.com\/wp-content\/uploads\/2024\/10\/capture-decran-2024-10-03-a-10.47.22-1-768x764.png 768w, https:\/\/www.nexira.com\/wp-content\/uploads\/2024\/10\/capture-decran-2024-10-03-a-10.47.22-1-1536x1528.png 1536w, https:\/\/www.nexira.com\/wp-content\/uploads\/2024\/10\/capture-decran-2024-10-03-a-10.47.22-1.png 1544w\" sizes=\"(max-width: 1128px) 100vw, 1128px\" \/>\t\t\t\t\t\t\t\t\t\t\t\t\t<\/div>\n\t\t\t\t<\/div>\n\t\t\t\t\t<\/div>\n\t\t<\/div>\n\t\t\t\t<div class=\"elementor-column elementor-col-50 elementor-top-column elementor-element elementor-element-fe70b57\" data-id=\"fe70b57\" data-element_type=\"column\">\n\t\t\t<div class=\"elementor-widget-wrap elementor-element-populated\">\n\t\t\t\t\t\t<div class=\"elementor-element elementor-element-b6a7ec5 elementor--h-position-center elementor--v-position-middle elementor-arrows-position-inside elementor-widget elementor-widget-slides\" data-id=\"b6a7ec5\" data-element_type=\"widget\" data-settings=\"{&quot;navigation&quot;:&quot;arrows&quot;,&quot;transition_speed&quot;:300,&quot;autoplay&quot;:&quot;yes&quot;,&quot;pause_on_hover&quot;:&quot;yes&quot;,&quot;pause_on_interaction&quot;:&quot;yes&quot;,&quot;autoplay_speed&quot;:5000,&quot;infinite&quot;:&quot;yes&quot;,&quot;transition&quot;:&quot;slide&quot;}\" data-widget_type=\"slides.default\">\n\t\t\t\t<div class=\"elementor-widget-container\">\n\t\t\t\t\t<div class=\"elementor-swiper\">\n\t\t\t<div class=\"elementor-slides-wrapper elementor-main-swiper swiper\" dir=\"ltr\" data-animation=\"fadeInUp\">\n\t\t\t\t<div class=\"swiper-wrapper elementor-slides\">\n\t\t\t\t\t\t\t\t\t\t<div class=\"elementor-repeater-item-8953b89 swiper-slide\"><div class=\"swiper-slide-bg\" role=\"img\"><\/div><div class=\"swiper-slide-inner\" ><div class=\"swiper-slide-contents\"><div class=\"elementor-slide-heading\">Conception<br\/> de votre projet<\/div><div class=\"elementor-slide-description\">La connaissance approfondie des march\u00e9s de l\u2019agroalimentaire et de la sant\u00e9 ainsi que l\u2019attention port\u00e9e aux \u00e9volutions et aux tendances par notre \u00e9quipe R&D nous permettent de vous conseiller et d\u2019accompagner en toute confiance vos projets, qu\u2019il s\u2019agisse d\u2019une cr\u00e9ation ou d\u2019une optimisation de formule. <br\/><br\/>Nous apportons une r\u00e9elle valeur ajout\u00e9e et menons nos activit\u00e9s en toute confidentialit\u00e9.<br\/>\n\u2022\tUne expertise de la gomme d\u2019acacia et d\u2019hydrocollo\u00efdes depuis 1895<br\/>\n\u2022\tUne expertise unique en mati\u00e8re d\u2019ingr\u00e9dients d\u2019origine v\u00e9g\u00e9tale<br\/>\n\u2022\tUne grande connaissance des plantes\/des botaniques, des fruits et des arbres du monde entier\n<\/div><\/div><\/div><\/div><div class=\"elementor-repeater-item-8d537c2 swiper-slide\"><div class=\"swiper-slide-bg\" role=\"img\"><\/div><div class=\"swiper-slide-inner\" ><div class=\"swiper-slide-contents\"><div class=\"elementor-slide-heading\">Tirer le meilleur<br\/> de votre nature<\/div><div class=\"elementor-slide-description\">Nous vous proposons des ingr\u00e9dients de la plus haute qualit\u00e9 gr\u00e2ce \u00e0 un engagement fort en faveur de l\u2019approvisionnement durable. Notre catalogue d\u2019ingr\u00e9dients nutritionnels et fonctionnels est en constante expansion.<br\/><br\/>\nNous proposons :<br\/>\n\u2022\tDes ingr\u00e9dients premium uniques, (Trade mark), soutenus par une approche scientifique<br\/>\n\u2022\tDes ingr\u00e9dients biologiques, pour des produits finis qui r\u00e9pondent pleinement aux tendances du march\u00e9<br\/>\n\u2022\tUne multitude d\u2019extraits botaniques et de superfruits plus que naturels\n<\/div><\/div><\/div><\/div><div class=\"elementor-repeater-item-6791c21 swiper-slide\"><div class=\"swiper-slide-bg\" role=\"img\"><\/div><div class=\"swiper-slide-inner\" ><div class=\"swiper-slide-contents\"><div class=\"elementor-slide-heading\">Fabrication<\/div><div class=\"elementor-slide-description\">Nous vous aidons \u00e0 atteindre vos objectifs, de l\u2019approvisionnement \u00e0 la conception de vos des produits finis. Nous relevons les d\u00e9fis auxquels sont confront\u00e9s nos clients en leur fournissant les ingr\u00e9dients dont ils ont besoin, et veillons \u00e0 ce que les produits soient adapt\u00e9s \u00e0 leur march\u00e9.<\/div><\/div><\/div><\/div><div class=\"elementor-repeater-item-f7aa904 swiper-slide\"><div class=\"swiper-slide-bg\" role=\"img\"><\/div><div class=\"swiper-slide-inner\" ><div class=\"swiper-slide-contents\"><div class=\"elementor-slide-heading\">Soutien<br\/> scientifique<\/div><div class=\"elementor-slide-description\">Nous optimisons les propri\u00e9t\u00e9s naturelles des ingr\u00e9dients et confirmons leurs bienfaits pour la sant\u00e9 de mani\u00e8re scientifique. Le contenu technique et scientifique des applications de nos clients est la cl\u00e9 de leur succ\u00e8s.<br\/>\nNotre d\u00e9partement de R&D :<br\/>\n\u2022\tm\u00e8ne des \u00e9tudes de d\u00e9monstration d\u2019une grande efficacit\u00e9 dans le domaine de la science de la pr\u00e9paration des aliments et des avantages pour la sant\u00e9 associ\u00e9s aux extraits v\u00e9g\u00e9taux ;<br\/>\n\u2022\ttravaille en \u00e9troite collaboration avec des experts renomm\u00e9s pour promouvoir des ingr\u00e9dients alimentaires fonctionnels test\u00e9s dans le cadre de la matrice finale.<br\/><br\/>\nNous fournissons des ingr\u00e9dients dont les avantages nutritionnels et physiologiques ont \u00e9t\u00e9 prouv\u00e9s par des \u00e9tudes pr\u00e9cliniques (in tubo, in vitro, in vivo) et cliniques selon des conditions scientifiques pr\u00e9alables.\n<\/div><\/div><\/div><\/div><div class=\"elementor-repeater-item-90b0920 swiper-slide\"><div class=\"swiper-slide-bg\" role=\"img\"><\/div><div class=\"swiper-slide-inner\" ><div class=\"swiper-slide-contents\"><div class=\"elementor-slide-heading\">Norme de production<br\/> et de qualit\u00e9<\/div><div class=\"elementor-slide-description\">Nos technologies de pointe nous permettent de r\u00e9pondre \u00e0 vos besoins les plus exigeants.<br\/>\nNotre engagement en faveur de la qualit\u00e9 est fort.<br\/>\n\u2022\tDes certificats de qualit\u00e9<br\/>\n\u2022\tNous disposons d'un laboratoire de pointe sur place, ce qui constitue un grand avantage pour mener nos propres tests de qualit\u00e9<br\/>\n\u2022\tUne expertise dans des secteurs complexes et fragiles<br\/>\n\u2022\tDes ingr\u00e9dients nutritionnels garantis de qualit\u00e9 exceptionnelle<br\/>\n\u2022\tUn conditionnement personnalis\u00e9, enti\u00e8rement adapt\u00e9 \u00e0 vos besoins\n<br\/><br\/>\nNous nous engageons \u00e0 mettre au point des ingr\u00e9dients premium uniques (Trade mark), pouvant \u00eatre utilis\u00e9s pour des produits de co-branding, ce qui vous permet de b\u00e9n\u00e9ficier de la r\u00e9putation de Nexira :<br\/>\n\u2022\tEfficacit\u00e9 et transparence<br\/>\n\u2022\tS\u00e9rieux et fiabilit\u00e9<br\/>\n\u2022\tExcellente r\u00e9putation<br\/>\n\u2022\tEffets positifs et \u00e9tudes cliniques\n<\/div><\/div><\/div><\/div><div class=\"elementor-repeater-item-137120e swiper-slide\"><div class=\"swiper-slide-bg\" role=\"img\"><\/div><div class=\"swiper-slide-inner\" ><div class=\"swiper-slide-contents\"><div class=\"elementor-slide-heading\">Commercialisation<br\/> mondiale<\/div><div class=\"elementor-slide-description\">Pr\u00e9sent sur les cinq continents, Nexira garantit la qualit\u00e9 de ses ingr\u00e9dients, dont la plupart sont fabriqu\u00e9s en France.<br\/> Notre connaissance approfondie des r\u00e9glementations internationales est un gage de r\u00e9ussite pour nos clients.<br\/>\nDe plus, en \u00e9troite collaboration et en toute confidentialit\u00e9, nos \u00e9quipes de support technique ont aid\u00e9 des centaines de clients \u00e0 optimiser leurs formulations et \u00e0 cr\u00e9er de nombreux nouveaux produits.<br\/><br\/>\nNotre vaste r\u00e9seau mondial de distribution et de commercialisation nous permet de vous accompagner partout o\u00f9 vous souhaitez aller sur le march\u00e9.<\/div><\/div><\/div><\/div>\t\t\t\t<\/div>\n\t\t\t\t\t\t\t\t\t\t\t\t\t\t\t\t\t\t\t\t<div class=\"elementor-swiper-button elementor-swiper-button-prev\" role=\"button\" tabindex=\"0\">\n\t\t\t\t\t\t\t<i aria-hidden=\"true\" class=\"eicon-chevron-left\"><\/i>\t\t\t\t\t\t\t<span class=\"elementor-screen-only\">Diapositive pr\u00e9c\u00e9dente<\/span>\n\t\t\t\t\t\t<\/div>\n\t\t\t\t\t\t<div class=\"elementor-swiper-button elementor-swiper-button-next\" role=\"button\" tabindex=\"0\">\n\t\t\t\t\t\t\t<i aria-hidden=\"true\" class=\"eicon-chevron-right\"><\/i>\t\t\t\t\t\t\t<span class=\"elementor-screen-only\">Diapositive suivante<\/span>\n\t\t\t\t\t\t<\/div>\n\t\t\t\t\t\t\t\t\t\t\t\t<\/div>\n\t\t<\/div>\n\t\t\t\t<\/div>\n\t\t\t\t<\/div>\n\t\t\t\t\t<\/div>\n\t\t<\/div>\n\t\t\t\t\t<\/div>\n\t\t<\/section>\n\t\t\t\t<\/div>\n\t\t","protected":false},"excerpt":{"rendered":"<p>La collaboration au c\u0153ur de nos priorit\u00e9s  <\/p>\n","protected":false},"author":1,"featured_media":2064,"parent":3288,"menu_order":0,"comment_status":"closed","ping_status":"closed","template":"","meta":{"_acf_changed":false,"_uag_custom_page_level_css":"","footnotes":""},"class_list":["post-3303","page","type-page","status-publish","has-post-thumbnail","hentry"],"acf":[],"yoast_head":"<!-- This site is optimized with the Yoast SEO plugin v23.4 - https:\/\/yoast.com\/wordpress\/plugins\/seo\/ -->\n<title>Accompagnement client - Nexira<\/title>\n<meta name=\"description\" content=\"Le service \u00e0 la client\u00e8le est au c\u0153ur de nos priorit\u00e9s et nous sommes fortement engag\u00e9s dans vos projets.\" \/>\n<meta name=\"robots\" content=\"index, follow, max-snippet:-1, max-image-preview:large, max-video-preview:-1\" \/>\n<link rel=\"canonical\" href=\"https:\/\/www.nexira.com\/fr\/nexira\/accompagnement-client\/\" \/>\n<meta property=\"og:locale\" content=\"fr_FR\" \/>\n<meta property=\"og:type\" content=\"article\" \/>\n<meta property=\"og:title\" content=\"Accompagnement client - Nexira\" \/>\n<meta property=\"og:description\" content=\"Le service \u00e0 la client\u00e8le est au c\u0153ur de nos priorit\u00e9s et nous sommes fortement engag\u00e9s dans vos projets.\" \/>\n<meta property=\"og:url\" content=\"https:\/\/www.nexira.com\/fr\/nexira\/accompagnement-client\/\" \/>\n<meta property=\"og:site_name\" content=\"Nexira\" \/>\n<meta property=\"article:modified_time\" content=\"2024-10-03T15:36:49+00:00\" \/>\n<meta property=\"og:image\" content=\"https:\/\/www.nexira.com\/wp-content\/uploads\/2020\/05\/img-personalized-support.jpg\" \/>\n\t<meta property=\"og:image:width\" content=\"674\" \/>\n\t<meta property=\"og:image:height\" content=\"554\" \/>\n\t<meta property=\"og:image:type\" content=\"image\/jpeg\" \/>\n<meta name=\"twitter:card\" content=\"summary_large_image\" \/>\n<meta name=\"twitter:label1\" content=\"Dur\u00e9e de lecture estim\u00e9e\" \/>\n\t<meta name=\"twitter:data1\" content=\"9 minutes\" \/>\n<script type=\"application\/ld+json\" class=\"yoast-schema-graph\">{\"@context\":\"https:\/\/schema.org\",\"@graph\":[{\"@type\":\"WebPage\",\"@id\":\"https:\/\/www.nexira.com\/fr\/nexira\/accompagnement-client\/\",\"url\":\"https:\/\/www.nexira.com\/fr\/nexira\/accompagnement-client\/\",\"name\":\"Accompagnement client - Nexira\",\"isPartOf\":{\"@id\":\"https:\/\/www.nexira.com\/#website\"},\"primaryImageOfPage\":{\"@id\":\"https:\/\/www.nexira.com\/fr\/nexira\/accompagnement-client\/#primaryimage\"},\"image\":{\"@id\":\"https:\/\/www.nexira.com\/fr\/nexira\/accompagnement-client\/#primaryimage\"},\"thumbnailUrl\":\"https:\/\/www.nexira.com\/wp-content\/uploads\/2020\/05\/img-personalized-support.jpg\",\"datePublished\":\"2020-06-29T09:39:15+00:00\",\"dateModified\":\"2024-10-03T15:36:49+00:00\",\"description\":\"Le service \u00e0 la client\u00e8le est au c\u0153ur de nos priorit\u00e9s et nous sommes fortement engag\u00e9s dans vos projets.\",\"breadcrumb\":{\"@id\":\"https:\/\/www.nexira.com\/fr\/nexira\/accompagnement-client\/#breadcrumb\"},\"inLanguage\":\"fr-FR\",\"potentialAction\":[{\"@type\":\"ReadAction\",\"target\":[\"https:\/\/www.nexira.com\/fr\/nexira\/accompagnement-client\/\"]}]},{\"@type\":\"ImageObject\",\"inLanguage\":\"fr-FR\",\"@id\":\"https:\/\/www.nexira.com\/fr\/nexira\/accompagnement-client\/#primaryimage\",\"url\":\"https:\/\/www.nexira.com\/wp-content\/uploads\/2020\/05\/img-personalized-support.jpg\",\"contentUrl\":\"https:\/\/www.nexira.com\/wp-content\/uploads\/2020\/05\/img-personalized-support.jpg\",\"width\":674,\"height\":554},{\"@type\":\"BreadcrumbList\",\"@id\":\"https:\/\/www.nexira.com\/fr\/nexira\/accompagnement-client\/#breadcrumb\",\"itemListElement\":[{\"@type\":\"ListItem\",\"position\":1,\"name\":\"Accueil\",\"item\":\"https:\/\/www.nexira.com\/\"},{\"@type\":\"ListItem\",\"position\":2,\"name\":\"Nexira\",\"item\":\"https:\/\/www.nexira.com\/fr\/nexira\/\"},{\"@type\":\"ListItem\",\"position\":3,\"name\":\"Accompagnement client\"}]},{\"@type\":\"WebSite\",\"@id\":\"https:\/\/www.nexira.com\/#website\",\"url\":\"https:\/\/www.nexira.com\/\",\"name\":\"Nexira\",\"description\":\"Innovation Inspired by Nature\",\"publisher\":{\"@id\":\"https:\/\/www.nexira.com\/#organization\"},\"potentialAction\":[{\"@type\":\"SearchAction\",\"target\":{\"@type\":\"EntryPoint\",\"urlTemplate\":\"https:\/\/www.nexira.com\/?s={search_term_string}\"},\"query-input\":{\"@type\":\"PropertyValueSpecification\",\"valueRequired\":true,\"valueName\":\"search_term_string\"}}],\"inLanguage\":\"fr-FR\"},{\"@type\":\"Organization\",\"@id\":\"https:\/\/www.nexira.com\/#organization\",\"name\":\"Nexira\",\"url\":\"https:\/\/www.nexira.com\/\",\"logo\":{\"@type\":\"ImageObject\",\"inLanguage\":\"fr-FR\",\"@id\":\"https:\/\/www.nexira.com\/#\/schema\/logo\/image\/\",\"url\":\"https:\/\/www.nexira.com\/wp-content\/uploads\/2020\/05\/logo-nexira.png\",\"contentUrl\":\"https:\/\/www.nexira.com\/wp-content\/uploads\/2020\/05\/logo-nexira.png\",\"width\":362,\"height\":94,\"caption\":\"Nexira\"},\"image\":{\"@id\":\"https:\/\/www.nexira.com\/#\/schema\/logo\/image\/\"}}]}<\/script>\n<!-- \/ Yoast SEO plugin. -->","yoast_head_json":{"title":"Accompagnement client - Nexira","description":"Le service \u00e0 la client\u00e8le est au c\u0153ur de nos priorit\u00e9s et nous sommes fortement engag\u00e9s dans vos projets.","robots":{"index":"index","follow":"follow","max-snippet":"max-snippet:-1","max-image-preview":"max-image-preview:large","max-video-preview":"max-video-preview:-1"},"canonical":"https:\/\/www.nexira.com\/fr\/nexira\/accompagnement-client\/","og_locale":"fr_FR","og_type":"article","og_title":"Accompagnement client - Nexira","og_description":"Le service \u00e0 la client\u00e8le est au c\u0153ur de nos priorit\u00e9s et nous sommes fortement engag\u00e9s dans vos projets.","og_url":"https:\/\/www.nexira.com\/fr\/nexira\/accompagnement-client\/","og_site_name":"Nexira","article_modified_time":"2024-10-03T15:36:49+00:00","og_image":[{"width":674,"height":554,"url":"https:\/\/www.nexira.com\/wp-content\/uploads\/2020\/05\/img-personalized-support.jpg","type":"image\/jpeg"}],"twitter_card":"summary_large_image","twitter_misc":{"Dur\u00e9e de lecture estim\u00e9e":"9 minutes"},"schema":{"@context":"https:\/\/schema.org","@graph":[{"@type":"WebPage","@id":"https:\/\/www.nexira.com\/fr\/nexira\/accompagnement-client\/","url":"https:\/\/www.nexira.com\/fr\/nexira\/accompagnement-client\/","name":"Accompagnement client - Nexira","isPartOf":{"@id":"https:\/\/www.nexira.com\/#website"},"primaryImageOfPage":{"@id":"https:\/\/www.nexira.com\/fr\/nexira\/accompagnement-client\/#primaryimage"},"image":{"@id":"https:\/\/www.nexira.com\/fr\/nexira\/accompagnement-client\/#primaryimage"},"thumbnailUrl":"https:\/\/www.nexira.com\/wp-content\/uploads\/2020\/05\/img-personalized-support.jpg","datePublished":"2020-06-29T09:39:15+00:00","dateModified":"2024-10-03T15:36:49+00:00","description":"Le service \u00e0 la client\u00e8le est au c\u0153ur de nos priorit\u00e9s et nous sommes fortement engag\u00e9s dans vos projets.","breadcrumb":{"@id":"https:\/\/www.nexira.com\/fr\/nexira\/accompagnement-client\/#breadcrumb"},"inLanguage":"fr-FR","potentialAction":[{"@type":"ReadAction","target":["https:\/\/www.nexira.com\/fr\/nexira\/accompagnement-client\/"]}]},{"@type":"ImageObject","inLanguage":"fr-FR","@id":"https:\/\/www.nexira.com\/fr\/nexira\/accompagnement-client\/#primaryimage","url":"https:\/\/www.nexira.com\/wp-content\/uploads\/2020\/05\/img-personalized-support.jpg","contentUrl":"https:\/\/www.nexira.com\/wp-content\/uploads\/2020\/05\/img-personalized-support.jpg","width":674,"height":554},{"@type":"BreadcrumbList","@id":"https:\/\/www.nexira.com\/fr\/nexira\/accompagnement-client\/#breadcrumb","itemListElement":[{"@type":"ListItem","position":1,"name":"Accueil","item":"https:\/\/www.nexira.com\/"},{"@type":"ListItem","position":2,"name":"Nexira","item":"https:\/\/www.nexira.com\/fr\/nexira\/"},{"@type":"ListItem","position":3,"name":"Accompagnement client"}]},{"@type":"WebSite","@id":"https:\/\/www.nexira.com\/#website","url":"https:\/\/www.nexira.com\/","name":"Nexira","description":"Innovation Inspired by Nature","publisher":{"@id":"https:\/\/www.nexira.com\/#organization"},"potentialAction":[{"@type":"SearchAction","target":{"@type":"EntryPoint","urlTemplate":"https:\/\/www.nexira.com\/?s={search_term_string}"},"query-input":{"@type":"PropertyValueSpecification","valueRequired":true,"valueName":"search_term_string"}}],"inLanguage":"fr-FR"},{"@type":"Organization","@id":"https:\/\/www.nexira.com\/#organization","name":"Nexira","url":"https:\/\/www.nexira.com\/","logo":{"@type":"ImageObject","inLanguage":"fr-FR","@id":"https:\/\/www.nexira.com\/#\/schema\/logo\/image\/","url":"https:\/\/www.nexira.com\/wp-content\/uploads\/2020\/05\/logo-nexira.png","contentUrl":"https:\/\/www.nexira.com\/wp-content\/uploads\/2020\/05\/logo-nexira.png","width":362,"height":94,"caption":"Nexira"},"image":{"@id":"https:\/\/www.nexira.com\/#\/schema\/logo\/image\/"}}]}},"uagb_featured_image_src":{"full":["https:\/\/www.nexira.com\/wp-content\/uploads\/2020\/05\/img-personalized-support.jpg",674,554,false],"thumbnail":["https:\/\/www.nexira.com\/wp-content\/uploads\/2020\/05\/img-personalized-support-150x150.jpg",150,150,true],"medium":["https:\/\/www.nexira.com\/wp-content\/uploads\/2020\/05\/img-personalized-support-600x493.jpg",600,493,true],"medium_large":["https:\/\/www.nexira.com\/wp-content\/uploads\/2020\/05\/img-personalized-support.jpg",674,554,false],"large":["https:\/\/www.nexira.com\/wp-content\/uploads\/2020\/05\/img-personalized-support.jpg",674,554,false],"1536x1536":["https:\/\/www.nexira.com\/wp-content\/uploads\/2020\/05\/img-personalized-support.jpg",674,554,false],"2048x2048":["https:\/\/www.nexira.com\/wp-content\/uploads\/2020\/05\/img-personalized-support.jpg",674,554,false],"full_width":["https:\/\/www.nexira.com\/wp-content\/uploads\/2020\/05\/img-personalized-support.jpg",674,554,false]},"uagb_author_info":{"display_name":"nutrikeo","author_link":"https:\/\/www.nexira.com\/fr\/author\/nutrikeo\/"},"uagb_comment_info":0,"uagb_excerpt":"La collaboration au c\u0153ur de nos priorit\u00e9s","_links":{"self":[{"href":"https:\/\/www.nexira.com\/fr\/wp-json\/wp\/v2\/pages\/3303"}],"collection":[{"href":"https:\/\/www.nexira.com\/fr\/wp-json\/wp\/v2\/pages"}],"about":[{"href":"https:\/\/www.nexira.com\/fr\/wp-json\/wp\/v2\/types\/page"}],"author":[{"embeddable":true,"href":"https:\/\/www.nexira.com\/fr\/wp-json\/wp\/v2\/users\/1"}],"replies":[{"embeddable":true,"href":"https:\/\/www.nexira.com\/fr\/wp-json\/wp\/v2\/comments?post=3303"}],"version-history":[{"count":12,"href":"https:\/\/www.nexira.com\/fr\/wp-json\/wp\/v2\/pages\/3303\/revisions"}],"predecessor-version":[{"id":10016454,"href":"https:\/\/www.nexira.com\/fr\/wp-json\/wp\/v2\/pages\/3303\/revisions\/10016454"}],"up":[{"embeddable":true,"href":"https:\/\/www.nexira.com\/fr\/wp-json\/wp\/v2\/pages\/3288"}],"wp:featuredmedia":[{"embeddable":true,"href":"https:\/\/www.nexira.com\/fr\/wp-json\/wp\/v2\/media\/2064"}],"wp:attachment":[{"href":"https:\/\/www.nexira.com\/fr\/wp-json\/wp\/v2\/media?parent=3303"}],"curies":[{"name":"wp","href":"https:\/\/api.w.org\/{rel}","templated":true}]}}