{"id":3313,"date":"2020-06-29T11:57:21","date_gmt":"2020-06-29T09:57:21","guid":{"rendered":"https:\/\/www.nexira.com\/engagements\/"},"modified":"2026-03-20T15:57:38","modified_gmt":"2026-03-20T14:57:38","slug":"engagements","status":"publish","type":"page","link":"https:\/\/www.nexira.com\/fr\/engagements\/","title":{"rendered":"Engagements"},"content":{"rendered":"\n<section class=\"wp-block-uagb-section uagb-section__wrap uagb-section__background-image alignfull uagb-block-f5f8098a\"><div class=\"uagb-section__overlay\"><\/div><div class=\"uagb-section__inner-wrap\">\n<section class=\"wp-block-uagb-section uagb-section__wrap uagb-section__background-color uagb-block-1ddca8bf\"><div class=\"uagb-section__overlay\"><\/div><div class=\"uagb-section__inner-wrap\">\n<h1 class=\"wp-block-heading has-text-align-center title-lines\" style=\"font-size:28px\">NATURELLEMENT ENGAG\u00c9<\/h1>\n\n\n\n<div style=\"height:20px\" aria-hidden=\"true\" class=\"wp-block-spacer\"><\/div>\n\n\n\n<p>Depuis sa cr\u00e9ation, Nexira s&rsquo;engage dans le d\u00e9veloppement durable et prend un soin particulier \u00e0 pr\u00e9server les origines des mati\u00e8res premi\u00e8res que nous offre la nature. Notre engagement quotidien repose sur trois actions majeures :<\/p>\n\n\n\n<div style=\"height:20px\" aria-hidden=\"true\" class=\"wp-block-spacer\"><\/div>\n\n\n\n<div class=\"wp-block-columns is-layout-flex wp-container-core-columns-is-layout-1 wp-block-columns-is-layout-flex\">\n<div class=\"wp-block-column is-layout-flow wp-block-column-is-layout-flow\">\n<figure class=\"wp-block-image size-large\"><img fetchpriority=\"high\" decoding=\"async\" width=\"654\" height=\"281\" src=\"https:\/\/www.nexira.com\/wp-content\/uploads\/2020\/06\/engagements1.png\" alt=\"\" class=\"wp-image-3465\" srcset=\"https:\/\/www.nexira.com\/wp-content\/uploads\/2020\/06\/engagements1.png 654w, https:\/\/www.nexira.com\/wp-content\/uploads\/2020\/06\/engagements1-600x258.png 600w\" sizes=\"(max-width: 654px) 100vw, 654px\" \/><\/figure>\n<\/div>\n\n\n\n<div class=\"wp-block-column is-layout-flow wp-block-column-is-layout-flow\">\n<figure class=\"wp-block-image size-large\"><img decoding=\"async\" width=\"515\" height=\"281\" src=\"https:\/\/www.nexira.com\/wp-content\/uploads\/2020\/06\/engagements2.png\" alt=\"\" class=\"wp-image-3468\"\/><\/figure>\n\n\n\n<p><\/p>\n<\/div>\n\n\n\n<div class=\"wp-block-column is-layout-flow wp-block-column-is-layout-flow\">\n<figure class=\"wp-block-image size-large\"><img decoding=\"async\" width=\"536\" height=\"281\" src=\"https:\/\/www.nexira.com\/wp-content\/uploads\/2020\/06\/engagements3.png\" alt=\"\" class=\"wp-image-3471\"\/><\/figure>\n<\/div>\n<\/div>\n\n\n<div class=\"wp-block-image\">\n<figure class=\"aligncenter size-full is-resized\"><a href=\"https:\/\/infos.nexira.com\/csr-report-2025\"><img loading=\"lazy\" decoding=\"async\" width=\"600\" height=\"200\" src=\"https:\/\/www.nexira.com\/wp-content\/uploads\/2026\/03\/csr-report-2025.png\" alt=\"New CSR report 2025 download\" class=\"wp-image-10018239\" style=\"width:600px;height:auto\"\/><\/a><\/figure><\/div><\/div><\/section>\n<\/div><\/section>\n\n\n\n<div style=\"height:50px\" aria-hidden=\"true\" class=\"wp-block-spacer\"><\/div>\n\n\n\n<h2 class=\"wp-block-heading title-lines\">D\u00e9couvrez nos engagements<\/h2>\n\n\n    <div id=\"btw_selected_pages-block_4a99277031b6ba1f1e101bbb59829651\" class=\"btw_selected_pages\">\n\t\t<div class=\"grid_cards_pages nb4\">\n\t\t\t\t\t\t\t\t\t\t\t\t\t\n<article class=\"card post-3322 page type-page status-publish has-post-thumbnail hentry\" id=\"post-3322\">\n\t\t\t<figure class=\"card-img\">\n\t\t\t<img loading=\"lazy\" decoding=\"async\" width=\"600\" height=\"400\" src=\"https:\/\/www.nexira.com\/wp-content\/uploads\/2020\/05\/img-tree-600x400.jpg\" class=\"attachment-medium size-medium wp-image-2679 wp-post-image\" alt=\"\" srcset=\"https:\/\/www.nexira.com\/wp-content\/uploads\/2020\/05\/img-tree-600x400.jpg 600w, https:\/\/www.nexira.com\/wp-content\/uploads\/2020\/05\/img-tree-1140x760.jpg 1140w, https:\/\/www.nexira.com\/wp-content\/uploads\/2020\/05\/img-tree-768x512.jpg 768w, https:\/\/www.nexira.com\/wp-content\/uploads\/2020\/05\/img-tree-1536x1024.jpg 1536w, https:\/\/www.nexira.com\/wp-content\/uploads\/2020\/05\/img-tree-2048x1365.jpg 2048w\" sizes=\"(max-width: 600px) 100vw, 600px\" \/>\t\t\t\t\t<\/figure>\n\t\t\n\t\t\n\t\t\t\t\t\t<div class=\"card-body\">\n\t\t\t<h3 class=\"card-title\" >Durabilit\u00e9<\/h3>\n\t\t\t\t\t\t\t\t\t\t\t<p class=\"card-excerpt\">Notre engagement unique pour le d\u00e9veloppement durable de l\u2019acacia<\/p>\n\t\t\t\t\t\t\t\t\t\t\t\t\t\t<p class=\"card-discover\">Discover more<\/p>\n\t\t\t\t\t<\/div>\n\t<a href=\"https:\/\/www.nexira.com\/fr\/engagements\/durabilite\/\" class=\"stretched-link\"><\/a>\n\n\n<\/article><!-- #post-## -->\n\t\t\t\t\t\t\t\t\t\t\t\t\t\n<article class=\"card post-3339 page type-page status-publish has-post-thumbnail hentry\" id=\"post-3339\">\n\t\t\t<figure class=\"card-img\">\n\t\t\t<img loading=\"lazy\" decoding=\"async\" width=\"600\" height=\"450\" src=\"https:\/\/www.nexira.com\/wp-content\/uploads\/2020\/02\/cactus-600x450.jpg\" class=\"attachment-medium size-medium wp-image-232 wp-post-image\" alt=\"\" srcset=\"https:\/\/www.nexira.com\/wp-content\/uploads\/2020\/02\/cactus-600x450.jpg 600w, https:\/\/www.nexira.com\/wp-content\/uploads\/2020\/02\/cactus-1140x855.jpg 1140w, https:\/\/www.nexira.com\/wp-content\/uploads\/2020\/02\/cactus-768x576.jpg 768w, https:\/\/www.nexira.com\/wp-content\/uploads\/2020\/02\/cactus-1536x1152.jpg 1536w, https:\/\/www.nexira.com\/wp-content\/uploads\/2020\/02\/cactus-2048x1536.jpg 2048w\" sizes=\"(max-width: 600px) 100vw, 600px\" \/>\t\t\t\t\t<\/figure>\n\t\t\n\t\t\n\t\t\t\t\t\t<div class=\"card-body\">\n\t\t\t<h3 class=\"card-title\" >Approvisionnement responsable<\/h3>\n\t\t\t\t\t\t\t\t\t\t\t<p class=\"card-excerpt\">Une qualit\u00e9 premium issue d\u2019un approvisionnement durable<\/p>\n\t\t\t\t\t\t\t\t\t\t\t\t\t\t<p class=\"card-discover\">Discover more<\/p>\n\t\t\t\t\t<\/div>\n\t<a href=\"https:\/\/www.nexira.com\/fr\/engagements\/approvisionnement-responsable\/\" class=\"stretched-link\"><\/a>\n\n\n<\/article><!-- #post-## -->\n\t\t\t\t\t\t\t\t\t\t\t\t\t\n<article class=\"card post-3342 page type-page status-publish has-post-thumbnail hentry\" id=\"post-3342\">\n\t\t\t<figure class=\"card-img\">\n\t\t\t<img loading=\"lazy\" decoding=\"async\" width=\"600\" height=\"231\" src=\"https:\/\/www.nexira.com\/wp-content\/uploads\/2020\/05\/img-leaves-600x231.jpg\" class=\"attachment-medium size-medium wp-image-2692 wp-post-image\" alt=\"\" srcset=\"https:\/\/www.nexira.com\/wp-content\/uploads\/2020\/05\/img-leaves-600x231.jpg 600w, https:\/\/www.nexira.com\/wp-content\/uploads\/2020\/05\/img-leaves-1140x439.jpg 1140w, https:\/\/www.nexira.com\/wp-content\/uploads\/2020\/05\/img-leaves-768x296.jpg 768w, https:\/\/www.nexira.com\/wp-content\/uploads\/2020\/05\/img-leaves-1536x591.jpg 1536w, https:\/\/www.nexira.com\/wp-content\/uploads\/2020\/05\/img-leaves-2048x788.jpg 2048w\" sizes=\"(max-width: 600px) 100vw, 600px\" \/>\t\t\t\t\t<\/figure>\n\t\t\n\t\t\n\t\t\t\t\t\t<div class=\"card-body\">\n\t\t\t<h3 class=\"card-title\" >Clean label &#038; Biologique<\/h3>\n\t\t\t\t\t\t\t\t\t\t\t<p class=\"card-excerpt\">Transparence et naturalit\u00e9 prouv\u00e9es <\/p>\n\t\t\t\t\t\t\t\t\t\t\t\t\t\t<p class=\"card-discover\">Discover more<\/p>\n\t\t\t\t\t<\/div>\n\t<a href=\"https:\/\/www.nexira.com\/fr\/engagements\/clean-label-biologique\/\" class=\"stretched-link\"><\/a>\n\n\n<\/article><!-- #post-## -->\n\t\t\t\t\t\t\t\t\t\t\t\t\t\n<article class=\"card post-5236 page type-page status-publish has-post-thumbnail hentry\" id=\"post-5236\">\n\t\t\t<figure class=\"card-img\">\n\t\t\t<img loading=\"lazy\" decoding=\"async\" width=\"600\" height=\"287\" src=\"https:\/\/www.nexira.com\/wp-content\/uploads\/2020\/05\/image001-600x287.jpg\" class=\"attachment-medium size-medium wp-image-2849 wp-post-image\" alt=\"botanical extracts\" srcset=\"https:\/\/www.nexira.com\/wp-content\/uploads\/2020\/05\/image001-600x287.jpg 600w, https:\/\/www.nexira.com\/wp-content\/uploads\/2020\/05\/image001-1140x546.jpg 1140w, https:\/\/www.nexira.com\/wp-content\/uploads\/2020\/05\/image001-768x368.jpg 768w, https:\/\/www.nexira.com\/wp-content\/uploads\/2020\/05\/image001-1536x736.jpg 1536w, https:\/\/www.nexira.com\/wp-content\/uploads\/2020\/05\/image001-2048x981.jpg 2048w\" sizes=\"(max-width: 600px) 100vw, 600px\" \/>\t\t\t\t\t<\/figure>\n\t\t\n\t\t\n\t\t\t\t\t\t<div class=\"card-body\">\n\t\t\t<h3 class=\"card-title\" >Strat\u00e9gie bas-carbone<\/h3>\n\t\t\t\t\t\t\t\t\t\t\t<p class=\"card-excerpt\">inavea\u2122, la premi\u00e8re marque d&rsquo;ingr\u00e9dients bas en carbone<\/p>\n\t\t\t\t\t\t\t\t\t\t\t\t\t\t<p class=\"card-discover\">Discover more<\/p>\n\t\t\t\t\t<\/div>\n\t<a href=\"https:\/\/www.nexira.com\/fr\/engagements\/strategie-bas-carbone\/\" class=\"stretched-link\"><\/a>\n\n\n<\/article><!-- #post-## -->\n\t\t\t\t\t\t\t\t<\/div>\n    <\/div>\n    \n\n\n<div style=\"height:80px\" aria-hidden=\"true\" class=\"wp-block-spacer\"><\/div>\n\n\n\n<figure class=\"wp-block-image alignfull size-large mb-0\"><img loading=\"lazy\" decoding=\"async\" width=\"1140\" height=\"420\" src=\"https:\/\/www.nexira.com\/wp-content\/uploads\/2020\/05\/img-beyond-sustainability-1140x420.jpg\" alt=\"\" class=\"wp-image-2672\" srcset=\"https:\/\/www.nexira.com\/wp-content\/uploads\/2020\/05\/img-beyond-sustainability-1140x420.jpg 1140w, https:\/\/www.nexira.com\/wp-content\/uploads\/2020\/05\/img-beyond-sustainability-600x221.jpg 600w, https:\/\/www.nexira.com\/wp-content\/uploads\/2020\/05\/img-beyond-sustainability-768x283.jpg 768w, https:\/\/www.nexira.com\/wp-content\/uploads\/2020\/05\/img-beyond-sustainability-1536x565.jpg 1536w, https:\/\/www.nexira.com\/wp-content\/uploads\/2020\/05\/img-beyond-sustainability-2048x754.jpg 2048w\" sizes=\"(max-width: 1140px) 100vw, 1140px\" \/><\/figure>\n","protected":false},"excerpt":{"rendered":"<p>D\u00e9couvrez nos engagements<\/p>\n","protected":false},"author":2,"featured_media":0,"parent":0,"menu_order":0,"comment_status":"closed","ping_status":"closed","template":"","meta":{"_acf_changed":false,"_uag_custom_page_level_css":"","footnotes":""},"class_list":["post-3313","page","type-page","status-publish","hentry"],"acf":[],"yoast_head":"<!-- This site is optimized with the Yoast SEO plugin v23.4 - https:\/\/yoast.com\/wordpress\/plugins\/seo\/ -->\n<title>Engagements - Nexira<\/title>\n<meta name=\"description\" content=\"Depuis sa cr\u00e9ation, Nexira s&#039;est engag\u00e9e dans le d\u00e9veloppement durable et a pris un soin particulier \u00e0 pr\u00e9server les origines des mati\u00e8res premi\u00e8res\" \/>\n<meta name=\"robots\" content=\"index, follow, max-snippet:-1, max-image-preview:large, max-video-preview:-1\" \/>\n<link rel=\"canonical\" href=\"https:\/\/www.nexira.com\/fr\/engagements\/\" \/>\n<meta property=\"og:locale\" content=\"fr_FR\" \/>\n<meta property=\"og:type\" content=\"article\" \/>\n<meta property=\"og:title\" content=\"Engagements - Nexira\" \/>\n<meta property=\"og:description\" content=\"Depuis sa cr\u00e9ation, Nexira s&#039;est engag\u00e9e dans le d\u00e9veloppement durable et a pris un soin particulier \u00e0 pr\u00e9server les origines des mati\u00e8res premi\u00e8res\" \/>\n<meta property=\"og:url\" content=\"https:\/\/www.nexira.com\/fr\/engagements\/\" \/>\n<meta property=\"og:site_name\" content=\"Nexira\" \/>\n<meta property=\"article:modified_time\" content=\"2026-03-20T14:57:38+00:00\" \/>\n<meta property=\"og:image\" content=\"https:\/\/www.nexira.com\/wp-content\/uploads\/2020\/06\/engagements1.png\" \/>\n<meta name=\"twitter:card\" content=\"summary_large_image\" \/>\n<meta name=\"twitter:label1\" content=\"Dur\u00e9e de lecture estim\u00e9e\" \/>\n\t<meta name=\"twitter:data1\" content=\"2 minutes\" \/>\n<script type=\"application\/ld+json\" class=\"yoast-schema-graph\">{\"@context\":\"https:\/\/schema.org\",\"@graph\":[{\"@type\":\"WebPage\",\"@id\":\"https:\/\/www.nexira.com\/fr\/engagements\/\",\"url\":\"https:\/\/www.nexira.com\/fr\/engagements\/\",\"name\":\"Engagements - Nexira\",\"isPartOf\":{\"@id\":\"https:\/\/www.nexira.com\/#website\"},\"primaryImageOfPage\":{\"@id\":\"https:\/\/www.nexira.com\/fr\/engagements\/#primaryimage\"},\"image\":{\"@id\":\"https:\/\/www.nexira.com\/fr\/engagements\/#primaryimage\"},\"thumbnailUrl\":\"https:\/\/www.nexira.com\/wp-content\/uploads\/2020\/06\/engagements1.png\",\"datePublished\":\"2020-06-29T09:57:21+00:00\",\"dateModified\":\"2026-03-20T14:57:38+00:00\",\"description\":\"Depuis sa cr\u00e9ation, Nexira s'est engag\u00e9e dans le d\u00e9veloppement durable et a pris un soin particulier \u00e0 pr\u00e9server les origines des mati\u00e8res premi\u00e8res\",\"breadcrumb\":{\"@id\":\"https:\/\/www.nexira.com\/fr\/engagements\/#breadcrumb\"},\"inLanguage\":\"fr-FR\",\"potentialAction\":[{\"@type\":\"ReadAction\",\"target\":[\"https:\/\/www.nexira.com\/fr\/engagements\/\"]}]},{\"@type\":\"ImageObject\",\"inLanguage\":\"fr-FR\",\"@id\":\"https:\/\/www.nexira.com\/fr\/engagements\/#primaryimage\",\"url\":\"https:\/\/www.nexira.com\/wp-content\/uploads\/2020\/06\/engagements1.png\",\"contentUrl\":\"https:\/\/www.nexira.com\/wp-content\/uploads\/2020\/06\/engagements1.png\"},{\"@type\":\"BreadcrumbList\",\"@id\":\"https:\/\/www.nexira.com\/fr\/engagements\/#breadcrumb\",\"itemListElement\":[{\"@type\":\"ListItem\",\"position\":1,\"name\":\"Accueil\",\"item\":\"https:\/\/www.nexira.com\/\"},{\"@type\":\"ListItem\",\"position\":2,\"name\":\"Engagements\"}]},{\"@type\":\"WebSite\",\"@id\":\"https:\/\/www.nexira.com\/#website\",\"url\":\"https:\/\/www.nexira.com\/\",\"name\":\"Nexira\",\"description\":\"Innovation Inspired by Nature\",\"publisher\":{\"@id\":\"https:\/\/www.nexira.com\/#organization\"},\"potentialAction\":[{\"@type\":\"SearchAction\",\"target\":{\"@type\":\"EntryPoint\",\"urlTemplate\":\"https:\/\/www.nexira.com\/?s={search_term_string}\"},\"query-input\":{\"@type\":\"PropertyValueSpecification\",\"valueRequired\":true,\"valueName\":\"search_term_string\"}}],\"inLanguage\":\"fr-FR\"},{\"@type\":\"Organization\",\"@id\":\"https:\/\/www.nexira.com\/#organization\",\"name\":\"Nexira\",\"url\":\"https:\/\/www.nexira.com\/\",\"logo\":{\"@type\":\"ImageObject\",\"inLanguage\":\"fr-FR\",\"@id\":\"https:\/\/www.nexira.com\/#\/schema\/logo\/image\/\",\"url\":\"https:\/\/www.nexira.com\/wp-content\/uploads\/2020\/05\/logo-nexira.png\",\"contentUrl\":\"https:\/\/www.nexira.com\/wp-content\/uploads\/2020\/05\/logo-nexira.png\",\"width\":362,\"height\":94,\"caption\":\"Nexira\"},\"image\":{\"@id\":\"https:\/\/www.nexira.com\/#\/schema\/logo\/image\/\"}}]}<\/script>\n<!-- \/ Yoast SEO plugin. -->","yoast_head_json":{"title":"Engagements - Nexira","description":"Depuis sa cr\u00e9ation, Nexira s'est engag\u00e9e dans le d\u00e9veloppement durable et a pris un soin particulier \u00e0 pr\u00e9server les origines des mati\u00e8res premi\u00e8res","robots":{"index":"index","follow":"follow","max-snippet":"max-snippet:-1","max-image-preview":"max-image-preview:large","max-video-preview":"max-video-preview:-1"},"canonical":"https:\/\/www.nexira.com\/fr\/engagements\/","og_locale":"fr_FR","og_type":"article","og_title":"Engagements - Nexira","og_description":"Depuis sa cr\u00e9ation, Nexira s'est engag\u00e9e dans le d\u00e9veloppement durable et a pris un soin particulier \u00e0 pr\u00e9server les origines des mati\u00e8res premi\u00e8res","og_url":"https:\/\/www.nexira.com\/fr\/engagements\/","og_site_name":"Nexira","article_modified_time":"2026-03-20T14:57:38+00:00","og_image":[{"url":"https:\/\/www.nexira.com\/wp-content\/uploads\/2020\/06\/engagements1.png"}],"twitter_card":"summary_large_image","twitter_misc":{"Dur\u00e9e de lecture estim\u00e9e":"2 minutes"},"schema":{"@context":"https:\/\/schema.org","@graph":[{"@type":"WebPage","@id":"https:\/\/www.nexira.com\/fr\/engagements\/","url":"https:\/\/www.nexira.com\/fr\/engagements\/","name":"Engagements - Nexira","isPartOf":{"@id":"https:\/\/www.nexira.com\/#website"},"primaryImageOfPage":{"@id":"https:\/\/www.nexira.com\/fr\/engagements\/#primaryimage"},"image":{"@id":"https:\/\/www.nexira.com\/fr\/engagements\/#primaryimage"},"thumbnailUrl":"https:\/\/www.nexira.com\/wp-content\/uploads\/2020\/06\/engagements1.png","datePublished":"2020-06-29T09:57:21+00:00","dateModified":"2026-03-20T14:57:38+00:00","description":"Depuis sa cr\u00e9ation, Nexira s'est engag\u00e9e dans le d\u00e9veloppement durable et a pris un soin particulier \u00e0 pr\u00e9server les origines des mati\u00e8res premi\u00e8res","breadcrumb":{"@id":"https:\/\/www.nexira.com\/fr\/engagements\/#breadcrumb"},"inLanguage":"fr-FR","potentialAction":[{"@type":"ReadAction","target":["https:\/\/www.nexira.com\/fr\/engagements\/"]}]},{"@type":"ImageObject","inLanguage":"fr-FR","@id":"https:\/\/www.nexira.com\/fr\/engagements\/#primaryimage","url":"https:\/\/www.nexira.com\/wp-content\/uploads\/2020\/06\/engagements1.png","contentUrl":"https:\/\/www.nexira.com\/wp-content\/uploads\/2020\/06\/engagements1.png"},{"@type":"BreadcrumbList","@id":"https:\/\/www.nexira.com\/fr\/engagements\/#breadcrumb","itemListElement":[{"@type":"ListItem","position":1,"name":"Accueil","item":"https:\/\/www.nexira.com\/"},{"@type":"ListItem","position":2,"name":"Engagements"}]},{"@type":"WebSite","@id":"https:\/\/www.nexira.com\/#website","url":"https:\/\/www.nexira.com\/","name":"Nexira","description":"Innovation Inspired by Nature","publisher":{"@id":"https:\/\/www.nexira.com\/#organization"},"potentialAction":[{"@type":"SearchAction","target":{"@type":"EntryPoint","urlTemplate":"https:\/\/www.nexira.com\/?s={search_term_string}"},"query-input":{"@type":"PropertyValueSpecification","valueRequired":true,"valueName":"search_term_string"}}],"inLanguage":"fr-FR"},{"@type":"Organization","@id":"https:\/\/www.nexira.com\/#organization","name":"Nexira","url":"https:\/\/www.nexira.com\/","logo":{"@type":"ImageObject","inLanguage":"fr-FR","@id":"https:\/\/www.nexira.com\/#\/schema\/logo\/image\/","url":"https:\/\/www.nexira.com\/wp-content\/uploads\/2020\/05\/logo-nexira.png","contentUrl":"https:\/\/www.nexira.com\/wp-content\/uploads\/2020\/05\/logo-nexira.png","width":362,"height":94,"caption":"Nexira"},"image":{"@id":"https:\/\/www.nexira.com\/#\/schema\/logo\/image\/"}}]}},"uagb_featured_image_src":{"full":false,"thumbnail":false,"medium":false,"medium_large":false,"large":false,"1536x1536":false,"2048x2048":false,"full_width":false},"uagb_author_info":{"display_name":"Lourdes","author_link":"https:\/\/www.nexira.com\/fr\/author\/lourdes\/"},"uagb_comment_info":0,"uagb_excerpt":"D\u00e9couvrez nos engagements","_links":{"self":[{"href":"https:\/\/www.nexira.com\/fr\/wp-json\/wp\/v2\/pages\/3313"}],"collection":[{"href":"https:\/\/www.nexira.com\/fr\/wp-json\/wp\/v2\/pages"}],"about":[{"href":"https:\/\/www.nexira.com\/fr\/wp-json\/wp\/v2\/types\/page"}],"author":[{"embeddable":true,"href":"https:\/\/www.nexira.com\/fr\/wp-json\/wp\/v2\/users\/2"}],"replies":[{"embeddable":true,"href":"https:\/\/www.nexira.com\/fr\/wp-json\/wp\/v2\/comments?post=3313"}],"version-history":[{"count":14,"href":"https:\/\/www.nexira.com\/fr\/wp-json\/wp\/v2\/pages\/3313\/revisions"}],"predecessor-version":[{"id":10018242,"href":"https:\/\/www.nexira.com\/fr\/wp-json\/wp\/v2\/pages\/3313\/revisions\/10018242"}],"wp:attachment":[{"href":"https:\/\/www.nexira.com\/fr\/wp-json\/wp\/v2\/media?parent=3313"}],"curies":[{"name":"wp","href":"https:\/\/api.w.org\/{rel}","templated":true}]}}