{"id":3342,"date":"2020-06-29T12:33:31","date_gmt":"2020-06-29T10:33:31","guid":{"rendered":"https:\/\/www.nexira.com\/engagements\/clean-label-biologique\/"},"modified":"2023-06-30T09:29:36","modified_gmt":"2023-06-30T07:29:36","slug":"clean-label-biologique","status":"publish","type":"page","link":"https:\/\/www.nexira.com\/fr\/engagements\/clean-label-biologique\/","title":{"rendered":"Clean label &#038; Biologique"},"content":{"rendered":"\n<div class=\"wp-block-media-text alignfull is-stacked-on-mobile is-image-fill has-secondary-background-color has-background\" style=\"grid-template-columns:40% auto\"><figure class=\"wp-block-media-text__media\" style=\"background-image:url(https:\/\/www.nexira.com\/wp-content\/uploads\/2020\/04\/guarana-2-855x1140.jpg);background-position:50% 50%\"><img decoding=\"async\" src=\"https:\/\/www.nexira.com\/wp-content\/uploads\/2020\/04\/guarana-2-855x1140.jpg\" alt=\"\" class=\"wp-image-1489 size-full\"\/><\/figure><div class=\"wp-block-media-text__content\">\n<h1 class=\"has-white-color has-text-color wp-block-heading\" style=\"font-size:28px\"><p>Notre approche clean Label<\/p><\/h1>\n\n\n\n<p class=\"has-white-color has-text-color\">\u00c9troitement li\u00e9 aux tendances favorisant les produits naturels, biologiques et durables, le mouvement clean label prend de plus en plus d\u2019ampleur chaque ann\u00e9e. L\u2019int\u00e9r\u00eat des consommateurs est motiv\u00e9 par un d\u00e9sir de transparence et de sensibilisation aux bienfaits d\u2019une alimentation saine : ils d\u00e9sirent des aliments de qualit\u00e9, pratiques, aux ingr\u00e9dients familiers et peu transform\u00e9s.<\/p>\n\n\n\n<p class=\"has-white-color has-text-color\">Nexira, leader mondial sp\u00e9cialis\u00e9 dans la gomme d\u2019acacia, les ingr\u00e9dients naturels et les extraits v\u00e9g\u00e9taux, propose des ingr\u00e9dients :<\/p>\n\n\n\n<div class=\"wp-block-columns is-layout-flex wp-container-core-columns-is-layout-1 wp-block-columns-is-layout-flex\">\n<div class=\"wp-block-column is-layout-flow wp-block-column-is-layout-flow\" style=\"flex-basis:25%\">\n<ul class=\"list-important wp-block-list\"><li><span style=\"color: #fff;\" class=\"tadv-color\">Naturels<\/span><\/li><li><span style=\"color: #fff;\" class=\"tadv-color\">Biologiques<\/span><\/li><li><span style=\"color: #fff;\" class=\"tadv-color\">Sans OGM<\/span><\/li><\/ul>\n<\/div>\n\n\n\n<div class=\"wp-block-column is-layout-flow wp-block-column-is-layout-flow\">\n<ul class=\"list-important wp-block-list\"><li><span class=\"tadv-color\" style=\"color: #fff;\">D&rsquo;origine certifi\u00e9e<\/span><\/li><li><span class=\"tadv-color\" style=\"color: #fff;\">Fabriqu\u00e9s en toute transparence<\/span><\/li><li><span class=\"tadv-color\" style=\"color: #fff;\">Tr\u00e8s peu transform\u00e9s<\/span><\/li><\/ul>\n\n\n\n<p><\/p>\n<\/div>\n<\/div>\n\n\n\n<p class=\"has-white-color has-text-color\">Nos ingr\u00e9dients sont parfaitement adapt\u00e9s au d\u00e9veloppement de nouveaux produits conformes aux exigences des labels t\u00e9moignant du naturel des produits.  <\/p>\n\n\n\n<p class=\"has-white-color has-text-color\">Les propri\u00e9t\u00e9s fonctionnelles exceptionnelles de nos ingr\u00e9dients naturels ainsi que leurs bienfaits nutritionnels leurs permettent d\u2019\u00eatre utilis\u00e9s dans un large \u00e9ventail d\u2019applications. <\/p>\n<\/div><\/div>\n\n\n\n<div style=\"height:100px\" aria-hidden=\"true\" class=\"wp-block-spacer\"><\/div>\n\n\n\n<div class=\"wp-block-media-text alignwide has-media-on-the-right is-stacked-on-mobile\"><figure class=\"wp-block-media-text__media\"><img fetchpriority=\"high\" decoding=\"async\" width=\"1105\" height=\"833\" src=\"https:\/\/www.nexira.com\/wp-content\/uploads\/2020\/05\/bubble-leaves.jpg\" alt=\"\" class=\"wp-image-1797 size-full\" srcset=\"https:\/\/www.nexira.com\/wp-content\/uploads\/2020\/05\/bubble-leaves.jpg 1105w, https:\/\/www.nexira.com\/wp-content\/uploads\/2020\/05\/bubble-leaves-600x452.jpg 600w, https:\/\/www.nexira.com\/wp-content\/uploads\/2020\/05\/bubble-leaves-768x579.jpg 768w\" sizes=\"(max-width: 1105px) 100vw, 1105px\" \/><\/figure><div class=\"wp-block-media-text__content\">\n\n<h2 class=\"wp-block-heading\"><p>La certification biologique&nbsp;comme atout majeur<\/p><\/h2>\n\n\n<p>Face aux demandes de plus en plus nombreuses des consommateurs pour des <strong>produits naturels et des garanties fiables en termes de qualit\u00e9, tra\u00e7abilit\u00e9, et responsabilit\u00e9 environnementale<\/strong>, le march\u00e9 des produits biologiques est en pleine croissance dans tous les secteurs : alimentation, boissons, cosm\u00e9tiques et plus encore !<\/p>\n\n\n<p>Nexira fournit une large gamme d&rsquo;<strong>ingr\u00e9dients certifi\u00e9s biologiques <\/strong>satisfaisant tous les besoins des consommateurs et des industriels en alimentation et boissons et compl\u00e9ments :<\/p>\n\n\n<ul class=\"wp-block-list\"><li>Nos ingr\u00e9dients sont certifi\u00e9s par <strong>ECOCERT<\/strong>, un organisme de certification internationalement reconnu sp\u00e9cialis\u00e9 dans les produits biologiques. Ils sont \u00e9galement certifi\u00e9s <strong>USDA Organic<\/strong> et <strong>NOP<\/strong>.<\/li><\/ul>\n\n\n<ul class=\"wp-block-list\"><li>Nous nous approvisionnons dans des zones isol\u00e9es o\u00f9 il n&rsquo;est pas possible d&rsquo;acheter des intrants tels que des engrais ou des pesticides. La r\u00e9colte de nos ingr\u00e9dients biologiques sont issus de m\u00e9thode traditionnelle : r\u00e9colte manuelle.&nbsp;<p><\/p><\/li><\/ul>\n\n\n<p><\/p>\n\n\n<figure class=\"wp-block-image size-large is-resized\"><img decoding=\"async\" src=\"https:\/\/www.nexira.com\/wp-content\/uploads\/2020\/05\/logos-eco.png\" alt=\"\" class=\"wp-image-1802\" width=\"198\"\/><\/figure>\n\n<\/div><\/div>\n\n\n\n<div class=\"wp-block-media-text alignfull is-stacked-on-mobile is-image-fill has-background has-secondary-background-color has-background\" style=\"grid-template-columns:40% auto\"><figure class=\"wp-block-media-text__media\" style=\"background-image:url(https:\/\/www.nexira.com\/wp-content\/uploads\/2020\/03\/nexira-acacia-gum-harvest-3-1140x764.png);background-position:50% 50%\"><img decoding=\"async\" width=\"1140\" height=\"764\" src=\"https:\/\/www.nexira.com\/wp-content\/uploads\/2020\/03\/nexira-acacia-gum-harvest-3-1140x764.png\" alt=\"acacia gum\" class=\"wp-image-459 size-full\" srcset=\"https:\/\/www.nexira.com\/wp-content\/uploads\/2020\/03\/nexira-acacia-gum-harvest-3-1140x764.png 1140w, https:\/\/www.nexira.com\/wp-content\/uploads\/2020\/03\/nexira-acacia-gum-harvest-3-600x402.png 600w, https:\/\/www.nexira.com\/wp-content\/uploads\/2020\/03\/nexira-acacia-gum-harvest-3-768x515.png 768w, https:\/\/www.nexira.com\/wp-content\/uploads\/2020\/03\/nexira-acacia-gum-harvest-3-1536x1030.png 1536w, https:\/\/www.nexira.com\/wp-content\/uploads\/2020\/03\/nexira-acacia-gum-harvest-3.png 1690w\" sizes=\"(max-width: 1140px) 100vw, 1140px\" \/><\/figure><div class=\"wp-block-media-text__content\">\n<h2 class=\"has-white-color has-text-color wp-block-heading\"><p>Engagement \u00e9thique<\/p><\/h2>\n\n\n\n<p><span style=\"color:#fff\" class=\"tadv-color\">En tant que membre du Sedex (Supplier Ethical Data Exchange), Nexira pr\u00e9f\u00e8re la certification standard<strong> SMETA 4-Pillar<\/strong>, une norme avant-gardiste reconnue mondialement visant \u00e0 <strong>am\u00e9liorer les pratiques \u00e9thiques tout au long de la cha\u00eene d&rsquo;approvisionnement<\/strong>. <\/span><\/p>\n\n\n\n<p><span style=\"color:#fff\" class=\"tadv-color\">Nous pensons que pour qualifier notre activit\u00e9 commerciale d&rsquo;\u00e9thique et durable, elle doit prot\u00e9ger les droits des Hommes dans les communaut\u00e9s produisant les mat\u00e9riaux de base pour nos produits. Parmi les crit\u00e8res valoris\u00e9s par cette certification au sein de Nexira : <strong>les normes de travail<\/strong>, <strong>la sant\u00e9 <\/strong>et <strong>la s\u00e9curit\u00e9, l&rsquo;environnement et les pratiques commerciales<\/strong>. <\/span><\/p>\n\n\n\n<p><span style=\"color:#fff\" class=\"tadv-color\">Gr\u00e2ce \u00e0 la plateforme <strong>Sedex<\/strong>, Nexira est fier de partager avec ses partenaires commerciaux ses r\u00e9sultats d&rsquo;audit SMETA 4 piliers et son engagement \u00e9thique.<\/span><\/p>\n\n\n<div class=\"wp-block-image\">\n<figure class=\"aligncenter size-large is-resized\"><img decoding=\"async\" src=\"https:\/\/www.nexira.com\/wp-content\/uploads\/2020\/11\/sedex.png\" alt=\"sedex nexira\" class=\"wp-image-4662\" width=\"108\" height=\"108\" srcset=\"https:\/\/www.nexira.com\/wp-content\/uploads\/2020\/11\/sedex.png 157w, https:\/\/www.nexira.com\/wp-content\/uploads\/2020\/11\/sedex-150x150.png 150w\" sizes=\"(max-width: 108px) 100vw, 108px\" \/><\/figure><\/div><\/div><\/div>\n\n\n\n<div style=\"height:32px\" aria-hidden=\"true\" class=\"wp-block-spacer\"><\/div>\n\n\n\n<div class=\"wp-block-media-text alignwide has-media-on-the-right is-stacked-on-mobile\"><figure class=\"wp-block-media-text__media\"><img loading=\"lazy\" decoding=\"async\" width=\"1137\" height=\"684\" src=\"https:\/\/www.nexira.com\/wp-content\/uploads\/2022\/06\/clean-label-conference.png\" alt=\"\" class=\"wp-image-10010160 size-full\" srcset=\"https:\/\/www.nexira.com\/wp-content\/uploads\/2022\/06\/clean-label-conference.png 1137w, https:\/\/www.nexira.com\/wp-content\/uploads\/2022\/06\/clean-label-conference-600x361.png 600w, https:\/\/www.nexira.com\/wp-content\/uploads\/2022\/06\/clean-label-conference-768x462.png 768w\" sizes=\"(max-width: 1137px) 100vw, 1137px\" \/><\/figure><div class=\"wp-block-media-text__content\">\n<h2 class=\"wp-block-heading\">Clean Label Conference<\/h2>\n\n\n\n<p>Depuis des ann\u00e9es, Nexira s&rsquo;implique en tant que leader d&rsquo;opinion dans la <strong><span style=\"color:#245853\" class=\"tadv-color\">Clean Label Conference<\/span><\/strong> organis\u00e9e par le Global Food Forum aux \u00c9tats-Unis.<\/p>\n\n\n\n<p>La Clean Label Conference est un \u00e9v\u00e9nement d\u00e9di\u00e9 \u00e0 fournir des conseils de formulation pratiques aux scientifiques des d\u00e9partements R&amp;D de l&rsquo;industrie alimentaire. <\/p>\n\n\n\n<p>Cet \u00e9v\u00e9nement annuel est \u00e9galement l&rsquo;occasion pour Nexira de prendre la parole durant le temps fort <em>General Session Speaker<\/em> sur ses principaux ingr\u00e9dients, pr\u00e9senter ses solutions viables adapt\u00e9es aux d\u00e9fis de formulation, y compris le d\u00e9veloppement d&rsquo;<strong><span style=\"color:#245853\" class=\"tadv-color\">alternatives \u00e0 base de plantes<\/span><\/strong>, et de fournir au public des informations sur les tendances des consommateurs et bien plus encore.<\/p>\n\n\n\n<p>La Clean Label Conference se tient g\u00e9n\u00e9ralement en mai \u00e0 Itasca, dans l&rsquo;Illinois, une banlieue de Chicago.<\/p>\n\n\n\n<p><\/p>\n\n\n<div class=\"wp-block-image\">\n<figure class=\"aligncenter size-large is-resized\"><img loading=\"lazy\" decoding=\"async\" src=\"https:\/\/www.nexira.com\/wp-content\/uploads\/2022\/06\/clc-logo-for-presentations-1140x409.jpg\" alt=\"\" class=\"wp-image-10010157\" width=\"328\" height=\"117\" srcset=\"https:\/\/www.nexira.com\/wp-content\/uploads\/2022\/06\/clc-logo-for-presentations-1140x409.jpg 1140w, https:\/\/www.nexira.com\/wp-content\/uploads\/2022\/06\/clc-logo-for-presentations-600x215.jpg 600w, https:\/\/www.nexira.com\/wp-content\/uploads\/2022\/06\/clc-logo-for-presentations-768x275.jpg 768w, https:\/\/www.nexira.com\/wp-content\/uploads\/2022\/06\/clc-logo-for-presentations-1536x550.jpg 1536w, https:\/\/www.nexira.com\/wp-content\/uploads\/2022\/06\/clc-logo-for-presentations.jpg 1705w\" sizes=\"(max-width: 328px) 100vw, 328px\" \/><\/figure><\/div><\/div><\/div>\n\n\n\n<div style=\"height:75px\" aria-hidden=\"true\" class=\"wp-block-spacer\"><\/div>\n","protected":false},"excerpt":{"rendered":"<p>Transparence et naturalit\u00e9 prouv\u00e9es <\/p>\n","protected":false},"author":18,"featured_media":2692,"parent":3313,"menu_order":4,"comment_status":"closed","ping_status":"closed","template":"","meta":{"_acf_changed":false,"_uag_custom_page_level_css":"","footnotes":""},"class_list":["post-3342","page","type-page","status-publish","has-post-thumbnail","hentry"],"acf":[],"yoast_head":"<!-- This site is optimized with the Yoast SEO plugin v23.4 - https:\/\/yoast.com\/wordpress\/plugins\/seo\/ -->\n<title>Clean label &amp; Biologique - Nexira<\/title>\n<meta name=\"description\" content=\"D\u00e9couvrez notre approche Clean Label\" \/>\n<meta name=\"robots\" content=\"index, follow, max-snippet:-1, max-image-preview:large, max-video-preview:-1\" \/>\n<link rel=\"canonical\" href=\"https:\/\/www.nexira.com\/fr\/engagements\/clean-label-biologique\/\" \/>\n<meta property=\"og:locale\" content=\"fr_FR\" \/>\n<meta property=\"og:type\" content=\"article\" \/>\n<meta property=\"og:title\" content=\"Clean label &amp; Biologique - Nexira\" \/>\n<meta property=\"og:description\" content=\"D\u00e9couvrez notre approche Clean Label\" \/>\n<meta property=\"og:url\" content=\"https:\/\/www.nexira.com\/fr\/engagements\/clean-label-biologique\/\" \/>\n<meta property=\"og:site_name\" content=\"Nexira\" \/>\n<meta property=\"article:modified_time\" content=\"2023-06-30T07:29:36+00:00\" \/>\n<meta property=\"og:image\" content=\"https:\/\/www.nexira.com\/wp-content\/uploads\/2020\/05\/img-leaves.jpg\" \/>\n\t<meta property=\"og:image:width\" content=\"2560\" \/>\n\t<meta property=\"og:image:height\" content=\"985\" \/>\n\t<meta property=\"og:image:type\" content=\"image\/jpeg\" \/>\n<meta name=\"twitter:card\" content=\"summary_large_image\" \/>\n<meta name=\"twitter:label1\" content=\"Dur\u00e9e de lecture estim\u00e9e\" \/>\n\t<meta name=\"twitter:data1\" content=\"5 minutes\" \/>\n<script type=\"application\/ld+json\" class=\"yoast-schema-graph\">{\"@context\":\"https:\/\/schema.org\",\"@graph\":[{\"@type\":\"WebPage\",\"@id\":\"https:\/\/www.nexira.com\/fr\/engagements\/clean-label-biologique\/\",\"url\":\"https:\/\/www.nexira.com\/fr\/engagements\/clean-label-biologique\/\",\"name\":\"Clean label & Biologique - Nexira\",\"isPartOf\":{\"@id\":\"https:\/\/www.nexira.com\/#website\"},\"primaryImageOfPage\":{\"@id\":\"https:\/\/www.nexira.com\/fr\/engagements\/clean-label-biologique\/#primaryimage\"},\"image\":{\"@id\":\"https:\/\/www.nexira.com\/fr\/engagements\/clean-label-biologique\/#primaryimage\"},\"thumbnailUrl\":\"https:\/\/www.nexira.com\/wp-content\/uploads\/2020\/05\/img-leaves.jpg\",\"datePublished\":\"2020-06-29T10:33:31+00:00\",\"dateModified\":\"2023-06-30T07:29:36+00:00\",\"description\":\"D\u00e9couvrez notre approche Clean Label\",\"breadcrumb\":{\"@id\":\"https:\/\/www.nexira.com\/fr\/engagements\/clean-label-biologique\/#breadcrumb\"},\"inLanguage\":\"fr-FR\",\"potentialAction\":[{\"@type\":\"ReadAction\",\"target\":[\"https:\/\/www.nexira.com\/fr\/engagements\/clean-label-biologique\/\"]}]},{\"@type\":\"ImageObject\",\"inLanguage\":\"fr-FR\",\"@id\":\"https:\/\/www.nexira.com\/fr\/engagements\/clean-label-biologique\/#primaryimage\",\"url\":\"https:\/\/www.nexira.com\/wp-content\/uploads\/2020\/05\/img-leaves.jpg\",\"contentUrl\":\"https:\/\/www.nexira.com\/wp-content\/uploads\/2020\/05\/img-leaves.jpg\",\"width\":2560,\"height\":985},{\"@type\":\"BreadcrumbList\",\"@id\":\"https:\/\/www.nexira.com\/fr\/engagements\/clean-label-biologique\/#breadcrumb\",\"itemListElement\":[{\"@type\":\"ListItem\",\"position\":1,\"name\":\"Accueil\",\"item\":\"https:\/\/www.nexira.com\/\"},{\"@type\":\"ListItem\",\"position\":2,\"name\":\"Engagements\",\"item\":\"https:\/\/www.nexira.com\/fr\/engagements\/\"},{\"@type\":\"ListItem\",\"position\":3,\"name\":\"Clean label &#038; Biologique\"}]},{\"@type\":\"WebSite\",\"@id\":\"https:\/\/www.nexira.com\/#website\",\"url\":\"https:\/\/www.nexira.com\/\",\"name\":\"Nexira\",\"description\":\"Innovation Inspired by Nature\",\"publisher\":{\"@id\":\"https:\/\/www.nexira.com\/#organization\"},\"potentialAction\":[{\"@type\":\"SearchAction\",\"target\":{\"@type\":\"EntryPoint\",\"urlTemplate\":\"https:\/\/www.nexira.com\/?s={search_term_string}\"},\"query-input\":{\"@type\":\"PropertyValueSpecification\",\"valueRequired\":true,\"valueName\":\"search_term_string\"}}],\"inLanguage\":\"fr-FR\"},{\"@type\":\"Organization\",\"@id\":\"https:\/\/www.nexira.com\/#organization\",\"name\":\"Nexira\",\"url\":\"https:\/\/www.nexira.com\/\",\"logo\":{\"@type\":\"ImageObject\",\"inLanguage\":\"fr-FR\",\"@id\":\"https:\/\/www.nexira.com\/#\/schema\/logo\/image\/\",\"url\":\"https:\/\/www.nexira.com\/wp-content\/uploads\/2020\/05\/logo-nexira.png\",\"contentUrl\":\"https:\/\/www.nexira.com\/wp-content\/uploads\/2020\/05\/logo-nexira.png\",\"width\":362,\"height\":94,\"caption\":\"Nexira\"},\"image\":{\"@id\":\"https:\/\/www.nexira.com\/#\/schema\/logo\/image\/\"}}]}<\/script>\n<!-- \/ Yoast SEO plugin. -->","yoast_head_json":{"title":"Clean label & Biologique - Nexira","description":"D\u00e9couvrez notre approche Clean Label","robots":{"index":"index","follow":"follow","max-snippet":"max-snippet:-1","max-image-preview":"max-image-preview:large","max-video-preview":"max-video-preview:-1"},"canonical":"https:\/\/www.nexira.com\/fr\/engagements\/clean-label-biologique\/","og_locale":"fr_FR","og_type":"article","og_title":"Clean label & Biologique - Nexira","og_description":"D\u00e9couvrez notre approche Clean Label","og_url":"https:\/\/www.nexira.com\/fr\/engagements\/clean-label-biologique\/","og_site_name":"Nexira","article_modified_time":"2023-06-30T07:29:36+00:00","og_image":[{"width":2560,"height":985,"url":"https:\/\/www.nexira.com\/wp-content\/uploads\/2020\/05\/img-leaves.jpg","type":"image\/jpeg"}],"twitter_card":"summary_large_image","twitter_misc":{"Dur\u00e9e de lecture estim\u00e9e":"5 minutes"},"schema":{"@context":"https:\/\/schema.org","@graph":[{"@type":"WebPage","@id":"https:\/\/www.nexira.com\/fr\/engagements\/clean-label-biologique\/","url":"https:\/\/www.nexira.com\/fr\/engagements\/clean-label-biologique\/","name":"Clean label & Biologique - Nexira","isPartOf":{"@id":"https:\/\/www.nexira.com\/#website"},"primaryImageOfPage":{"@id":"https:\/\/www.nexira.com\/fr\/engagements\/clean-label-biologique\/#primaryimage"},"image":{"@id":"https:\/\/www.nexira.com\/fr\/engagements\/clean-label-biologique\/#primaryimage"},"thumbnailUrl":"https:\/\/www.nexira.com\/wp-content\/uploads\/2020\/05\/img-leaves.jpg","datePublished":"2020-06-29T10:33:31+00:00","dateModified":"2023-06-30T07:29:36+00:00","description":"D\u00e9couvrez notre approche Clean Label","breadcrumb":{"@id":"https:\/\/www.nexira.com\/fr\/engagements\/clean-label-biologique\/#breadcrumb"},"inLanguage":"fr-FR","potentialAction":[{"@type":"ReadAction","target":["https:\/\/www.nexira.com\/fr\/engagements\/clean-label-biologique\/"]}]},{"@type":"ImageObject","inLanguage":"fr-FR","@id":"https:\/\/www.nexira.com\/fr\/engagements\/clean-label-biologique\/#primaryimage","url":"https:\/\/www.nexira.com\/wp-content\/uploads\/2020\/05\/img-leaves.jpg","contentUrl":"https:\/\/www.nexira.com\/wp-content\/uploads\/2020\/05\/img-leaves.jpg","width":2560,"height":985},{"@type":"BreadcrumbList","@id":"https:\/\/www.nexira.com\/fr\/engagements\/clean-label-biologique\/#breadcrumb","itemListElement":[{"@type":"ListItem","position":1,"name":"Accueil","item":"https:\/\/www.nexira.com\/"},{"@type":"ListItem","position":2,"name":"Engagements","item":"https:\/\/www.nexira.com\/fr\/engagements\/"},{"@type":"ListItem","position":3,"name":"Clean label &#038; Biologique"}]},{"@type":"WebSite","@id":"https:\/\/www.nexira.com\/#website","url":"https:\/\/www.nexira.com\/","name":"Nexira","description":"Innovation Inspired by Nature","publisher":{"@id":"https:\/\/www.nexira.com\/#organization"},"potentialAction":[{"@type":"SearchAction","target":{"@type":"EntryPoint","urlTemplate":"https:\/\/www.nexira.com\/?s={search_term_string}"},"query-input":{"@type":"PropertyValueSpecification","valueRequired":true,"valueName":"search_term_string"}}],"inLanguage":"fr-FR"},{"@type":"Organization","@id":"https:\/\/www.nexira.com\/#organization","name":"Nexira","url":"https:\/\/www.nexira.com\/","logo":{"@type":"ImageObject","inLanguage":"fr-FR","@id":"https:\/\/www.nexira.com\/#\/schema\/logo\/image\/","url":"https:\/\/www.nexira.com\/wp-content\/uploads\/2020\/05\/logo-nexira.png","contentUrl":"https:\/\/www.nexira.com\/wp-content\/uploads\/2020\/05\/logo-nexira.png","width":362,"height":94,"caption":"Nexira"},"image":{"@id":"https:\/\/www.nexira.com\/#\/schema\/logo\/image\/"}}]}},"uagb_featured_image_src":{"full":["https:\/\/www.nexira.com\/wp-content\/uploads\/2020\/05\/img-leaves.jpg",2560,985,false],"thumbnail":["https:\/\/www.nexira.com\/wp-content\/uploads\/2020\/05\/img-leaves-150x150.jpg",150,150,true],"medium":["https:\/\/www.nexira.com\/wp-content\/uploads\/2020\/05\/img-leaves-600x231.jpg",600,231,true],"medium_large":["https:\/\/www.nexira.com\/wp-content\/uploads\/2020\/05\/img-leaves-768x296.jpg",768,296,true],"large":["https:\/\/www.nexira.com\/wp-content\/uploads\/2020\/05\/img-leaves-1140x439.jpg",1128,434,true],"1536x1536":["https:\/\/www.nexira.com\/wp-content\/uploads\/2020\/05\/img-leaves-1536x591.jpg",1536,591,true],"2048x2048":["https:\/\/www.nexira.com\/wp-content\/uploads\/2020\/05\/img-leaves-2048x788.jpg",2048,788,true],"full_width":["https:\/\/www.nexira.com\/wp-content\/uploads\/2020\/05\/img-leaves.jpg",2560,985,false]},"uagb_author_info":{"display_name":"Julien Pitras","author_link":"https:\/\/www.nexira.com\/fr\/author\/juline-pitras\/"},"uagb_comment_info":0,"uagb_excerpt":"Transparence et naturalit\u00e9 prouv\u00e9es","_links":{"self":[{"href":"https:\/\/www.nexira.com\/fr\/wp-json\/wp\/v2\/pages\/3342"}],"collection":[{"href":"https:\/\/www.nexira.com\/fr\/wp-json\/wp\/v2\/pages"}],"about":[{"href":"https:\/\/www.nexira.com\/fr\/wp-json\/wp\/v2\/types\/page"}],"author":[{"embeddable":true,"href":"https:\/\/www.nexira.com\/fr\/wp-json\/wp\/v2\/users\/18"}],"replies":[{"embeddable":true,"href":"https:\/\/www.nexira.com\/fr\/wp-json\/wp\/v2\/comments?post=3342"}],"version-history":[{"count":24,"href":"https:\/\/www.nexira.com\/fr\/wp-json\/wp\/v2\/pages\/3342\/revisions"}],"predecessor-version":[{"id":10011969,"href":"https:\/\/www.nexira.com\/fr\/wp-json\/wp\/v2\/pages\/3342\/revisions\/10011969"}],"up":[{"embeddable":true,"href":"https:\/\/www.nexira.com\/fr\/wp-json\/wp\/v2\/pages\/3313"}],"wp:featuredmedia":[{"embeddable":true,"href":"https:\/\/www.nexira.com\/fr\/wp-json\/wp\/v2\/media\/2692"}],"wp:attachment":[{"href":"https:\/\/www.nexira.com\/fr\/wp-json\/wp\/v2\/media?parent=3342"}],"curies":[{"name":"wp","href":"https:\/\/api.w.org\/{rel}","templated":true}]}}