{"id":3348,"date":"2020-06-29T12:49:28","date_gmt":"2020-06-29T10:49:28","guid":{"rendered":"https:\/\/www.nexira.com\/expertise\/"},"modified":"2021-04-16T11:06:24","modified_gmt":"2021-04-16T09:06:24","slug":"expertise","status":"publish","type":"page","link":"https:\/\/www.nexira.com\/fr\/nexira\/expertise\/","title":{"rendered":"Expertise"},"content":{"rendered":"\n<section class=\"wp-block-uagb-section uagb-section__wrap uagb-section__background-color alignfull uagb-block-a35a5f56\"><div class=\"uagb-section__overlay\"><\/div><div class=\"uagb-section__inner-wrap\">\n<div style=\"height:50px\" aria-hidden=\"true\" class=\"wp-block-spacer\"><\/div>\n\n\n\n<h1 class=\"title-lines mb-0 wp-block-heading\" style=\"font-size:28px\">La Nature, source d&rsquo;inspiration<\/h1>\n\n\n\n<h2 class=\"has-text-align-center wp-block-heading\">ET D\u2019EXPLORATION DERRI\u00c8RE CHACUNE DE NOS SOLUTIONS<\/h2>\n\n\n\n<div class=\"wp-block-media-text alignwide is-stacked-on-mobile overflow-bottom\"><figure class=\"wp-block-media-text__media\"><img fetchpriority=\"high\" decoding=\"async\" width=\"1088\" height=\"843\" src=\"https:\/\/www.nexira.com\/wp-content\/uploads\/2020\/05\/expertises-bubble1.png\" alt=\"\" class=\"wp-image-2272 size-full\" srcset=\"https:\/\/www.nexira.com\/wp-content\/uploads\/2020\/05\/expertises-bubble1.png 1088w, https:\/\/www.nexira.com\/wp-content\/uploads\/2020\/05\/expertises-bubble1-600x465.png 600w, https:\/\/www.nexira.com\/wp-content\/uploads\/2020\/05\/expertises-bubble1-768x595.png 768w\" sizes=\"(max-width: 1088px) 100vw, 1088px\" \/><\/figure><div class=\"wp-block-media-text__content\">\n<h2 class=\"wp-block-heading\"><p>INNOVATION<br>\nInspired By Nature<\/p><\/h2>\n\n\n\n<p>Nos experts scientifiques \u00e9tudient <strong>les meilleurs mod\u00e8les de la nature<\/strong> pour ensuite les imiter et fournir des solutions innovantes et durables aux secteurs de l\u2019alimentation, de la nutrition et de la sant\u00e9.<\/p>\n\n\n\n<p>Cette approche pionni\u00e8re et innovante dans le d\u00e9veloppement d\u2019applications efficaces et respectueuses de l\u2019environnement, r\u00e9v\u00e8le avant tout la merveilleuse richesse de la nature. Elle nous encourage \u00e0 mieux l\u2019observer afin de nous en inspirer davantage.<\/p>\n\n\n\n<div id=\"btw_readmore-block_5ebe4fb670adc\" class=\"btw_readmore\">\n\t<p class=\"text-center\"><a href=\"#readmore_850147\" class=\"btw_readmore__link\" data-toggle=\"collapse\" style=\"color: #ff8225\">Lire plus<\/a><\/p>\n\t<div id=\"readmore_850147\" class=\"btw_readmore__content collapse\">\n\t\t<p>Historiquement, Nexira a \u00e9t\u00e9 le pionnier dans la recherche scientifique des <strong>avantages nutritionnels de la fibre d&rsquo;acacia<\/strong> avec<strong><a href=\"https:\/\/www.nexira.com\/fr\/brand\/fibregum\/\" target=\"_blank\" rel=\"noopener\"> Fibregum\u2122<\/a><\/strong>, la reconnaissant comme une source naturelle de fibres alimentaires solubles avec un effet pr\u00e9biotique. Nexira a contribu\u00e9 \u00e0 la reconnaissance r\u00e9glementaire de cette fibre.<\/p>\n<p>Les plantes et leur m\u00e9tabolisme sont des sujets complexes et leur compr\u00e9hension n\u00e9cessite une recherche approfondie.<\/p>\n<p>La passion, les recherches et les observations de nos botanistes les am\u00e8nent \u00e0 d\u00e9couvrir les meilleurs b\u00e9n\u00e9fices offerts par la nature pour nos clients.<\/p>\n\t<\/div>\n<\/div><\/div><\/div>\n<\/div><\/section>\n\n\n\n<section class=\"wp-block-uagb-section uagb-section__wrap uagb-section__background-undefined alignfull uagb-block-7ef38561\"><div class=\"uagb-section__overlay\"><\/div><div class=\"uagb-section__inner-wrap\">\n<div class=\"wp-block-media-text alignwide has-media-on-the-right is-stacked-on-mobile\" style=\"grid-template-columns:auto 45%\"><figure class=\"wp-block-media-text__media\"><img decoding=\"async\" width=\"988\" height=\"793\" src=\"https:\/\/www.nexira.com\/wp-content\/uploads\/2020\/05\/bubble-expertise-2.jpg\" alt=\"\" class=\"wp-image-1914 size-full\" srcset=\"https:\/\/www.nexira.com\/wp-content\/uploads\/2020\/05\/bubble-expertise-2.jpg 988w, https:\/\/www.nexira.com\/wp-content\/uploads\/2020\/05\/bubble-expertise-2-600x482.jpg 600w, https:\/\/www.nexira.com\/wp-content\/uploads\/2020\/05\/bubble-expertise-2-768x616.jpg 768w\" sizes=\"(max-width: 988px) 100vw, 988px\" \/><\/figure><div class=\"wp-block-media-text__content\">\n<p><\/p>\n\n\n\n<h2 class=\"wp-block-heading\"><\/h2>\n\n\n\n<h2 class=\"wp-block-heading\"><span style=\"font-family: 'Arial',sans-serif; color: #245853;\">DECOUVERTE de nouveaux ingr\u00e9dients d\u2019origine naturelle<\/span><\/h2>\n\n\n\n<p>Nous explorons et tirons le meilleur de la nature.<\/p>\n\n\n\n<p>La recherche sur les <strong>substances naturelles<\/strong> pr\u00e9sentant un int\u00e9r\u00eat pour l\u2019alimentation, la nutrition ou la sant\u00e9 a toujours \u00e9t\u00e9 d\u2019une importance capitale pour Nexira. Des ann\u00e9es de recherche, de donn\u00e9es associ\u00e9es \u00e0 une expertise approfondie des produits bruts et des plantes nous ont permis de devenir le leader mondial de la fibre d&rsquo;acacia et un fournisseur incontournable d\u2019<strong>ingr\u00e9dients d\u2019origine naturelle<\/strong>.<\/p>\n\n\n\n<div id=\"btw_readmore-block_5ebe5085f7820\" class=\"btw_readmore\">\n\t<p class=\"text-center\"><a href=\"#readmore_789788\" class=\"btw_readmore__link\" data-toggle=\"collapse\" style=\"color: #ff8225\">Lire plus<\/a><\/p>\n\t<div id=\"readmore_789788\" class=\"btw_readmore__content collapse\">\n\t\t<p>Nous renouvelons constamment nos efforts pour trouver de nouvelles sources botaniques, proposer des <strong>extraits v\u00e9g\u00e9taux<\/strong> de qualit\u00e9 sup\u00e9rieure, avec un taux d&rsquo;actifs r\u00e9pondant \u00e0 la demande march\u00e9. Nos botanistes collaborent avec un r\u00e9seau mondial de partenaires pour <strong>identifier les nouvelles plantes<\/strong> \u00e0 analyser, en vue de comprendre leur comportement et de d\u00e9finir les meilleures conditions de culture, de r\u00e9colte et d\u2019approvisionnement.<\/p>\n<p>Ces voyages et d\u00e9couvertes nous am\u00e8nent parfois \u00e0 ma\u00eetriser nos <strong>propres<\/strong> <strong>canaux d\u2019approvisionnement<\/strong>. Cela nous permet de garantir une <strong>tra\u00e7abilit\u00e9<\/strong> compl\u00e8te et d\u2019assurer la teneur en substances actives par les meilleures pratiques de culture et de <a href=\"https:\/\/www.nexira.com\/fr\/engagements\/approvisionnement-responsable\/\" target=\"_blank\" rel=\"noopener\">r\u00e9colte<\/a>.<\/p>\n\t<\/div>\n<\/div><\/div><\/div>\n<\/div><\/section>\n\n\n\n<section class=\"wp-block-uagb-section uagb-section__wrap uagb-section__background-color alignfull uagb-block-98ca06b7\"><div class=\"uagb-section__overlay\"><\/div><div class=\"uagb-section__inner-wrap\">\n<h2 class=\"has-text-align-center has-white-color has-text-color wp-block-heading\">DEMONSTRATION de l\u2019efficacit\u00e9<\/h2>\n\n\n\n<p><span style=\"color:#fff\" class=\"tadv-color\">Nous d\u00e9voilons le potentiel des meilleurs ingr\u00e9dients naturels que nous d\u00e9couvrons.<\/span><\/p>\n\n\n\n<p><span style=\"color:#fff\" class=\"tadv-color\">La conception scientifique de nos ingr\u00e9dients se dessine en quatre \u00e9tapes :<\/span><\/p>\n\n\n\n<h2 class=\"has-text-align-center title-arrow uppercase wp-block-heading\">Strat\u00e9gies de valorisation<\/h2>\n\n\n\n<p><span style=\"color:#fff\" class=\"tadv-color\">Au cours du processus scientifique et de recherche, Nexira valorise les r\u00e9sultats dans de multiples brevets et publications d\u2019articles scientifiques. Les donn\u00e9es propri\u00e9taires nous permettent d&rsquo;affiner notre positionnement et de d\u00e9terminer les b\u00e9n\u00e9fices sant\u00e9 afin de r\u00e9pondre aux attentes des consommateurs.<\/span><\/p>\n\n\n\n<p><span style=\"color:#fff\" class=\"tadv-color\">Pour aider nos clients \u00e0 faire face \u00e0 leurs d\u00e9fis concurrentiels, Nexira propose des solutions cl\u00e9s en main brevet\u00e9es, qui peuvent, le cas \u00e9ch\u00e9ant, \u00eatre r\u00e9serv\u00e9es \u00e0 un usage exclusif.&nbsp;&nbsp;<\/span><\/p>\n\n\n\n<p><span style=\"color:#fff\" class=\"tadv-color\">Nexira fournit \u00e0 ses clients des outils de communication et de marketing pour soutenir les donn\u00e9es scientifiques pour la promotion de leurs produits finis.<\/span><\/p>\n\n\n    <div id=\"btw_steps-block_5ec3a013f51ce\" class=\"btw_steps\">\n\t\t<div class=\"row\">\n\t\t\t\t\t\t\t<div class=\"col-md\">\n\t\t\t\t\t<div class=\"btw_steps__elt\">\n\t\t\t\t\t\t<div class=\"btw_steps__elt__icon image-bubble\" style=\"background-color: #71cea3\">\n\t\t\t\t\t\t\t<img decoding=\"async\" width=\"148\" height=\"148\" src=\"https:\/\/www.nexira.com\/wp-content\/uploads\/2020\/05\/icon-step1.png\" class=\" wp-image-2372\" alt=\"\" \/>\t\t\t\t\t\t<\/div>\n\t\t\t\t\t\t<h4 class=\"btw_steps__elt__title\" style=\"color: #71cea3\">D\u00e9termination du <br \/>\r\nchamp d\u2019investigation<\/h4>\n\t\t\t\t\t\t<div id=\"step_collapse_1\" class=\"btw_steps__elt__content collapse\"><p>En int\u00e9grant les donn\u00e9es de la litt\u00e9rature sur l\u2019alimentation, la sant\u00e9, les compos\u00e9s phyto-actifs, nous s\u00e9lectionnons des activit\u00e9s fonctionnelles ou biologiques et des sources v\u00e9g\u00e9tales pour lancer des recherches sur de nouveaux produits.<\/p>\n<\/div>\n\t\t\t\t\t\t<a href=\"#step_collapse_1\" data-toggle=\"collapse\" class=\"stretched-link\"><\/a>\n\t\t\t\t\t\t<span class=\"btw_steps__elt__arrow\"><\/span>\n\t\t\t\t\t<\/div>\n\t\t\t\t<\/div>\n\t\t\t\t\t\t\t\t<div class=\"col-md\">\n\t\t\t\t\t<div class=\"btw_steps__elt\">\n\t\t\t\t\t\t<div class=\"btw_steps__elt__icon image-bubble\" style=\"background-color: #60bdb1\">\n\t\t\t\t\t\t\t<img loading=\"lazy\" decoding=\"async\" width=\"160\" height=\"160\" src=\"https:\/\/www.nexira.com\/wp-content\/uploads\/2020\/05\/icon-step3.png\" class=\" wp-image-2378\" alt=\"\" srcset=\"https:\/\/www.nexira.com\/wp-content\/uploads\/2020\/05\/icon-step3.png 160w, https:\/\/www.nexira.com\/wp-content\/uploads\/2020\/05\/icon-step3-150x150.png 150w\" sizes=\"(max-width: 160px) 100vw, 160px\" \/>\t\t\t\t\t\t<\/div>\n\t\t\t\t\t\t<h4 class=\"btw_steps__elt__title\" style=\"color: #60bdb1\">Criblage et <br \/>\r\nsynergies <\/h4>\n\t\t\t\t\t\t<div id=\"step_collapse_2\" class=\"btw_steps__elt__content collapse\"><p>En collaboration avec des experts biologiques et des universit\u00e9s renomm\u00e9es, nos \u00e9quipes r\u00e9alisent des <strong>\u00e9tudes de criblage<\/strong> en vue de s\u00e9lectionner et de mettre en \u00e9vidence les potentiels d\u2019efficacit\u00e9 les plus prometteurs.<\/p>\n<\/div>\n\t\t\t\t\t\t<a href=\"#step_collapse_2\" data-toggle=\"collapse\" class=\"stretched-link\"><\/a>\n\t\t\t\t\t\t<span class=\"btw_steps__elt__arrow\"><\/span>\n\t\t\t\t\t<\/div>\n\t\t\t\t<\/div>\n\t\t\t\t\t\t\t\t<div class=\"col-md\">\n\t\t\t\t\t<div class=\"btw_steps__elt\">\n\t\t\t\t\t\t<div class=\"btw_steps__elt__icon image-bubble\" style=\"background-color: #4eaabf\">\n\t\t\t\t\t\t\t<img loading=\"lazy\" decoding=\"async\" width=\"114\" height=\"160\" src=\"https:\/\/www.nexira.com\/wp-content\/uploads\/2020\/05\/icon-step2.png\" class=\" wp-image-2375\" alt=\"\" \/>\t\t\t\t\t\t<\/div>\n\t\t\t\t\t\t<h4 class=\"btw_steps__elt__title\" style=\"color: #4eaabf\">\u00c9tudes en <br \/>\r\nlaboratoire <\/h4>\n\t\t\t\t\t\t<div id=\"step_collapse_3\" class=\"btw_steps__elt__content collapse\"><p>Nous effectuons des \u00e9tudes afin de d\u00e9terminer les caract\u00e9ristiques d\u00e9montr\u00e9es\u00a0 dans les<strong> essais pr\u00e9-cliniques<\/strong>. L&rsquo;objectif \u00e9tant de confirmer les avantages potentiels avant les \u00e9tudes sur l\u2019\u00eatre humain.<\/p>\n<\/div>\n\t\t\t\t\t\t<a href=\"#step_collapse_3\" data-toggle=\"collapse\" class=\"stretched-link\"><\/a>\n\t\t\t\t\t\t<span class=\"btw_steps__elt__arrow\"><\/span>\n\t\t\t\t\t<\/div>\n\t\t\t\t<\/div>\n\t\t\t\t\t\t\t\t<div class=\"col-md\">\n\t\t\t\t\t<div class=\"btw_steps__elt\">\n\t\t\t\t\t\t<div class=\"btw_steps__elt__icon image-bubble\" style=\"background-color: #4fa0d0\">\n\t\t\t\t\t\t\t<img loading=\"lazy\" decoding=\"async\" width=\"141\" height=\"157\" src=\"https:\/\/www.nexira.com\/wp-content\/uploads\/2020\/05\/icon-step4.png\" class=\" wp-image-2381\" alt=\"\" \/>\t\t\t\t\t\t<\/div>\n\t\t\t\t\t\t<h4 class=\"btw_steps__elt__title\" style=\"color: #4fa0d0\">Tests cliniques <br \/>\r\nsur l\u2019\u00eatre humain<\/h4>\n\t\t\t\t\t\t<div id=\"step_collapse_4\" class=\"btw_steps__elt__content collapse\"><p>En collaboration avec des CRO (soci\u00e9t\u00e9s de recherche contractuelle) et des universitaires reconnus, nos \u00e9quipes d\u00e9montrent l\u2019efficacit\u00e9 de ses ingr\u00e9dients et de leurs<strong> bienfaits physiologiques chez l\u2019\u00eatre humain<\/strong> (\u00e9tudes pilotes, cliniques avec gold standard et observationnelles).<\/p>\n<\/div>\n\t\t\t\t\t\t<a href=\"#step_collapse_4\" data-toggle=\"collapse\" class=\"stretched-link\"><\/a>\n\t\t\t\t\t\t<span class=\"btw_steps__elt__arrow\"><\/span>\n\t\t\t\t\t<\/div>\n\t\t\t\t<\/div>\n\t\t\t\t\t\t<\/div>\n    <\/div>\n    <\/div><\/section>\n\n\n\n<figure class=\"wp-block-image alignfull size-large\"><img loading=\"lazy\" decoding=\"async\" width=\"1140\" height=\"325\" src=\"https:\/\/www.nexira.com\/wp-content\/uploads\/2020\/05\/img-expertise-1140x325.jpg\" alt=\"\" class=\"wp-image-1903\" srcset=\"https:\/\/www.nexira.com\/wp-content\/uploads\/2020\/05\/img-expertise-1140x325.jpg 1140w, https:\/\/www.nexira.com\/wp-content\/uploads\/2020\/05\/img-expertise-600x171.jpg 600w, https:\/\/www.nexira.com\/wp-content\/uploads\/2020\/05\/img-expertise-768x219.jpg 768w, https:\/\/www.nexira.com\/wp-content\/uploads\/2020\/05\/img-expertise-1536x437.jpg 1536w, https:\/\/www.nexira.com\/wp-content\/uploads\/2020\/05\/img-expertise-2048x583.jpg 2048w\" sizes=\"(max-width: 1140px) 100vw, 1140px\" \/><\/figure>\n\n\n\n<section class=\"wp-block-uagb-section uagb-section__wrap uagb-section__background-undefined alignfull uagb-block-327a7365\"><div class=\"uagb-section__overlay\"><\/div><div class=\"uagb-section__inner-wrap\">\n<div class=\"wp-block-media-text alignwide is-stacked-on-mobile\" style=\"grid-template-columns:42% auto\"><figure class=\"wp-block-media-text__media\"><img loading=\"lazy\" decoding=\"async\" width=\"1016\" height=\"840\" src=\"https:\/\/www.nexira.com\/wp-content\/uploads\/2020\/05\/image-2.png\" alt=\"\" class=\"wp-image-2932 size-full\" srcset=\"https:\/\/www.nexira.com\/wp-content\/uploads\/2020\/05\/image-2.png 1016w, https:\/\/www.nexira.com\/wp-content\/uploads\/2020\/05\/image-2-600x496.png 600w, https:\/\/www.nexira.com\/wp-content\/uploads\/2020\/05\/image-2-768x635.png 768w\" sizes=\"(max-width: 1016px) 100vw, 1016px\" \/><\/figure><div class=\"wp-block-media-text__content\">\n<h2 class=\"wp-block-heading\">PRESERVATION de l\u2019efficacit\u00e9<\/h2>\n\n\n\n<p>La production des <strong>meilleurs ingr\u00e9dients naturels<\/strong> \u00e0 une \u00e9chelle industrielle est exigeante. Nous identifions les m\u00e9thodes les plus adapt\u00e9es en se concentrant uniquement sur des <strong>process respectueux du produit et minimalistes<\/strong> avec des m\u00e9thodes d\u2019extraction et de purification en milieu aqueux, et sans solvants organiques pour pr\u00e9server les mol\u00e9cules actives des plantes et leurs propri\u00e9t\u00e9s.<\/p>\n\n\n\n<p>Il s\u2019agit d\u2019un des moteurs de notre strat\u00e9gie industrielle, car c\u2019est un crit\u00e8re de choix pour nos clients. Cette expertise est rendue possible gr\u00e2ce \u00e0 l\u2019engagement quotidien de toutes nos \u00e9quipes industrielles.<\/p>\n<\/div><\/div>\n<\/div><\/section>\n\n\n\n<p><\/p>\n","protected":false},"excerpt":{"rendered":"","protected":false},"author":1,"featured_media":0,"parent":3288,"menu_order":0,"comment_status":"closed","ping_status":"closed","template":"","meta":{"_acf_changed":false,"_uag_custom_page_level_css":"","footnotes":""},"class_list":["post-3348","page","type-page","status-publish","hentry"],"acf":[],"yoast_head":"<!-- This site is optimized with the Yoast SEO plugin v23.4 - https:\/\/yoast.com\/wordpress\/plugins\/seo\/ -->\n<title>Expertise - Nexira<\/title>\n<meta name=\"description\" content=\"La nature est une source d&#039;inspiration derri\u00e8re chacune de nos solutions.\" \/>\n<meta name=\"robots\" content=\"index, follow, max-snippet:-1, max-image-preview:large, max-video-preview:-1\" \/>\n<link rel=\"canonical\" href=\"https:\/\/www.nexira.com\/fr\/expertise\/\" \/>\n<meta property=\"og:locale\" content=\"fr_FR\" \/>\n<meta property=\"og:type\" content=\"article\" \/>\n<meta property=\"og:title\" content=\"Expertise - Nexira\" \/>\n<meta property=\"og:description\" content=\"La nature est une source d&#039;inspiration derri\u00e8re chacune de nos solutions.\" \/>\n<meta property=\"og:url\" content=\"https:\/\/www.nexira.com\/fr\/expertise\/\" \/>\n<meta property=\"og:site_name\" content=\"Nexira\" \/>\n<meta property=\"article:modified_time\" content=\"2021-04-16T09:06:24+00:00\" \/>\n<meta property=\"og:image\" content=\"https:\/\/www.nexira.com\/wp-content\/uploads\/2020\/05\/expertises-bubble1.png\" \/>\n<meta name=\"twitter:card\" content=\"summary_large_image\" \/>\n<meta name=\"twitter:label1\" content=\"Dur\u00e9e de lecture estim\u00e9e\" \/>\n\t<meta name=\"twitter:data1\" content=\"3 minutes\" \/>\n<script type=\"application\/ld+json\" class=\"yoast-schema-graph\">{\"@context\":\"https:\/\/schema.org\",\"@graph\":[{\"@type\":\"WebPage\",\"@id\":\"https:\/\/www.nexira.com\/fr\/expertise\/\",\"url\":\"https:\/\/www.nexira.com\/fr\/expertise\/\",\"name\":\"Expertise - Nexira\",\"isPartOf\":{\"@id\":\"https:\/\/www.nexira.com\/#website\"},\"primaryImageOfPage\":{\"@id\":\"https:\/\/www.nexira.com\/fr\/expertise\/#primaryimage\"},\"image\":{\"@id\":\"https:\/\/www.nexira.com\/fr\/expertise\/#primaryimage\"},\"thumbnailUrl\":\"https:\/\/www.nexira.com\/wp-content\/uploads\/2020\/05\/expertises-bubble1.png\",\"datePublished\":\"2020-06-29T10:49:28+00:00\",\"dateModified\":\"2021-04-16T09:06:24+00:00\",\"description\":\"La nature est une source d'inspiration derri\u00e8re chacune de nos solutions.\",\"breadcrumb\":{\"@id\":\"https:\/\/www.nexira.com\/fr\/expertise\/#breadcrumb\"},\"inLanguage\":\"fr-FR\",\"potentialAction\":[{\"@type\":\"ReadAction\",\"target\":[\"https:\/\/www.nexira.com\/fr\/expertise\/\"]}]},{\"@type\":\"ImageObject\",\"inLanguage\":\"fr-FR\",\"@id\":\"https:\/\/www.nexira.com\/fr\/expertise\/#primaryimage\",\"url\":\"https:\/\/www.nexira.com\/wp-content\/uploads\/2020\/05\/expertises-bubble1.png\",\"contentUrl\":\"https:\/\/www.nexira.com\/wp-content\/uploads\/2020\/05\/expertises-bubble1.png\"},{\"@type\":\"BreadcrumbList\",\"@id\":\"https:\/\/www.nexira.com\/fr\/expertise\/#breadcrumb\",\"itemListElement\":[{\"@type\":\"ListItem\",\"position\":1,\"name\":\"Accueil\",\"item\":\"https:\/\/www.nexira.com\/\"},{\"@type\":\"ListItem\",\"position\":2,\"name\":\"Expertise\"}]},{\"@type\":\"WebSite\",\"@id\":\"https:\/\/www.nexira.com\/#website\",\"url\":\"https:\/\/www.nexira.com\/\",\"name\":\"Nexira\",\"description\":\"Innovation Inspired by Nature\",\"publisher\":{\"@id\":\"https:\/\/www.nexira.com\/#organization\"},\"potentialAction\":[{\"@type\":\"SearchAction\",\"target\":{\"@type\":\"EntryPoint\",\"urlTemplate\":\"https:\/\/www.nexira.com\/?s={search_term_string}\"},\"query-input\":{\"@type\":\"PropertyValueSpecification\",\"valueRequired\":true,\"valueName\":\"search_term_string\"}}],\"inLanguage\":\"fr-FR\"},{\"@type\":\"Organization\",\"@id\":\"https:\/\/www.nexira.com\/#organization\",\"name\":\"Nexira\",\"url\":\"https:\/\/www.nexira.com\/\",\"logo\":{\"@type\":\"ImageObject\",\"inLanguage\":\"fr-FR\",\"@id\":\"https:\/\/www.nexira.com\/#\/schema\/logo\/image\/\",\"url\":\"https:\/\/www.nexira.com\/wp-content\/uploads\/2020\/05\/logo-nexira.png\",\"contentUrl\":\"https:\/\/www.nexira.com\/wp-content\/uploads\/2020\/05\/logo-nexira.png\",\"width\":362,\"height\":94,\"caption\":\"Nexira\"},\"image\":{\"@id\":\"https:\/\/www.nexira.com\/#\/schema\/logo\/image\/\"}}]}<\/script>\n<!-- \/ Yoast SEO plugin. -->","yoast_head_json":{"title":"Expertise - Nexira","description":"La nature est une source d'inspiration derri\u00e8re chacune de nos solutions.","robots":{"index":"index","follow":"follow","max-snippet":"max-snippet:-1","max-image-preview":"max-image-preview:large","max-video-preview":"max-video-preview:-1"},"canonical":"https:\/\/www.nexira.com\/fr\/expertise\/","og_locale":"fr_FR","og_type":"article","og_title":"Expertise - Nexira","og_description":"La nature est une source d'inspiration derri\u00e8re chacune de nos solutions.","og_url":"https:\/\/www.nexira.com\/fr\/expertise\/","og_site_name":"Nexira","article_modified_time":"2021-04-16T09:06:24+00:00","og_image":[{"url":"https:\/\/www.nexira.com\/wp-content\/uploads\/2020\/05\/expertises-bubble1.png"}],"twitter_card":"summary_large_image","twitter_misc":{"Dur\u00e9e de lecture estim\u00e9e":"3 minutes"},"schema":{"@context":"https:\/\/schema.org","@graph":[{"@type":"WebPage","@id":"https:\/\/www.nexira.com\/fr\/expertise\/","url":"https:\/\/www.nexira.com\/fr\/expertise\/","name":"Expertise - Nexira","isPartOf":{"@id":"https:\/\/www.nexira.com\/#website"},"primaryImageOfPage":{"@id":"https:\/\/www.nexira.com\/fr\/expertise\/#primaryimage"},"image":{"@id":"https:\/\/www.nexira.com\/fr\/expertise\/#primaryimage"},"thumbnailUrl":"https:\/\/www.nexira.com\/wp-content\/uploads\/2020\/05\/expertises-bubble1.png","datePublished":"2020-06-29T10:49:28+00:00","dateModified":"2021-04-16T09:06:24+00:00","description":"La nature est une source d'inspiration derri\u00e8re chacune de nos solutions.","breadcrumb":{"@id":"https:\/\/www.nexira.com\/fr\/expertise\/#breadcrumb"},"inLanguage":"fr-FR","potentialAction":[{"@type":"ReadAction","target":["https:\/\/www.nexira.com\/fr\/expertise\/"]}]},{"@type":"ImageObject","inLanguage":"fr-FR","@id":"https:\/\/www.nexira.com\/fr\/expertise\/#primaryimage","url":"https:\/\/www.nexira.com\/wp-content\/uploads\/2020\/05\/expertises-bubble1.png","contentUrl":"https:\/\/www.nexira.com\/wp-content\/uploads\/2020\/05\/expertises-bubble1.png"},{"@type":"BreadcrumbList","@id":"https:\/\/www.nexira.com\/fr\/expertise\/#breadcrumb","itemListElement":[{"@type":"ListItem","position":1,"name":"Accueil","item":"https:\/\/www.nexira.com\/"},{"@type":"ListItem","position":2,"name":"Expertise"}]},{"@type":"WebSite","@id":"https:\/\/www.nexira.com\/#website","url":"https:\/\/www.nexira.com\/","name":"Nexira","description":"Innovation Inspired by Nature","publisher":{"@id":"https:\/\/www.nexira.com\/#organization"},"potentialAction":[{"@type":"SearchAction","target":{"@type":"EntryPoint","urlTemplate":"https:\/\/www.nexira.com\/?s={search_term_string}"},"query-input":{"@type":"PropertyValueSpecification","valueRequired":true,"valueName":"search_term_string"}}],"inLanguage":"fr-FR"},{"@type":"Organization","@id":"https:\/\/www.nexira.com\/#organization","name":"Nexira","url":"https:\/\/www.nexira.com\/","logo":{"@type":"ImageObject","inLanguage":"fr-FR","@id":"https:\/\/www.nexira.com\/#\/schema\/logo\/image\/","url":"https:\/\/www.nexira.com\/wp-content\/uploads\/2020\/05\/logo-nexira.png","contentUrl":"https:\/\/www.nexira.com\/wp-content\/uploads\/2020\/05\/logo-nexira.png","width":362,"height":94,"caption":"Nexira"},"image":{"@id":"https:\/\/www.nexira.com\/#\/schema\/logo\/image\/"}}]}},"uagb_featured_image_src":{"full":false,"thumbnail":false,"medium":false,"medium_large":false,"large":false,"1536x1536":false,"2048x2048":false,"full_width":false},"uagb_author_info":{"display_name":"nutrikeo","author_link":"https:\/\/www.nexira.com\/fr\/author\/nutrikeo\/"},"uagb_comment_info":0,"uagb_excerpt":null,"_links":{"self":[{"href":"https:\/\/www.nexira.com\/fr\/wp-json\/wp\/v2\/pages\/3348"}],"collection":[{"href":"https:\/\/www.nexira.com\/fr\/wp-json\/wp\/v2\/pages"}],"about":[{"href":"https:\/\/www.nexira.com\/fr\/wp-json\/wp\/v2\/types\/page"}],"author":[{"embeddable":true,"href":"https:\/\/www.nexira.com\/fr\/wp-json\/wp\/v2\/users\/1"}],"replies":[{"embeddable":true,"href":"https:\/\/www.nexira.com\/fr\/wp-json\/wp\/v2\/comments?post=3348"}],"version-history":[{"count":12,"href":"https:\/\/www.nexira.com\/fr\/wp-json\/wp\/v2\/pages\/3348\/revisions"}],"predecessor-version":[{"id":6720,"href":"https:\/\/www.nexira.com\/fr\/wp-json\/wp\/v2\/pages\/3348\/revisions\/6720"}],"up":[{"embeddable":true,"href":"https:\/\/www.nexira.com\/fr\/wp-json\/wp\/v2\/pages\/3288"}],"wp:attachment":[{"href":"https:\/\/www.nexira.com\/fr\/wp-json\/wp\/v2\/media?parent=3348"}],"curies":[{"name":"wp","href":"https:\/\/api.w.org\/{rel}","templated":true}]}}