{"id":3357,"date":"2020-06-29T13:12:14","date_gmt":"2020-06-29T11:12:14","guid":{"rendered":"https:\/\/www.nexira.com\/politique-de-confidentialite\/"},"modified":"2025-05-19T14:41:28","modified_gmt":"2025-05-19T12:41:28","slug":"politique-de-confidentialite","status":"publish","type":"page","link":"https:\/\/www.nexira.com\/fr\/politique-de-confidentialite\/","title":{"rendered":"Politique de confidentialit\u00e9"},"content":{"rendered":"\n<br><br>\n\n\n\n<h1 class=\"wp-block-heading\" style=\"font-size:28px\">Politique de confidentialit\u00e9<\/h1>\n\n\n\n<h2 class=\"wp-block-heading\"><p><strong>INFORMATIONS PERSONNELLES QUE CE SITE WEB RECUEILLE ET POURQUOI NOUS LES COLLECTONS<\/strong><\/p><\/h2>\n\n\n\n<p>Cette politique de confidentialit\u00e9 est destin\u00e9e \u00e0 vous informer sur nos politiques et pratiques concernant la collecte, l\u2019utilisation et la divulgation de toute information personnelle (d\u00e9finie ci-dessous) et de l\u2019information anonyme (d\u00e9finie ci-dessous) que vous nous soumettez ou que nous collectons. <\/p>\n\n\n\n<p>Les \u00ab informations personnelles \u00bb sont des informations vous concernant qui vous sont personnellement identifiables, comme votre nom, votre pr\u00e9nom, votre adresse, votre adresse e-mail, votre entreprise et votre intitul\u00e9 de poste ainsi que d&rsquo;autres informations non publiques associ\u00e9es \u00e0 ce qui pr\u00e9c\u00e8de. Les \u00ab informations anonymes \u00bb sont des informations qui ne sont pas associ\u00e9es ou li\u00e9es \u00e0 vos informations personnelles ; Les informations anonymes ne permettent pas d&rsquo;identifier des personnes individuelles. Nous collectons et utilisons des informations personnelles et des informations anonymes comme indiqu\u00e9 dans la pr\u00e9sente politique de confidentialit\u00e9.<\/p>\n\n\n\n<p><p>Conform\u00e9ment aux dispositions de la Loi Informatique et Libert\u00e9s du 6 janvier 1978 (modifi\u00e9e par la loi n\u00b0 2018-493 du 20 juin 2018 relative \u00e0 la protection des donn\u00e9es personnelles), vous \u00eates inform\u00e9 que vous disposez de droits concernant vos donn\u00e9es \u00e0 caract\u00e8re personnel. Vous pouvez ainsi acc\u00e9der aux donn\u00e9es vous concernant ou demander leur effacement. Vous disposez \u00e9galement d&rsquo;un droit d\u2019opposition, d\u2019un droit de rectification, d\u2019un droit \u00e0 la limitation du traitement de vos donn\u00e9es et d\u2019un droit \u00e0 la portabilit\u00e9 de vos donn\u00e9es (cf.\u00a0<a href=\"http:\/\/www.cnil.fr\/\">cnil.fr<\/a>\u00a0pour plus d\u2019informations sur vos droits).<\/p><\/p>\n\n\n\n<p>Pour exercer ces droits ou pour toute question se rapportant au traitement de vos donn\u00e9es \u00e0 caract\u00e8re personnel, veuillez nous contacter \u00e0 tout moment \u00e0 l\u2019adresse\u00a0:\u00a0<a href=\"mailto:info@nexira.com\">dpo@nexira.com<\/a>\u00a0(objet \u00ab\u00a0Exercice de mes droits\u00a0\u00bb).<\/p>\n\n\n\n<h3 class=\"wp-block-heading\"><p><strong>Consentement de l&rsquo;utilisateur<\/strong><\/p><\/h3>\n\n\n\n<p>Lorsque vous soumettez des informations personnelles via notre site Web, vous acceptez les termes de cette politique de confidentialit\u00e9 et vous consentez express\u00e9ment au traitement de vos informations personnelles d\u00e9fini dans la pr\u00e9sente politique de confidentialit\u00e9 jusqu&rsquo;au retrait du consentement.<\/p>\n\n\n\n<h3 class=\"wp-block-heading\"><p><strong>Informations collect\u00e9es<\/strong><\/p><\/h3>\n\n\n\n<p>Nous pouvons collecter des informations personnelles que vous nous soumettez volontairement via notre site Web. Nous collectons ces informations lorsque vous t\u00e9l\u00e9chargez, envoyez une demande ou utilisez certaines fonctionnalit\u00e9s du site.<\/p>\n\n\n\n<p>Nous collectons ces informations \u00e0 des fins statistiques, commerciales et pour nos campagnes de communication. <\/p>\n\n\n\n<h3 class=\"wp-block-heading\"><p><strong>Mesures de S\u00e9curit\u00e9 des Donn\u00e9es<\/strong><\/p><\/h3>\n\n\n\n<p>Nous mettons en \u0153uvre des mesures de s\u00e9curit\u00e9 adapt\u00e9es au degr\u00e9 de sensibilit\u00e9 des Donn\u00e9es \u00e0 caract\u00e8re personnel pour les prot\u00e9ger contre toute intrusion malveillante, toute perte, alt\u00e9ration ou divulgation \u00e0 des tiers non autoris\u00e9s.<\/p>\n\n\n\n<p>Nous d\u00e9livrons des autorisations d\u2019acc\u00e8s \u00e0 son syst\u00e8me d\u2019information aux seules personnes qui en ont besoin pour exercer leur fonction.<\/p>\n\n\n\n<h3 class=\"wp-block-heading\"><p><strong>Utilisation des cookies<\/strong><\/p><\/h3>\n\n\n\n<p>Le site Web utilise des cookies. Les cookies sont de minuscules fichiers texte qui identifient votre ordinateur sur notre serveur en tant qu\u2019utilisateur unique lorsque vous visitez certaines pages du site Web. Ils sont stock\u00e9s par votre navigateur Internet sur le disque dur de votre ordinateur. Les cookies peuvent \u00eatre utilis\u00e9s pour reconna\u00eetre votre adresse de protocole Internet, vous faisant gagner du temps lorsque vous \u00eates sur le site Web et pour aider notre \u00e9quipe \u00e0 comprendre les sections du site Web que vous trouvez les plus int\u00e9ressantes et utiles. Si vous souhaitez plus de renseignements, contactez-nous \u00e0 l\u2019adresse\u00a0<a href=\"mailto:marketing@nexira.com\"><a href=\"mailto:dpo@nexira.com\">dpo@nexira.com<\/a><\/a>\u00a0(objet \u00ab\u00a0Confidentialit\u00e9 de mes donn\u00e9es\u00a0\u00bb).<\/p>\n\n\n\n<p>Nous collectons ces informations \u00e0 des fins statistiques, pour aider notre \u00e9quipe \u00e0 comprendre les sections du site Web que vous trouvez les plus int\u00e9ressantes et utiles. Nous ne communiquons pas les informations stock\u00e9es dans les cookies \u00e0 des tiers.<\/p>\n\n\n\n<h3 class=\"wp-block-heading\"><p><strong>Google Analytics<\/strong><\/p><\/h3>\n\n\n\n<p>Ce site Web utilise Google Analytics pour collecter des informations anonymes. Nous utilisons ces donn\u00e9es pour d\u00e9terminer le nombre de personnes utilisant notre site, pour mieux comprendre comment elles trouvent et utilisent nos pages Web et pour voir leur parcours sur le site. Bien que Google Analytics enregistre des donn\u00e9es telles que votre situation g\u00e9ographique, votre appareil, votre navigateur Internet et votre syst\u00e8me d&rsquo;exploitation, aucune de ces informations ne vous identifie personnellement. Google Analytics peut enregistrer l&rsquo;adresse IP de votre ordinateur qui pourrait \u00eatre utilis\u00e9e pour vous identifier personnellement, mais Google ne nous autorise pas \u00e0 y acc\u00e9der.<\/p>\n\n\n\n<p>Garder ce cookie activ\u00e9 nous aide \u00e0 am\u00e9liorer notre site Web. La d\u00e9sactivation des cookies sur votre navigateur Internet emp\u00eachera GA de suivre toute partie de votre visite sur les pages de ce site Web.<\/p>\n\n\n\n<h3 class=\"wp-block-heading\"><p><strong>MODIFICATIONS DE NOTRE POLITIQUE DE CONFIDENTIALIT\u00c9<\/strong><\/p><\/h3>\n\n\n\n<p>Cette politique de confidentialit\u00e9 peut changer de temps \u00e0 autre en fonction de la l\u00e9gislation ou des d\u00e9veloppements de l&rsquo;industrie. Nous n&rsquo;informerons pas explicitement nos clients ou les utilisateurs du site Web de ces changements. Nous vous recommandons de consulter cette page de temps en temps pour tout changement de politique.<\/p>\n\n\n\n<p>Pour en savoir plus sur la mani\u00e8re dont nous prot\u00e9geons vos donn\u00e9es personnelles et sur vos droits, consultez notre <a href=\"https:\/\/www.nexira.com\/fr\/politique-de-protection-des-donnees-personnelles\/\">Politique de protection des donn\u00e9es personnelles<\/a>.<\/p>\n","protected":false},"excerpt":{"rendered":"<p>Politique de confidentialit\u00e9 INFORMATIONS PERSONNELLES QUE CE SITE WEB RECUEILLE ET POURQUOI NOUS LES COLLECTONS Cette politique de confidentialit\u00e9 est destin\u00e9e \u00e0 vous informer sur<\/p>\n","protected":false},"author":18,"featured_media":0,"parent":0,"menu_order":0,"comment_status":"closed","ping_status":"closed","template":"","meta":{"_acf_changed":false,"_uag_custom_page_level_css":"","footnotes":""},"class_list":["post-3357","page","type-page","status-publish","hentry"],"acf":[],"yoast_head":"<!-- This site is optimized with the Yoast SEO plugin v23.4 - https:\/\/yoast.com\/wordpress\/plugins\/seo\/ -->\n<title>Politique de confidentialit\u00e9 - Nexira<\/title>\n<meta name=\"description\" content=\"Cette politique de confidentialit\u00e9 est destin\u00e9e \u00e0 vous informer sur nos politiques et pratiques concernant la collecte, l&#039;utilisation et la divulgation de toute information personnelle (d\u00e9finie ci-dessous) et de l&#039;information anonyme (d\u00e9finie ci-dessous) que vous nous soumettez ou que nous collectons.\" \/>\n<meta name=\"robots\" content=\"index, follow, max-snippet:-1, max-image-preview:large, max-video-preview:-1\" \/>\n<link rel=\"canonical\" href=\"https:\/\/www.nexira.com\/fr\/politique-de-confidentialite\/\" \/>\n<meta property=\"og:locale\" content=\"fr_FR\" \/>\n<meta property=\"og:type\" content=\"article\" \/>\n<meta property=\"og:title\" content=\"Politique de confidentialit\u00e9 - Nexira\" \/>\n<meta property=\"og:description\" content=\"Cette politique de confidentialit\u00e9 est destin\u00e9e \u00e0 vous informer sur nos politiques et pratiques concernant la collecte, l&#039;utilisation et la divulgation de toute information personnelle (d\u00e9finie ci-dessous) et de l&#039;information anonyme (d\u00e9finie ci-dessous) que vous nous soumettez ou que nous collectons.\" \/>\n<meta property=\"og:url\" content=\"https:\/\/www.nexira.com\/fr\/politique-de-confidentialite\/\" \/>\n<meta property=\"og:site_name\" content=\"Nexira\" \/>\n<meta property=\"article:modified_time\" content=\"2025-05-19T12:41:28+00:00\" \/>\n<meta name=\"twitter:card\" content=\"summary_large_image\" \/>\n<meta name=\"twitter:label1\" content=\"Dur\u00e9e de lecture estim\u00e9e\" \/>\n\t<meta name=\"twitter:data1\" content=\"4 minutes\" \/>\n<script type=\"application\/ld+json\" class=\"yoast-schema-graph\">{\"@context\":\"https:\/\/schema.org\",\"@graph\":[{\"@type\":\"WebPage\",\"@id\":\"https:\/\/www.nexira.com\/fr\/politique-de-confidentialite\/\",\"url\":\"https:\/\/www.nexira.com\/fr\/politique-de-confidentialite\/\",\"name\":\"Politique de confidentialit\u00e9 - Nexira\",\"isPartOf\":{\"@id\":\"https:\/\/www.nexira.com\/#website\"},\"datePublished\":\"2020-06-29T11:12:14+00:00\",\"dateModified\":\"2025-05-19T12:41:28+00:00\",\"description\":\"Cette politique de confidentialit\u00e9 est destin\u00e9e \u00e0 vous informer sur nos politiques et pratiques concernant la collecte, l'utilisation et la divulgation de toute information personnelle (d\u00e9finie ci-dessous) et de l'information anonyme (d\u00e9finie ci-dessous) que vous nous soumettez ou que nous collectons.\",\"breadcrumb\":{\"@id\":\"https:\/\/www.nexira.com\/fr\/politique-de-confidentialite\/#breadcrumb\"},\"inLanguage\":\"fr-FR\",\"potentialAction\":[{\"@type\":\"ReadAction\",\"target\":[\"https:\/\/www.nexira.com\/fr\/politique-de-confidentialite\/\"]}]},{\"@type\":\"BreadcrumbList\",\"@id\":\"https:\/\/www.nexira.com\/fr\/politique-de-confidentialite\/#breadcrumb\",\"itemListElement\":[{\"@type\":\"ListItem\",\"position\":1,\"name\":\"Accueil\",\"item\":\"https:\/\/www.nexira.com\/\"},{\"@type\":\"ListItem\",\"position\":2,\"name\":\"Politique de confidentialit\u00e9\"}]},{\"@type\":\"WebSite\",\"@id\":\"https:\/\/www.nexira.com\/#website\",\"url\":\"https:\/\/www.nexira.com\/\",\"name\":\"Nexira\",\"description\":\"Innovation Inspired by Nature\",\"publisher\":{\"@id\":\"https:\/\/www.nexira.com\/#organization\"},\"potentialAction\":[{\"@type\":\"SearchAction\",\"target\":{\"@type\":\"EntryPoint\",\"urlTemplate\":\"https:\/\/www.nexira.com\/?s={search_term_string}\"},\"query-input\":{\"@type\":\"PropertyValueSpecification\",\"valueRequired\":true,\"valueName\":\"search_term_string\"}}],\"inLanguage\":\"fr-FR\"},{\"@type\":\"Organization\",\"@id\":\"https:\/\/www.nexira.com\/#organization\",\"name\":\"Nexira\",\"url\":\"https:\/\/www.nexira.com\/\",\"logo\":{\"@type\":\"ImageObject\",\"inLanguage\":\"fr-FR\",\"@id\":\"https:\/\/www.nexira.com\/#\/schema\/logo\/image\/\",\"url\":\"https:\/\/www.nexira.com\/wp-content\/uploads\/2020\/05\/logo-nexira.png\",\"contentUrl\":\"https:\/\/www.nexira.com\/wp-content\/uploads\/2020\/05\/logo-nexira.png\",\"width\":362,\"height\":94,\"caption\":\"Nexira\"},\"image\":{\"@id\":\"https:\/\/www.nexira.com\/#\/schema\/logo\/image\/\"}}]}<\/script>\n<!-- \/ Yoast SEO plugin. -->","yoast_head_json":{"title":"Politique de confidentialit\u00e9 - Nexira","description":"Cette politique de confidentialit\u00e9 est destin\u00e9e \u00e0 vous informer sur nos politiques et pratiques concernant la collecte, l'utilisation et la divulgation de toute information personnelle (d\u00e9finie ci-dessous) et de l'information anonyme (d\u00e9finie ci-dessous) que vous nous soumettez ou que nous collectons.","robots":{"index":"index","follow":"follow","max-snippet":"max-snippet:-1","max-image-preview":"max-image-preview:large","max-video-preview":"max-video-preview:-1"},"canonical":"https:\/\/www.nexira.com\/fr\/politique-de-confidentialite\/","og_locale":"fr_FR","og_type":"article","og_title":"Politique de confidentialit\u00e9 - Nexira","og_description":"Cette politique de confidentialit\u00e9 est destin\u00e9e \u00e0 vous informer sur nos politiques et pratiques concernant la collecte, l'utilisation et la divulgation de toute information personnelle (d\u00e9finie ci-dessous) et de l'information anonyme (d\u00e9finie ci-dessous) que vous nous soumettez ou que nous collectons.","og_url":"https:\/\/www.nexira.com\/fr\/politique-de-confidentialite\/","og_site_name":"Nexira","article_modified_time":"2025-05-19T12:41:28+00:00","twitter_card":"summary_large_image","twitter_misc":{"Dur\u00e9e de lecture estim\u00e9e":"4 minutes"},"schema":{"@context":"https:\/\/schema.org","@graph":[{"@type":"WebPage","@id":"https:\/\/www.nexira.com\/fr\/politique-de-confidentialite\/","url":"https:\/\/www.nexira.com\/fr\/politique-de-confidentialite\/","name":"Politique de confidentialit\u00e9 - Nexira","isPartOf":{"@id":"https:\/\/www.nexira.com\/#website"},"datePublished":"2020-06-29T11:12:14+00:00","dateModified":"2025-05-19T12:41:28+00:00","description":"Cette politique de confidentialit\u00e9 est destin\u00e9e \u00e0 vous informer sur nos politiques et pratiques concernant la collecte, l'utilisation et la divulgation de toute information personnelle (d\u00e9finie ci-dessous) et de l'information anonyme (d\u00e9finie ci-dessous) que vous nous soumettez ou que nous collectons.","breadcrumb":{"@id":"https:\/\/www.nexira.com\/fr\/politique-de-confidentialite\/#breadcrumb"},"inLanguage":"fr-FR","potentialAction":[{"@type":"ReadAction","target":["https:\/\/www.nexira.com\/fr\/politique-de-confidentialite\/"]}]},{"@type":"BreadcrumbList","@id":"https:\/\/www.nexira.com\/fr\/politique-de-confidentialite\/#breadcrumb","itemListElement":[{"@type":"ListItem","position":1,"name":"Accueil","item":"https:\/\/www.nexira.com\/"},{"@type":"ListItem","position":2,"name":"Politique de confidentialit\u00e9"}]},{"@type":"WebSite","@id":"https:\/\/www.nexira.com\/#website","url":"https:\/\/www.nexira.com\/","name":"Nexira","description":"Innovation Inspired by Nature","publisher":{"@id":"https:\/\/www.nexira.com\/#organization"},"potentialAction":[{"@type":"SearchAction","target":{"@type":"EntryPoint","urlTemplate":"https:\/\/www.nexira.com\/?s={search_term_string}"},"query-input":{"@type":"PropertyValueSpecification","valueRequired":true,"valueName":"search_term_string"}}],"inLanguage":"fr-FR"},{"@type":"Organization","@id":"https:\/\/www.nexira.com\/#organization","name":"Nexira","url":"https:\/\/www.nexira.com\/","logo":{"@type":"ImageObject","inLanguage":"fr-FR","@id":"https:\/\/www.nexira.com\/#\/schema\/logo\/image\/","url":"https:\/\/www.nexira.com\/wp-content\/uploads\/2020\/05\/logo-nexira.png","contentUrl":"https:\/\/www.nexira.com\/wp-content\/uploads\/2020\/05\/logo-nexira.png","width":362,"height":94,"caption":"Nexira"},"image":{"@id":"https:\/\/www.nexira.com\/#\/schema\/logo\/image\/"}}]}},"uagb_featured_image_src":{"full":false,"thumbnail":false,"medium":false,"medium_large":false,"large":false,"1536x1536":false,"2048x2048":false,"full_width":false},"uagb_author_info":{"display_name":"Julien Pitras","author_link":"https:\/\/www.nexira.com\/fr\/author\/juline-pitras\/"},"uagb_comment_info":0,"uagb_excerpt":"Politique de confidentialit\u00e9 INFORMATIONS PERSONNELLES QUE CE SITE WEB RECUEILLE ET POURQUOI NOUS LES COLLECTONS Cette politique de confidentialit\u00e9 est destin\u00e9e \u00e0 vous informer sur","_links":{"self":[{"href":"https:\/\/www.nexira.com\/fr\/wp-json\/wp\/v2\/pages\/3357"}],"collection":[{"href":"https:\/\/www.nexira.com\/fr\/wp-json\/wp\/v2\/pages"}],"about":[{"href":"https:\/\/www.nexira.com\/fr\/wp-json\/wp\/v2\/types\/page"}],"author":[{"embeddable":true,"href":"https:\/\/www.nexira.com\/fr\/wp-json\/wp\/v2\/users\/18"}],"replies":[{"embeddable":true,"href":"https:\/\/www.nexira.com\/fr\/wp-json\/wp\/v2\/comments?post=3357"}],"version-history":[{"count":4,"href":"https:\/\/www.nexira.com\/fr\/wp-json\/wp\/v2\/pages\/3357\/revisions"}],"predecessor-version":[{"id":10017356,"href":"https:\/\/www.nexira.com\/fr\/wp-json\/wp\/v2\/pages\/3357\/revisions\/10017356"}],"wp:attachment":[{"href":"https:\/\/www.nexira.com\/fr\/wp-json\/wp\/v2\/media?parent=3357"}],"curies":[{"name":"wp","href":"https:\/\/api.w.org\/{rel}","templated":true}]}}