{"id":3360,"date":"2020-06-29T13:18:18","date_gmt":"2020-06-29T11:18:18","guid":{"rendered":"https:\/\/www.nexira.com\/mentions-legales\/"},"modified":"2026-02-27T10:25:43","modified_gmt":"2026-02-27T09:25:43","slug":"mentions-legales","status":"publish","type":"page","link":"https:\/\/www.nexira.com\/fr\/mentions-legales\/","title":{"rendered":"Mentions l\u00e9gales"},"content":{"rendered":"\n<p>&nbsp;<\/p>\n\n\n\n<h1 class=\"wp-block-heading\" style=\"font-size:28px\">Mentions l\u00e9gales<\/h1>\n\n\n\n<p><strong>Directeur de la Publication<\/strong><\/p>\n\n\n\n<p> <br>La r\u00e9daction r\u00e9guli\u00e8re est assur\u00e9e par l\u2019\u00e9quipe Marketing et Communication de Nexira.<\/p>\n\n\n\n<p>NEXIRA<\/p>\n\n\n<\/p>\n<p><strong>Si\u00e8ge social<\/strong><\/p>\n<\/p>\n\n\n<p>Fabrication d&rsquo;autres produits alimentaires n.c.a. (1089Z)<\/p>\n\n\n\n<p>129 chemin de Croisset &#8211; BP 4151 &#8211; 76723 Rouen Cedex 3 &#8211; FRANCE<\/p>\n\n\n\n<p>SAS \u2013 capital: 11&nbsp;386 336,00\u20ac<\/p>\n\n\n\n<p>N\u00b0 SIRET: 344 770 870 00014 &#8211;&nbsp;RCS Rouen 344 770 870<\/p>\n\n\n\n<p>N\u00b0 de t\u00e9l : +33 (0)2 32 83 18 18<\/p>\n\n\n<p>CR\u00c9ATEUR DU SITE :<\/p>\n\n\n<p>Le site www.nexira.com a \u00e9t\u00e9 cr\u00e9\u00e9 par la soci\u00e9t\u00e9 NUTRIKEO, soci\u00e9t\u00e9 \u00e0 responsabilit\u00e9 limit\u00e9e, immatricul\u00e9e au RCS de Bordeaux sous le num\u00e9ro 510 993 462 dont le si\u00e8ge social se situe 32 Avenue de Canteranne \u2013 33600 PESSAC. <\/p>\n\n\n<p><blockquote class=\"wp-embedded-content\" data-secret=\"jVgH4LJ4GZ\"><a href=\"https:\/\/www.nutrikeo.com\/\">Accueil<\/a><\/blockquote><iframe class=\"wp-embedded-content\" sandbox=\"allow-scripts\" security=\"restricted\" style=\"position: absolute; clip: rect(1px, 1px, 1px, 1px);\" title=\"\u00ab\u00a0Accueil\u00a0\u00bb &#8212; Nutrikeo\" src=\"https:\/\/www.nutrikeo.com\/embed\/#?secret=7rWxBu9UM9#?secret=jVgH4LJ4GZ\" data-secret=\"jVgH4LJ4GZ\" width=\"600\" height=\"338\" frameborder=\"0\" marginwidth=\"0\" marginheight=\"0\" scrolling=\"no\"><\/iframe><\/p>\n<p><strong>Cr\u00e9dits Photos<\/strong><\/p>\n\n\n<p>Toutes les images pr\u00e9sentes sur ce site Web sont soumises \u00e0 un copyright. Elles ne peuvent \u00eatre dupliqu\u00e9es ou utilis\u00e9es sans l&rsquo;autorisation \u00e9crite de son propri\u00e9taire. Toute demande doit \u00eatre adress\u00e9e \u00e0 Nexira.<\/p>\n\n\n<p><strong>H\u00e9bergement<\/strong><\/p>\n\n\n<p><\/p>\n\n\n\n<p>140, Quai du Sartel \u2013 59100 ROUBAIX<\/p>\n\n\n\n<p><a href=\"https:\/\/www.ovh.com\">https:\/\/www.ovh.com<\/a><\/p>\n\n\n\n<p>SAS au capital de 500 000 \u20ac \u2013 RCS Roubaix-Tourcoing 424 761 419 00011<\/p>\n\n\n\n<p><strong>CNIL<\/strong><\/p>\n\n\n\n<p>Ce site fait l&rsquo;objet d&rsquo;une d\u00e9claration aupr\u00e8s de la Cnil (n\u00b01318816).<\/p>\n\n\n<p>Si vous constatez une anomalie sur ce site, merci de contacter le webmaster : marketing@nexira.com<\/p>\n\n\n<p><strong>Droits d&rsquo;auteurs<\/strong><\/p>\n\n\n\n<p>L&rsquo;ensemble de ce site rel\u00e8ve de la l\u00e9gislation fran\u00e7aise et internationale sur le droit d&rsquo;auteur et la propri\u00e9t\u00e9 intellectuelle. Tous les droits de reproduction sont r\u00e9serv\u00e9s, y compris pour les documents t\u00e9l\u00e9chargeables et les repr\u00e9sentations photographiques.<\/p>\n\n\n\n<p>La reproduction de tout ou partie de ce site, sur n&rsquo;importe quel support, est formellement interdite sauf autorisation expresse de la directrice de la publication.<\/p>\n\n\n\n<p><strong>Informations<\/strong><\/p>\n\n\n\n<p>Les informations pr\u00e9sent\u00e9es sur ce site ainsi que les liens vers d&rsquo;autres sites sont donn\u00e9es \u00e0 titre indicatif.<\/p>\n\n\n\n<p>La pr\u00e9sence de liens hypertexte vers d&rsquo;autres sites web ou adresse \u00e9lectronique n&rsquo;engage pas la responsabilit\u00e9 de Nexira.<\/p>\n\n\n\n<p><strong>Informations collect\u00e9es<\/strong><\/p>\n\n\n\n<p>Nous pouvons collecter des informations personnelles que vous nous soumettez volontairement via notre site Web. Nous collectons ces informations lorsque vous t\u00e9l\u00e9chargez, envoyez une demande ou utilisez certaines fonctionnalit\u00e9s du site.<\/p>\n\n\n\n<p>Nous collectons des donn\u00e9es pour l&rsquo;analyse statistique et pour aider notre \u00e9quipe \u00e0 comprendre quelles sections du site Web vous trouvez les plus int\u00e9ressantes et utiles. Nous ne transf\u00e9rons aucune donn\u00e9e \u00e0 un tiers.<\/p>\n\n\n\n<p>Vous disposez d&rsquo;un droit d&rsquo;acc\u00e8s, de modification, de rectification et de suppression des donn\u00e9es qui vous concernent (art. 34 de la loi \u00ab\u00a0Informatique et Libert\u00e9s\u00a0\u00bb). Pour l&rsquo;exercer, adressez-vous \u00e0 : Nexira &#8211; 129 chemin de Croisset &#8211; 76000 Rouen &#8211; FRANCE.<\/p>\n\n\n\n<p><\/p>\n\n\n\n<p><strong>Index \u00e9galit\u00e9 professionnelle<\/strong><\/p>\n\n\n\n<p>L\u2019index \u00e9galit\u00e9 femmes-hommes de Nexira au titre l\u2019ann\u00e9e 2025 est de 81 points\/100.<\/p>\n\n\n\n<p>L\u2019indicateur 1 \u2013 sur les \u00e9carts de r\u00e9mun\u00e9ration \u2013 affiche 31 points\/40.<br>L\u2019objectif de progression est pour Nexira de poursuivre l\u2019analyse des \u00e9carts de r\u00e9mun\u00e9ration et mettre en \u0153uvre, lorsque cela est n\u00e9cessaire, des mesures d\u2019ajustement afin de tendre vers une r\u00e9duction progressive des \u00e9carts constat\u00e9s.<\/p>\n\n\n\n<p>L\u2019indicateur 2 \u2013 sur les \u00e9carts d\u2019augmentations individuelles \u2013 affiche 35 points\/35.<\/p>\n\n\n\n<p>L\u2019indicateur 3 \u2013 sur les retours de cong\u00e9 maternit\u00e9 \u2013 affiche 15 points\/15<\/p>\n\n\n\n<p>L\u2019indicateur 4 \u2013 sur les salari\u00e9s du sexe sous-repr\u00e9sent\u00e9 parmi les 10 plus hautes r\u00e9mun\u00e9rations \u2013 affiche 0\/10<\/p>\n\n\n\n<p>L\u2019objectif de progression est pour Nexira de veiller \u00e0 favoriser une repr\u00e9sentation plus \u00e9quilibr\u00e9e des femmes et des hommes parmi les plus hautes r\u00e9mun\u00e9rations, notamment lors des prochaines \u00e9volutions ou recrutements \u00e0 des postes \u00e0 forte responsabilit\u00e9.<\/p>\n\n\n\n<p>En parall\u00e8le de ces objectifs de progression, un plan d\u2019actions solide est mis en place au sein de Nexira pour continuer \u00e0 concr\u00e9tiser l\u2019engagement de la Direction.<\/p>\n\n\n\n<p><\/p>\n","protected":false},"excerpt":{"rendered":"<p>&nbsp; Mentions l\u00e9gales Directeur de la Publication La r\u00e9daction r\u00e9guli\u00e8re est assur\u00e9e par l\u2019\u00e9quipe Marketing et Communication de Nexira. NEXIRA Si\u00e8ge social Fabrication d&rsquo;autres produits<\/p>\n","protected":false},"author":1,"featured_media":0,"parent":0,"menu_order":0,"comment_status":"closed","ping_status":"closed","template":"","meta":{"_acf_changed":false,"_uag_custom_page_level_css":"","footnotes":""},"class_list":["post-3360","page","type-page","status-publish","hentry"],"acf":[],"yoast_head":"<!-- This site is optimized with the Yoast SEO plugin v23.4 - https:\/\/yoast.com\/wordpress\/plugins\/seo\/ -->\n<title>Mentions l\u00e9gales - Nexira<\/title>\n<meta name=\"robots\" content=\"index, follow, max-snippet:-1, max-image-preview:large, max-video-preview:-1\" \/>\n<link rel=\"canonical\" href=\"https:\/\/www.nexira.com\/fr\/mentions-legales\/\" \/>\n<meta property=\"og:locale\" content=\"fr_FR\" \/>\n<meta property=\"og:type\" content=\"article\" \/>\n<meta property=\"og:title\" content=\"Mentions l\u00e9gales - Nexira\" \/>\n<meta property=\"og:description\" content=\"&nbsp; Mentions l\u00e9gales Directeur de la Publication La r\u00e9daction r\u00e9guli\u00e8re est assur\u00e9e par l\u2019\u00e9quipe Marketing et Communication de Nexira. NEXIRA Si\u00e8ge social Fabrication d&rsquo;autres produits\" \/>\n<meta property=\"og:url\" content=\"https:\/\/www.nexira.com\/fr\/mentions-legales\/\" \/>\n<meta property=\"og:site_name\" content=\"Nexira\" \/>\n<meta property=\"article:modified_time\" content=\"2026-02-27T09:25:43+00:00\" \/>\n<meta name=\"twitter:card\" content=\"summary_large_image\" \/>\n<meta name=\"twitter:label1\" content=\"Dur\u00e9e de lecture estim\u00e9e\" \/>\n\t<meta name=\"twitter:data1\" content=\"3 minutes\" \/>\n<script type=\"application\/ld+json\" class=\"yoast-schema-graph\">{\"@context\":\"https:\/\/schema.org\",\"@graph\":[{\"@type\":\"WebPage\",\"@id\":\"https:\/\/www.nexira.com\/fr\/mentions-legales\/\",\"url\":\"https:\/\/www.nexira.com\/fr\/mentions-legales\/\",\"name\":\"Mentions l\u00e9gales - Nexira\",\"isPartOf\":{\"@id\":\"https:\/\/www.nexira.com\/#website\"},\"datePublished\":\"2020-06-29T11:18:18+00:00\",\"dateModified\":\"2026-02-27T09:25:43+00:00\",\"breadcrumb\":{\"@id\":\"https:\/\/www.nexira.com\/fr\/mentions-legales\/#breadcrumb\"},\"inLanguage\":\"fr-FR\",\"potentialAction\":[{\"@type\":\"ReadAction\",\"target\":[\"https:\/\/www.nexira.com\/fr\/mentions-legales\/\"]}]},{\"@type\":\"BreadcrumbList\",\"@id\":\"https:\/\/www.nexira.com\/fr\/mentions-legales\/#breadcrumb\",\"itemListElement\":[{\"@type\":\"ListItem\",\"position\":1,\"name\":\"Accueil\",\"item\":\"https:\/\/www.nexira.com\/\"},{\"@type\":\"ListItem\",\"position\":2,\"name\":\"Mentions l\u00e9gales\"}]},{\"@type\":\"WebSite\",\"@id\":\"https:\/\/www.nexira.com\/#website\",\"url\":\"https:\/\/www.nexira.com\/\",\"name\":\"Nexira\",\"description\":\"Innovation Inspired by Nature\",\"publisher\":{\"@id\":\"https:\/\/www.nexira.com\/#organization\"},\"potentialAction\":[{\"@type\":\"SearchAction\",\"target\":{\"@type\":\"EntryPoint\",\"urlTemplate\":\"https:\/\/www.nexira.com\/?s={search_term_string}\"},\"query-input\":{\"@type\":\"PropertyValueSpecification\",\"valueRequired\":true,\"valueName\":\"search_term_string\"}}],\"inLanguage\":\"fr-FR\"},{\"@type\":\"Organization\",\"@id\":\"https:\/\/www.nexira.com\/#organization\",\"name\":\"Nexira\",\"url\":\"https:\/\/www.nexira.com\/\",\"logo\":{\"@type\":\"ImageObject\",\"inLanguage\":\"fr-FR\",\"@id\":\"https:\/\/www.nexira.com\/#\/schema\/logo\/image\/\",\"url\":\"https:\/\/www.nexira.com\/wp-content\/uploads\/2020\/05\/logo-nexira.png\",\"contentUrl\":\"https:\/\/www.nexira.com\/wp-content\/uploads\/2020\/05\/logo-nexira.png\",\"width\":362,\"height\":94,\"caption\":\"Nexira\"},\"image\":{\"@id\":\"https:\/\/www.nexira.com\/#\/schema\/logo\/image\/\"}}]}<\/script>\n<!-- \/ Yoast SEO plugin. -->","yoast_head_json":{"title":"Mentions l\u00e9gales - Nexira","robots":{"index":"index","follow":"follow","max-snippet":"max-snippet:-1","max-image-preview":"max-image-preview:large","max-video-preview":"max-video-preview:-1"},"canonical":"https:\/\/www.nexira.com\/fr\/mentions-legales\/","og_locale":"fr_FR","og_type":"article","og_title":"Mentions l\u00e9gales - Nexira","og_description":"&nbsp; Mentions l\u00e9gales Directeur de la Publication La r\u00e9daction r\u00e9guli\u00e8re est assur\u00e9e par l\u2019\u00e9quipe Marketing et Communication de Nexira. NEXIRA Si\u00e8ge social Fabrication d&rsquo;autres produits","og_url":"https:\/\/www.nexira.com\/fr\/mentions-legales\/","og_site_name":"Nexira","article_modified_time":"2026-02-27T09:25:43+00:00","twitter_card":"summary_large_image","twitter_misc":{"Dur\u00e9e de lecture estim\u00e9e":"3 minutes"},"schema":{"@context":"https:\/\/schema.org","@graph":[{"@type":"WebPage","@id":"https:\/\/www.nexira.com\/fr\/mentions-legales\/","url":"https:\/\/www.nexira.com\/fr\/mentions-legales\/","name":"Mentions l\u00e9gales - Nexira","isPartOf":{"@id":"https:\/\/www.nexira.com\/#website"},"datePublished":"2020-06-29T11:18:18+00:00","dateModified":"2026-02-27T09:25:43+00:00","breadcrumb":{"@id":"https:\/\/www.nexira.com\/fr\/mentions-legales\/#breadcrumb"},"inLanguage":"fr-FR","potentialAction":[{"@type":"ReadAction","target":["https:\/\/www.nexira.com\/fr\/mentions-legales\/"]}]},{"@type":"BreadcrumbList","@id":"https:\/\/www.nexira.com\/fr\/mentions-legales\/#breadcrumb","itemListElement":[{"@type":"ListItem","position":1,"name":"Accueil","item":"https:\/\/www.nexira.com\/"},{"@type":"ListItem","position":2,"name":"Mentions l\u00e9gales"}]},{"@type":"WebSite","@id":"https:\/\/www.nexira.com\/#website","url":"https:\/\/www.nexira.com\/","name":"Nexira","description":"Innovation Inspired by Nature","publisher":{"@id":"https:\/\/www.nexira.com\/#organization"},"potentialAction":[{"@type":"SearchAction","target":{"@type":"EntryPoint","urlTemplate":"https:\/\/www.nexira.com\/?s={search_term_string}"},"query-input":{"@type":"PropertyValueSpecification","valueRequired":true,"valueName":"search_term_string"}}],"inLanguage":"fr-FR"},{"@type":"Organization","@id":"https:\/\/www.nexira.com\/#organization","name":"Nexira","url":"https:\/\/www.nexira.com\/","logo":{"@type":"ImageObject","inLanguage":"fr-FR","@id":"https:\/\/www.nexira.com\/#\/schema\/logo\/image\/","url":"https:\/\/www.nexira.com\/wp-content\/uploads\/2020\/05\/logo-nexira.png","contentUrl":"https:\/\/www.nexira.com\/wp-content\/uploads\/2020\/05\/logo-nexira.png","width":362,"height":94,"caption":"Nexira"},"image":{"@id":"https:\/\/www.nexira.com\/#\/schema\/logo\/image\/"}}]}},"uagb_featured_image_src":{"full":false,"thumbnail":false,"medium":false,"medium_large":false,"large":false,"1536x1536":false,"2048x2048":false,"full_width":false},"uagb_author_info":{"display_name":"nutrikeo","author_link":"https:\/\/www.nexira.com\/fr\/author\/nutrikeo\/"},"uagb_comment_info":0,"uagb_excerpt":"&nbsp; Mentions l\u00e9gales Directeur de la Publication La r\u00e9daction r\u00e9guli\u00e8re est assur\u00e9e par l\u2019\u00e9quipe Marketing et Communication de Nexira. NEXIRA Si\u00e8ge social Fabrication d&rsquo;autres produits","_links":{"self":[{"href":"https:\/\/www.nexira.com\/fr\/wp-json\/wp\/v2\/pages\/3360"}],"collection":[{"href":"https:\/\/www.nexira.com\/fr\/wp-json\/wp\/v2\/pages"}],"about":[{"href":"https:\/\/www.nexira.com\/fr\/wp-json\/wp\/v2\/types\/page"}],"author":[{"embeddable":true,"href":"https:\/\/www.nexira.com\/fr\/wp-json\/wp\/v2\/users\/1"}],"replies":[{"embeddable":true,"href":"https:\/\/www.nexira.com\/fr\/wp-json\/wp\/v2\/comments?post=3360"}],"version-history":[{"count":14,"href":"https:\/\/www.nexira.com\/fr\/wp-json\/wp\/v2\/pages\/3360\/revisions"}],"predecessor-version":[{"id":10018224,"href":"https:\/\/www.nexira.com\/fr\/wp-json\/wp\/v2\/pages\/3360\/revisions\/10018224"}],"wp:attachment":[{"href":"https:\/\/www.nexira.com\/fr\/wp-json\/wp\/v2\/media?parent=3360"}],"curies":[{"name":"wp","href":"https:\/\/api.w.org\/{rel}","templated":true}]}}