{"id":4282,"date":"2020-08-21T11:02:51","date_gmt":"2020-08-21T09:02:51","guid":{"rendered":"https:\/\/www.nexira.com\/?page_id=4282"},"modified":"2020-08-21T11:07:20","modified_gmt":"2020-08-21T09:07:20","slug":"cognivia-app-charter","status":"publish","type":"page","link":"https:\/\/www.nexira.com\/fr\/cognivia-app-charter\/","title":{"rendered":"Cognivia App"},"content":{"rendered":"\n<p><\/p>\n\n\n\n<p style=\"background-color:#f7f7f7\" class=\"has-background has-text-align-center\"><strong>THE CHARTER<\/strong><\/p>\n\n\n\n<p class=\"has-background has-gray-100-background-color\">The processing of personal data is governed in particular by the provisions of European Regulation 2016\/679 of 27 April 2016, by Law 78-17 of 6 January 1978 as amended and by the texts enabling their implementation.<br><br>As part of the\u00a0Cognivia App\u00a0application, it is used anonymously and no user information will be stored.<br><br>This Charter, accessible online, is subject to change at any time. The date at the bottom of the page is the date of the last revision of the Charter. Also, for a good understanding of the use of your personal data by our Company, we invite you to consult the online version on a regular basis and before any interaction with our services.<br><br>Published on October 8th 2019.<\/p>\n\n\n\n<p><\/p>\n\n\n\n<p class=\"has-background has-gray-100-background-color\">Le traitement des donn\u00e9es \u00e0 caract\u00e8re personnel est r\u00e9gi notamment par les dispositions du R\u00e8glement Europ\u00e9en 2016\/679 du 27 avril 2016, par celles de la loi 78-17 du 6 janvier 1978 modifi\u00e9e ainsi que les textes permettant leur mise en \u0153uvre.<br><br>Dans le cadre de l\u2019application\u00a0Cognivia App, cette derni\u00e8re est utilis\u00e9e de mani\u00e8re anonyme et aucune information utilisateur ne sera stock\u00e9e.<br><br>Cette Charte, accessible en ligne, est susceptible d\u2019\u00e9voluer \u00e0 tout moment. La date figurant en bas de page est la date de derni\u00e8re r\u00e9vision de la Charte. Aussi, pour une bonne compr\u00e9hension de l\u2019utilisation de vos donn\u00e9es \u00e0 caract\u00e8re personnel par notre Soci\u00e9t\u00e9, nous vous invitons \u00e0 consulter la version en ligne de mani\u00e8re r\u00e9guli\u00e8re et avant toute interaction avec nos services.<br><br>Publi\u00e9 le 8 octobre 2019.<\/p>\n","protected":false},"excerpt":{"rendered":"<p>THE CHARTER The processing of personal data is governed in particular by the provisions of European Regulation 2016\/679 of 27 April 2016, by Law 78-17<\/p>\n","protected":false},"author":11,"featured_media":0,"parent":0,"menu_order":0,"comment_status":"closed","ping_status":"closed","template":"","meta":{"_acf_changed":false,"_uag_custom_page_level_css":"","footnotes":""},"class_list":["post-4282","page","type-page","status-publish","hentry"],"acf":[],"yoast_head":"<!-- This site is optimized with the Yoast SEO plugin v23.4 - https:\/\/yoast.com\/wordpress\/plugins\/seo\/ -->\n<title>Cognivia App - Nexira<\/title>\n<meta name=\"description\" content=\"The processing of personal data is governed in particular by the provisions of European Regulation 2016\/679 of 27 April 2016, by Law 78-17 of 6 January 1978 as amended and by the texts enabling their implementation.\" \/>\n<meta name=\"robots\" content=\"index, follow, max-snippet:-1, max-image-preview:large, max-video-preview:-1\" \/>\n<link rel=\"canonical\" href=\"https:\/\/www.nexira.com\/cognivia-app-charter\/\" \/>\n<meta property=\"og:locale\" content=\"fr_FR\" \/>\n<meta property=\"og:type\" content=\"article\" \/>\n<meta property=\"og:title\" content=\"Cognivia App - Nexira\" \/>\n<meta property=\"og:description\" content=\"The processing of personal data is governed in particular by the provisions of European Regulation 2016\/679 of 27 April 2016, by Law 78-17 of 6 January 1978 as amended and by the texts enabling their implementation.\" \/>\n<meta property=\"og:url\" content=\"https:\/\/www.nexira.com\/cognivia-app-charter\/\" \/>\n<meta property=\"og:site_name\" content=\"Nexira\" \/>\n<meta property=\"article:modified_time\" content=\"2020-08-21T09:07:20+00:00\" \/>\n<meta name=\"twitter:card\" content=\"summary_large_image\" \/>\n<meta name=\"twitter:label1\" content=\"Dur\u00e9e de lecture estim\u00e9e\" \/>\n\t<meta name=\"twitter:data1\" content=\"1 minute\" \/>\n<script type=\"application\/ld+json\" class=\"yoast-schema-graph\">{\"@context\":\"https:\/\/schema.org\",\"@graph\":[{\"@type\":\"WebPage\",\"@id\":\"https:\/\/www.nexira.com\/cognivia-app-charter\/\",\"url\":\"https:\/\/www.nexira.com\/cognivia-app-charter\/\",\"name\":\"Cognivia App - Nexira\",\"isPartOf\":{\"@id\":\"https:\/\/www.nexira.com\/#website\"},\"datePublished\":\"2020-08-21T09:02:51+00:00\",\"dateModified\":\"2020-08-21T09:07:20+00:00\",\"description\":\"The processing of personal data is governed in particular by the provisions of European Regulation 2016\/679 of 27 April 2016, by Law 78-17 of 6 January 1978 as amended and by the texts enabling their implementation.\",\"breadcrumb\":{\"@id\":\"https:\/\/www.nexira.com\/cognivia-app-charter\/#breadcrumb\"},\"inLanguage\":\"fr-FR\",\"potentialAction\":[{\"@type\":\"ReadAction\",\"target\":[\"https:\/\/www.nexira.com\/cognivia-app-charter\/\"]}]},{\"@type\":\"BreadcrumbList\",\"@id\":\"https:\/\/www.nexira.com\/cognivia-app-charter\/#breadcrumb\",\"itemListElement\":[{\"@type\":\"ListItem\",\"position\":1,\"name\":\"Accueil\",\"item\":\"https:\/\/www.nexira.com\/\"},{\"@type\":\"ListItem\",\"position\":2,\"name\":\"Cognivia App\"}]},{\"@type\":\"WebSite\",\"@id\":\"https:\/\/www.nexira.com\/#website\",\"url\":\"https:\/\/www.nexira.com\/\",\"name\":\"Nexira\",\"description\":\"Innovation Inspired by Nature\",\"publisher\":{\"@id\":\"https:\/\/www.nexira.com\/#organization\"},\"potentialAction\":[{\"@type\":\"SearchAction\",\"target\":{\"@type\":\"EntryPoint\",\"urlTemplate\":\"https:\/\/www.nexira.com\/?s={search_term_string}\"},\"query-input\":{\"@type\":\"PropertyValueSpecification\",\"valueRequired\":true,\"valueName\":\"search_term_string\"}}],\"inLanguage\":\"fr-FR\"},{\"@type\":\"Organization\",\"@id\":\"https:\/\/www.nexira.com\/#organization\",\"name\":\"Nexira\",\"url\":\"https:\/\/www.nexira.com\/\",\"logo\":{\"@type\":\"ImageObject\",\"inLanguage\":\"fr-FR\",\"@id\":\"https:\/\/www.nexira.com\/#\/schema\/logo\/image\/\",\"url\":\"https:\/\/www.nexira.com\/wp-content\/uploads\/2020\/05\/logo-nexira.png\",\"contentUrl\":\"https:\/\/www.nexira.com\/wp-content\/uploads\/2020\/05\/logo-nexira.png\",\"width\":362,\"height\":94,\"caption\":\"Nexira\"},\"image\":{\"@id\":\"https:\/\/www.nexira.com\/#\/schema\/logo\/image\/\"}}]}<\/script>\n<!-- \/ Yoast SEO plugin. -->","yoast_head_json":{"title":"Cognivia App - Nexira","description":"The processing of personal data is governed in particular by the provisions of European Regulation 2016\/679 of 27 April 2016, by Law 78-17 of 6 January 1978 as amended and by the texts enabling their implementation.","robots":{"index":"index","follow":"follow","max-snippet":"max-snippet:-1","max-image-preview":"max-image-preview:large","max-video-preview":"max-video-preview:-1"},"canonical":"https:\/\/www.nexira.com\/cognivia-app-charter\/","og_locale":"fr_FR","og_type":"article","og_title":"Cognivia App - Nexira","og_description":"The processing of personal data is governed in particular by the provisions of European Regulation 2016\/679 of 27 April 2016, by Law 78-17 of 6 January 1978 as amended and by the texts enabling their implementation.","og_url":"https:\/\/www.nexira.com\/cognivia-app-charter\/","og_site_name":"Nexira","article_modified_time":"2020-08-21T09:07:20+00:00","twitter_card":"summary_large_image","twitter_misc":{"Dur\u00e9e de lecture estim\u00e9e":"1 minute"},"schema":{"@context":"https:\/\/schema.org","@graph":[{"@type":"WebPage","@id":"https:\/\/www.nexira.com\/cognivia-app-charter\/","url":"https:\/\/www.nexira.com\/cognivia-app-charter\/","name":"Cognivia App - Nexira","isPartOf":{"@id":"https:\/\/www.nexira.com\/#website"},"datePublished":"2020-08-21T09:02:51+00:00","dateModified":"2020-08-21T09:07:20+00:00","description":"The processing of personal data is governed in particular by the provisions of European Regulation 2016\/679 of 27 April 2016, by Law 78-17 of 6 January 1978 as amended and by the texts enabling their implementation.","breadcrumb":{"@id":"https:\/\/www.nexira.com\/cognivia-app-charter\/#breadcrumb"},"inLanguage":"fr-FR","potentialAction":[{"@type":"ReadAction","target":["https:\/\/www.nexira.com\/cognivia-app-charter\/"]}]},{"@type":"BreadcrumbList","@id":"https:\/\/www.nexira.com\/cognivia-app-charter\/#breadcrumb","itemListElement":[{"@type":"ListItem","position":1,"name":"Accueil","item":"https:\/\/www.nexira.com\/"},{"@type":"ListItem","position":2,"name":"Cognivia App"}]},{"@type":"WebSite","@id":"https:\/\/www.nexira.com\/#website","url":"https:\/\/www.nexira.com\/","name":"Nexira","description":"Innovation Inspired by Nature","publisher":{"@id":"https:\/\/www.nexira.com\/#organization"},"potentialAction":[{"@type":"SearchAction","target":{"@type":"EntryPoint","urlTemplate":"https:\/\/www.nexira.com\/?s={search_term_string}"},"query-input":{"@type":"PropertyValueSpecification","valueRequired":true,"valueName":"search_term_string"}}],"inLanguage":"fr-FR"},{"@type":"Organization","@id":"https:\/\/www.nexira.com\/#organization","name":"Nexira","url":"https:\/\/www.nexira.com\/","logo":{"@type":"ImageObject","inLanguage":"fr-FR","@id":"https:\/\/www.nexira.com\/#\/schema\/logo\/image\/","url":"https:\/\/www.nexira.com\/wp-content\/uploads\/2020\/05\/logo-nexira.png","contentUrl":"https:\/\/www.nexira.com\/wp-content\/uploads\/2020\/05\/logo-nexira.png","width":362,"height":94,"caption":"Nexira"},"image":{"@id":"https:\/\/www.nexira.com\/#\/schema\/logo\/image\/"}}]}},"uagb_featured_image_src":{"full":false,"thumbnail":false,"medium":false,"medium_large":false,"large":false,"1536x1536":false,"2048x2048":false,"full_width":false},"uagb_author_info":{"display_name":"Clara","author_link":"https:\/\/www.nexira.com\/fr\/author\/clara\/"},"uagb_comment_info":0,"uagb_excerpt":"THE CHARTER The processing of personal data is governed in particular by the provisions of European Regulation 2016\/679 of 27 April 2016, by Law 78-17","_links":{"self":[{"href":"https:\/\/www.nexira.com\/fr\/wp-json\/wp\/v2\/pages\/4282"}],"collection":[{"href":"https:\/\/www.nexira.com\/fr\/wp-json\/wp\/v2\/pages"}],"about":[{"href":"https:\/\/www.nexira.com\/fr\/wp-json\/wp\/v2\/types\/page"}],"author":[{"embeddable":true,"href":"https:\/\/www.nexira.com\/fr\/wp-json\/wp\/v2\/users\/11"}],"replies":[{"embeddable":true,"href":"https:\/\/www.nexira.com\/fr\/wp-json\/wp\/v2\/comments?post=4282"}],"version-history":[{"count":3,"href":"https:\/\/www.nexira.com\/fr\/wp-json\/wp\/v2\/pages\/4282\/revisions"}],"predecessor-version":[{"id":4286,"href":"https:\/\/www.nexira.com\/fr\/wp-json\/wp\/v2\/pages\/4282\/revisions\/4286"}],"wp:attachment":[{"href":"https:\/\/www.nexira.com\/fr\/wp-json\/wp\/v2\/media?parent=4282"}],"curies":[{"name":"wp","href":"https:\/\/api.w.org\/{rel}","templated":true}]}}